{"id":15820,"date":"2022-08-02T11:38:14","date_gmt":"2022-08-02T09:38:14","guid":{"rendered":"https:\/\/aureusdrive.ch\/saferpay-checkout\/"},"modified":"2023-02-17T17:11:39","modified_gmt":"2023-02-17T16:11:39","slug":"saferpay-checkout","status":"publish","type":"page","link":"https:\/\/aureusdrive.ch\/fr\/saferpay-checkout\/","title":{"rendered":"Saferpay Checkout"},"content":{"rendered":"D\u00e9sol\u00e9, donn\u00e9es invalides\n","protected":false},"excerpt":{"rendered":"","protected":false},"author":2,"featured_media":0,"parent":0,"menu_order":0,"comment_status":"closed","ping_status":"closed","template":"","meta":{"_acf_changed":false,"_kad_blocks_custom_css":"","_kad_blocks_head_custom_js":"","_kad_blocks_body_custom_js":"","_kad_blocks_footer_custom_js":"","_kad_post_transparent":"","_kad_post_title":"","_kad_post_layout":"","_kad_post_sidebar_id":"","_kad_post_content_style":"","_kad_post_vertical_padding":"","_kad_post_feature":"","_kad_post_feature_position":"","_kad_post_header":false,"_kad_post_footer":false,"_kad_post_classname":"","footnotes":""},"class_list":["post-15820","page","type-page","status-publish","hentry"],"acf":[],"taxonomy_info":[],"featured_image_src_large":false,"author_info":{"display_name":"andreas","author_link":"https:\/\/aureusdrive.ch\/fr\/author\/andreas\/"},"comment_info":0,"_links":{"self":[{"href":"https:\/\/aureusdrive.ch\/fr\/wp-json\/wp\/v2\/pages\/15820","targetHints":{"allow":["GET"]}}],"collection":[{"href":"https:\/\/aureusdrive.ch\/fr\/wp-json\/wp\/v2\/pages"}],"about":[{"href":"https:\/\/aureusdrive.ch\/fr\/wp-json\/wp\/v2\/types\/page"}],"author":[{"embeddable":true,"href":"https:\/\/aureusdrive.ch\/fr\/wp-json\/wp\/v2\/users\/2"}],"replies":[{"embeddable":true,"href":"https:\/\/aureusdrive.ch\/fr\/wp-json\/wp\/v2\/comments?post=15820"}],"version-history":[{"count":1,"href":"https:\/\/aureusdrive.ch\/fr\/wp-json\/wp\/v2\/pages\/15820\/revisions"}],"predecessor-version":[{"id":16985,"href":"https:\/\/aureusdrive.ch\/fr\/wp-json\/wp\/v2\/pages\/15820\/revisions\/16985"}],"wp:attachment":[{"href":"https:\/\/aureusdrive.ch\/fr\/wp-json\/wp\/v2\/media?parent=15820"}],"curies":[{"name":"wp","href":"https:\/\/api.w.org\/{rel}","templated":true}]}}