{"id":13398,"date":"2022-12-30T12:22:30","date_gmt":"2022-12-30T11:22:30","guid":{"rendered":"https:\/\/neu.aureusdrive.ch\/produkt\/chargeur-aureusdrive-3a\/"},"modified":"2024-04-11T17:23:20","modified_gmt":"2024-04-11T15:23:20","slug":"chargeur-aureusdrive-3a","status":"publish","type":"product","link":"https:\/\/aureusdrive.ch\/fr\/produit\/chargeur-aureusdrive-3a\/","title":{"rendered":"Chargeur AureusDrive 3A"},"content":{"rendered":"","protected":false},"excerpt":{"rendered":"<p>Vous avez besoin d&#8217;un deuxi\u00e8me chargeur pour le travail ?<br \/>\nAlors ceci est fait pour vous.<\/p>\n<p>Le chargeur 3A d&#8217;AureusDrive peut \u00eatre utilis\u00e9 pour tous les v\u00e9los \u00e9lectriques d&#8217;AureusDrive.<\/p>\n","protected":false},"featured_media":33111,"template":"","meta":{"_acf_changed":false,"_kad_blocks_custom_css":"","_kad_blocks_head_custom_js":"","_kad_blocks_body_custom_js":"","_kad_blocks_footer_custom_js":"","_kad_post_transparent":"default","_kad_post_title":"","_kad_post_layout":"default","_kad_post_sidebar_id":"","_kad_post_content_style":"default","_kad_post_vertical_padding":"default","_kad_post_feature":"","_kad_post_feature_position":"","_kad_post_header":false,"_kad_post_footer":false,"_kad_post_classname":"","wds_primary_product_brand":0,"wds_primary_product_cat":0},"product_brand":[],"product_cat":[927,47,930,932],"product_tag":[],"class_list":{"0":"post-13398","1":"product","2":"type-product","3":"status-publish","4":"has-post-thumbnail","6":"product_cat-accessoires","7":"product_cat-accessoires-pour-l-e-bike","8":"product_cat-batterie","9":"product_cat-divers","10":"product_shipping_class-classe-dexpedition-accessoires","12":"first","13":"instock","14":"taxable","15":"shipping-taxable","16":"purchasable","17":"product-type-simple","18":"entry","19":"content-bg","20":"loop-entry"},"bundled_by":[],"bundle_stock_status":"instock","bundle_stock_quantity":11,"bundle_virtual":false,"bundle_layout":"","bundle_add_to_cart_form_location":"","bundle_editable_in_cart":false,"bundle_sold_individually_context":"","bundle_item_grouping":"","bundle_min_size":"","bundle_max_size":"","bundle_price":[],"bundled_items":[],"bundle_sell_ids":[],"acf":[],"taxonomy_info":{"product_cat":[{"value":927,"label":"Accessoires"},{"value":47,"label":"Accessoires pour l'e-bike"},{"value":930,"label":"Batteries"},{"value":932,"label":"Divers"}]},"featured_image_src_large":["https:\/\/aureusdrive.ch\/wp-content\/uploads\/2022\/12\/AureusDrive-Akkuladegeraet-1024x1024.webp",1024,1024,true],"author_info":[],"comment_info":"","_links":{"self":[{"href":"https:\/\/aureusdrive.ch\/fr\/wp-json\/wp\/v2\/product\/13398","targetHints":{"allow":["GET"]}}],"collection":[{"href":"https:\/\/aureusdrive.ch\/fr\/wp-json\/wp\/v2\/product"}],"about":[{"href":"https:\/\/aureusdrive.ch\/fr\/wp-json\/wp\/v2\/types\/product"}],"wp:featuredmedia":[{"embeddable":true,"href":"https:\/\/aureusdrive.ch\/fr\/wp-json\/wp\/v2\/media\/33111"}],"wp:attachment":[{"href":"https:\/\/aureusdrive.ch\/fr\/wp-json\/wp\/v2\/media?parent=13398"}],"wp:term":[{"taxonomy":"product_brand","embeddable":true,"href":"https:\/\/aureusdrive.ch\/fr\/wp-json\/wp\/v2\/product_brand?post=13398"},{"taxonomy":"product_cat","embeddable":true,"href":"https:\/\/aureusdrive.ch\/fr\/wp-json\/wp\/v2\/product_cat?post=13398"},{"taxonomy":"product_tag","embeddable":true,"href":"https:\/\/aureusdrive.ch\/fr\/wp-json\/wp\/v2\/product_tag?post=13398"}],"curies":[{"name":"wp","href":"https:\/\/api.w.org\/{rel}","templated":true}]}}