{"id":13427,"date":"2022-12-29T16:39:26","date_gmt":"2022-12-29T15:39:26","guid":{"rendered":"https:\/\/neu.aureusdrive.ch\/produkt\/antivol-pliable-abus-bordo-combo-6000c-90-code-avec-support\/"},"modified":"2023-01-26T01:07:55","modified_gmt":"2023-01-26T00:07:55","slug":"abus-serrure-pliante-bordo-combo-6000c-90-code-avec-support","status":"publish","type":"product","link":"https:\/\/aureusdrive.ch\/fr\/produit\/abus-serrure-pliante-bordo-combo-6000c-90-code-avec-support\/","title":{"rendered":"Antivol pliable Abus Bordo Combo 6000C\/90 Code avec support"},"content":{"rendered":"<p>Niveau de s\u00e9curit\u00e9 10<br \/>\ncouleur black<br \/>\nNom du produit Antivol pliable<br \/>\nMarque Abus<br \/>\nSupport avec support SH 6000\/90<br \/>\npoids 1050 g<br \/>\nD\u00e9signation abr\u00e9g\u00e9e Bordo Combo 6000C<br \/>\nlongueur 90 cm<br \/>\nConvient \u00e0 tous les v\u00e9los \u00e9lectriques AureusDrive<\/p>\n","protected":false},"excerpt":{"rendered":"<p>Niveau de s\u00e9curit\u00e9 10 couleur black Nom du produit Antivol pliable Marque Abus Support avec support SH 6000\/90 poids 1050 g D\u00e9signation abr\u00e9g\u00e9e Bordo Combo 6000C longueur 90 cm Convient \u00e0 tous les v\u00e9los \u00e9lectriques AureusDrive<\/p>\n","protected":false},"featured_media":0,"template":"","meta":{"_acf_changed":false,"_kad_blocks_custom_css":"","_kad_blocks_head_custom_js":"","_kad_blocks_body_custom_js":"","_kad_blocks_footer_custom_js":"","_kad_post_transparent":"","_kad_post_title":"","_kad_post_layout":"","_kad_post_sidebar_id":"","_kad_post_content_style":"","_kad_post_vertical_padding":"","_kad_post_feature":"","_kad_post_feature_position":"","_kad_post_header":false,"_kad_post_footer":false,"_kad_post_classname":"","wds_primary_product_brand":0,"wds_primary_product_cat":0},"product_brand":[],"product_cat":[47],"product_tag":[],"class_list":{"0":"post-13427","1":"product","2":"type-product","3":"status-publish","5":"product_cat-accessoires-pour-l-e-bike","6":"product_shipping_class-classe-dexpedition-accessoires","8":"first","9":"instock","10":"taxable","11":"shipping-taxable","12":"purchasable","13":"product-type-simple","14":"entry","15":"content-bg","16":"loop-entry"},"bundled_by":[],"bundle_stock_status":"instock","bundle_stock_quantity":4,"bundle_virtual":false,"bundle_layout":"","bundle_add_to_cart_form_location":"","bundle_editable_in_cart":false,"bundle_sold_individually_context":"","bundle_item_grouping":"","bundle_min_size":"","bundle_max_size":"","bundle_price":[],"bundled_items":[],"bundle_sell_ids":[],"acf":[],"taxonomy_info":{"product_cat":[{"value":47,"label":"Accessoires pour l'e-bike"}]},"featured_image_src_large":false,"author_info":[],"comment_info":"","_links":{"self":[{"href":"https:\/\/aureusdrive.ch\/fr\/wp-json\/wp\/v2\/product\/13427","targetHints":{"allow":["GET"]}}],"collection":[{"href":"https:\/\/aureusdrive.ch\/fr\/wp-json\/wp\/v2\/product"}],"about":[{"href":"https:\/\/aureusdrive.ch\/fr\/wp-json\/wp\/v2\/types\/product"}],"wp:attachment":[{"href":"https:\/\/aureusdrive.ch\/fr\/wp-json\/wp\/v2\/media?parent=13427"}],"wp:term":[{"taxonomy":"product_brand","embeddable":true,"href":"https:\/\/aureusdrive.ch\/fr\/wp-json\/wp\/v2\/product_brand?post=13427"},{"taxonomy":"product_cat","embeddable":true,"href":"https:\/\/aureusdrive.ch\/fr\/wp-json\/wp\/v2\/product_cat?post=13427"},{"taxonomy":"product_tag","embeddable":true,"href":"https:\/\/aureusdrive.ch\/fr\/wp-json\/wp\/v2\/product_tag?post=13427"}],"curies":[{"name":"wp","href":"https:\/\/api.w.org\/{rel}","templated":true}]}}