{"id":13446,"date":"2022-12-29T15:32:26","date_gmt":"2022-12-29T14:32:26","guid":{"rendered":"https:\/\/neu.aureusdrive.ch\/produkt\/support-pour-smartphone-bike-tie-connect-kit-4-7-a-7-2-85g\/"},"modified":"2025-07-14T14:59:00","modified_gmt":"2025-07-14T12:59:00","slug":"smartphonehalter-bike-tie-connect-kit-4-7-bis-7-2-85g","status":"publish","type":"product","link":"https:\/\/aureusdrive.ch\/fr\/produit\/smartphonehalter-bike-tie-connect-kit-4-7-bis-7-2-85g\/","title":{"rendered":"Support pour smartphone, Bike Tie Connect Kit 4.7&#8243; \u00e0 7.2&#8243; 85g"},"content":{"rendered":"<p>Le Bike Tie Connect Kit est une solution compl\u00e8te et innovante pour fixer un smartphone sur le guidon ou la potence d&#8217;un v\u00e9lo. La base convient \u00e0 diff\u00e9rents diam\u00e8tres de tube de 22 mm \u00e0 47 mm et ne n\u00e9cessite aucun outil pour un montage et un d\u00e9montage rapides. <\/p>\n<p>Le solide support Phone Tie Connect fourni est utilis\u00e9 pour monter rapidement sur la base des smartphones de 4,7 pouces (env. 10 cm) \u00e0 7,2 pouces (env. 18 cm). Il est possible d&#8217;orienter le smartphone horizontalement ou verticalement. Le Tie Strap sert en option de s\u00e9curit\u00e9 suppl\u00e9mentaire contre la perte. Le mat\u00e9riau en silicone est flexible, durable, facile \u00e0 nettoyer, \u00e9cologique et facile \u00e0 recycler.   <\/p>\n","protected":false},"excerpt":{"rendered":"<ul>\n<li>Enregistrement : compatible avec Garmin<\/li>\n<li>Mat\u00e9riau : silicone, <span style=\"font-family: var(--global-body-font-family);\">enti\u00e8rement lavable<\/span><\/li>\n<li>Poids : 85 g<\/li>\n<li>couleur : noir<\/li>\n<li>Taille : smartphones de 4,7&#8243; (env. 10 cm) \u00e0 7,2&#8243; (env. 18 cm)<\/li>\n<\/ul>\n","protected":false},"featured_media":33135,"template":"","meta":{"_acf_changed":false,"_kad_blocks_custom_css":"","_kad_blocks_head_custom_js":"","_kad_blocks_body_custom_js":"","_kad_blocks_footer_custom_js":"","_kad_post_transparent":"default","_kad_post_title":"","_kad_post_layout":"default","_kad_post_sidebar_id":"","_kad_post_content_style":"default","_kad_post_vertical_padding":"default","_kad_post_feature":"","_kad_post_feature_position":"","_kad_post_header":false,"_kad_post_footer":false,"_kad_post_classname":"","wds_primary_product_brand":0,"wds_primary_product_cat":0},"product_brand":[],"product_cat":[927,47,932],"product_tag":[],"class_list":{"0":"post-13446","1":"product","2":"type-product","3":"status-publish","4":"has-post-thumbnail","6":"product_cat-accessoires","7":"product_cat-accessoires-pour-l-e-bike","8":"product_cat-divers","9":"product_shipping_class-classe-dexpedition-accessoires","11":"first","12":"instock","13":"taxable","14":"shipping-taxable","15":"purchasable","16":"product-type-simple","17":"entry","18":"content-bg","19":"loop-entry"},"bundled_by":[],"bundle_stock_status":"instock","bundle_stock_quantity":0,"bundle_virtual":false,"bundle_layout":"","bundle_add_to_cart_form_location":"","bundle_editable_in_cart":false,"bundle_sold_individually_context":"","bundle_item_grouping":"","bundle_min_size":"","bundle_max_size":"","bundle_price":[],"bundled_items":[],"bundle_sell_ids":[],"acf":[],"taxonomy_info":{"product_cat":[{"value":927,"label":"Accessoires"},{"value":47,"label":"Accessoires pour l'e-bike"},{"value":932,"label":"Divers"}]},"featured_image_src_large":["https:\/\/aureusdrive.ch\/wp-content\/uploads\/2022\/12\/Smartphonehalter-Bike-Tie-Connect-Kit-4.7\u2033-bis-7.2\u2033-1024x1024.webp",1024,1024,true],"author_info":[],"comment_info":"","_links":{"self":[{"href":"https:\/\/aureusdrive.ch\/fr\/wp-json\/wp\/v2\/product\/13446","targetHints":{"allow":["GET"]}}],"collection":[{"href":"https:\/\/aureusdrive.ch\/fr\/wp-json\/wp\/v2\/product"}],"about":[{"href":"https:\/\/aureusdrive.ch\/fr\/wp-json\/wp\/v2\/types\/product"}],"wp:featuredmedia":[{"embeddable":true,"href":"https:\/\/aureusdrive.ch\/fr\/wp-json\/wp\/v2\/media\/33135"}],"wp:attachment":[{"href":"https:\/\/aureusdrive.ch\/fr\/wp-json\/wp\/v2\/media?parent=13446"}],"wp:term":[{"taxonomy":"product_brand","embeddable":true,"href":"https:\/\/aureusdrive.ch\/fr\/wp-json\/wp\/v2\/product_brand?post=13446"},{"taxonomy":"product_cat","embeddable":true,"href":"https:\/\/aureusdrive.ch\/fr\/wp-json\/wp\/v2\/product_cat?post=13446"},{"taxonomy":"product_tag","embeddable":true,"href":"https:\/\/aureusdrive.ch\/fr\/wp-json\/wp\/v2\/product_tag?post=13446"}],"curies":[{"name":"wp","href":"https:\/\/api.w.org\/{rel}","templated":true}]}}