{"id":13453,"date":"2022-12-29T15:33:26","date_gmt":"2022-12-29T14:33:26","guid":{"rendered":"https:\/\/neu.aureusdrive.ch\/produkt\/selle-terry-anatomica-flex-gel-lady-avec-ouverture-noir\/"},"modified":"2025-07-18T14:56:08","modified_gmt":"2025-07-18T12:56:08","slug":"selle-terry-anatomica-flex-gel-lady-avec-ouverture-noire","status":"publish","type":"product","link":"https:\/\/aureusdrive.ch\/fr\/produit\/selle-terry-anatomica-flex-gel-lady-avec-ouverture-noire\/","title":{"rendered":"Selle Terry Anatomica Flex Gel Lady avec ouverture noir"},"content":{"rendered":"<p>Anatomica Flex Gel Women &#8211; Le confort sur un nuage pour chaque trajet. La selle Anatomica Flex Gel Women associe un confort maximal et un design ergonomique, sp\u00e9cialement adapt\u00e9 aux femmes. La selle confort 3 zones avec un rembourrage en mousse souple haute performance et un coussin en gel offre une assise agr\u00e9able pour les trajets en ville et les longues randonn\u00e9es. L&#8217;ouverture de d\u00e9charge de forme sp\u00e9ciale r\u00e9duit les points de pression et pr\u00e9vient les engourdissements dans les parties intimes f\u00e9minines, tandis que les amortisseurs microcellulaires Cellasto de BASF assurent une conduite respectueuse du dos, m\u00eame sur les routes cahoteuses. Gr\u00e2ce au principe de confort \u00e0 3 zones, la selle s&#8217;adapte parfaitement aux os du si\u00e8ge, r\u00e9partit uniform\u00e9ment la pression et permet ainsi une position assise droite et d\u00e9tendue. Les coussinets en gel et les amortisseurs compl\u00e8tent le rembourrage afin d&#8217;absorber au mieux les chocs &#8211; parfait pour les v\u00e9los \u00e9lectriques, m\u00eame avec un acc\u00e8s bas.<\/p>\n","protected":false},"excerpt":{"rendered":"<ul>\n<li>Sexe : Femme<\/li>\n<li>Marque : Terry<\/li>\n<li>Rembourrage : Comfort Foam &amp; Gel<\/li>\n<li>Amortisseur : Cellasto<\/li>\n<li>Longueur : 266 mm<\/li>\n<li>Largeur : 220 mm<\/li>\n<li>Mat\u00e9riau : WeatherMax DuraSilk<\/li>\n<li>Largeur de l&#8217;assise : 12-15 cm<\/li>\n<li>couleur : noir<\/li>\n<li>Structure : acier Light FeC<\/li>\n<li>charge maximale : 140 kg<\/li>\n<\/ul>\n","protected":false},"featured_media":33131,"template":"","meta":{"_acf_changed":false,"_kad_blocks_custom_css":"","_kad_blocks_head_custom_js":"","_kad_blocks_body_custom_js":"","_kad_blocks_footer_custom_js":"","_kad_post_transparent":"default","_kad_post_title":"","_kad_post_layout":"default","_kad_post_sidebar_id":"","_kad_post_content_style":"default","_kad_post_vertical_padding":"default","_kad_post_feature":"","_kad_post_feature_position":"","_kad_post_header":false,"_kad_post_footer":false,"_kad_post_classname":"","wds_primary_product_brand":0,"wds_primary_product_cat":0},"product_brand":[],"product_cat":[927,49,931],"product_tag":[],"class_list":{"0":"post-13453","1":"product","2":"type-product","3":"status-publish","4":"has-post-thumbnail","6":"product_cat-accessoires","7":"product_cat-selle-e-bike","8":"product_cat-selle","9":"product_shipping_class-classe-dexpedition-accessoires","11":"first","12":"instock","13":"taxable","14":"shipping-taxable","15":"purchasable","16":"product-type-simple","17":"entry","18":"content-bg","19":"loop-entry"},"bundled_by":[],"bundle_stock_status":"instock","bundle_stock_quantity":3,"bundle_virtual":false,"bundle_layout":"","bundle_add_to_cart_form_location":"","bundle_editable_in_cart":false,"bundle_sold_individually_context":"","bundle_item_grouping":"","bundle_min_size":"","bundle_max_size":"","bundle_price":[],"bundled_items":[],"bundle_sell_ids":[],"acf":[],"taxonomy_info":{"product_cat":[{"value":927,"label":"Accessoires"},{"value":49,"label":"Selle"},{"value":931,"label":"Selles"}]},"featured_image_src_large":["https:\/\/aureusdrive.ch\/wp-content\/uploads\/2022\/12\/Terry-Sattel-Anatomica-Flex-Gel-Lady-mit-Oeffnung-schwarz-1024x1024.webp",1024,1024,true],"author_info":[],"comment_info":"","_links":{"self":[{"href":"https:\/\/aureusdrive.ch\/fr\/wp-json\/wp\/v2\/product\/13453","targetHints":{"allow":["GET"]}}],"collection":[{"href":"https:\/\/aureusdrive.ch\/fr\/wp-json\/wp\/v2\/product"}],"about":[{"href":"https:\/\/aureusdrive.ch\/fr\/wp-json\/wp\/v2\/types\/product"}],"wp:featuredmedia":[{"embeddable":true,"href":"https:\/\/aureusdrive.ch\/fr\/wp-json\/wp\/v2\/media\/33131"}],"wp:attachment":[{"href":"https:\/\/aureusdrive.ch\/fr\/wp-json\/wp\/v2\/media?parent=13453"}],"wp:term":[{"taxonomy":"product_brand","embeddable":true,"href":"https:\/\/aureusdrive.ch\/fr\/wp-json\/wp\/v2\/product_brand?post=13453"},{"taxonomy":"product_cat","embeddable":true,"href":"https:\/\/aureusdrive.ch\/fr\/wp-json\/wp\/v2\/product_cat?post=13453"},{"taxonomy":"product_tag","embeddable":true,"href":"https:\/\/aureusdrive.ch\/fr\/wp-json\/wp\/v2\/product_tag?post=13453"}],"curies":[{"name":"wp","href":"https:\/\/api.w.org\/{rel}","templated":true}]}}