{"id":13516,"date":"2022-12-29T15:11:21","date_gmt":"2022-12-29T14:11:21","guid":{"rendered":"https:\/\/neu.aureusdrive.ch\/produkt\/mini-pompe-sks-twinjex\/"},"modified":"2024-11-11T13:32:09","modified_gmt":"2024-11-11T12:32:09","slug":"sks-minipompe-twinjex","status":"publish","type":"product","link":"https:\/\/aureusdrive.ch\/fr\/produit\/sks-minipompe-twinjex\/","title":{"rendered":"Mini-pompe SKS Twinjex"},"content":{"rendered":"<p>La mini-pompe SKS TWINJEX est le compagnon id\u00e9al de toute sortie \u00e0 v\u00e9lo. Avec son niveau de haute pression activable et son raccord de valve universel MULTI VALVE, cette pompe haute performance fournit un volume impressionnant par course pour sa taille et ma\u00eetrise tous les types de valve courants, qu&#8217;ils soient AV, SV ou DV. Gr\u00e2ce aux poign\u00e9es ergonomiques avec zones caoutchout\u00e9es, la pompe est s\u00fbre et agr\u00e9able \u00e0 tenir, ce qui facilite le gonflage. Pour plus de confort et d&#8217;efficacit\u00e9, la fonction t\u00e9lescopique peut \u00eatre activ\u00e9e pour atteindre un grand volume ou gonfler les pneus \u00e0 une pression maximale de 10 bars (144 PSI). Un levier de serrage pratique permet de maintenir la valve en place, ce qui rend le gonflage fiable et facile. Fabriqu\u00e9 en Allemagne en plastique de haute qualit\u00e9, le TWINJEX a une longueur de 252 mm et ne p\u00e8se que 166 g. Robuste, polyvalente et ergonomique, cette pompe est un must pour vos d\u00e9placements. <\/p>\n","protected":false},"excerpt":{"rendered":"<ul>\n<li>Poign\u00e9e ergonomique<\/li>\n<li>Levier de serrage<\/li>\n<li>Fabriqu\u00e9 en Allemagne<\/li>\n<li>Longueur : 252 mm<\/li>\n<li>Tube de v\u00e9rin : plastique<\/li>\n<li>Poign\u00e9e : plastique<\/li>\n<li>couleur : noir<\/li>\n<li>Poids : 166 g<\/li>\n<li>MULTI VALVE Raccord de vanne<\/li>\n<li>Raccord de vanne : AV, SV, DV<\/li>\n<li>Max. Pression : 10 bar \/ 144 PSI <\/li>\n<\/ul>\n","protected":false},"featured_media":33250,"template":"","meta":{"_acf_changed":false,"_kad_blocks_custom_css":"","_kad_blocks_head_custom_js":"","_kad_blocks_body_custom_js":"","_kad_blocks_footer_custom_js":"","_kad_post_transparent":"default","_kad_post_title":"","_kad_post_layout":"default","_kad_post_sidebar_id":"","_kad_post_content_style":"default","_kad_post_vertical_padding":"default","_kad_post_feature":"","_kad_post_feature_position":"","_kad_post_header":false,"_kad_post_footer":false,"_kad_post_classname":"","wds_primary_product_brand":0,"wds_primary_product_cat":0},"product_brand":[],"product_cat":[927,47,932],"product_tag":[],"class_list":{"0":"post-13516","1":"product","2":"type-product","3":"status-publish","4":"has-post-thumbnail","6":"product_cat-accessoires","7":"product_cat-accessoires-pour-l-e-bike","8":"product_cat-divers","9":"product_shipping_class-classe-dexpedition-accessoires","11":"first","12":"instock","13":"taxable","14":"shipping-taxable","15":"purchasable","16":"product-type-simple","17":"entry","18":"content-bg","19":"loop-entry"},"bundled_by":[],"bundle_stock_status":"instock","bundle_stock_quantity":6,"bundle_virtual":false,"bundle_layout":"","bundle_add_to_cart_form_location":"","bundle_editable_in_cart":false,"bundle_sold_individually_context":"","bundle_item_grouping":"","bundle_min_size":"","bundle_max_size":"","bundle_price":[],"bundled_items":[],"bundle_sell_ids":[],"acf":[],"taxonomy_info":{"product_cat":[{"value":927,"label":"Accessoires"},{"value":47,"label":"Accessoires pour l'e-bike"},{"value":932,"label":"Divers"}]},"featured_image_src_large":["https:\/\/aureusdrive.ch\/wp-content\/uploads\/2022\/12\/SKS-Minipumpe-Twinjex-1024x1024.webp",1024,1024,true],"author_info":[],"comment_info":"","_links":{"self":[{"href":"https:\/\/aureusdrive.ch\/fr\/wp-json\/wp\/v2\/product\/13516","targetHints":{"allow":["GET"]}}],"collection":[{"href":"https:\/\/aureusdrive.ch\/fr\/wp-json\/wp\/v2\/product"}],"about":[{"href":"https:\/\/aureusdrive.ch\/fr\/wp-json\/wp\/v2\/types\/product"}],"wp:featuredmedia":[{"embeddable":true,"href":"https:\/\/aureusdrive.ch\/fr\/wp-json\/wp\/v2\/media\/33250"}],"wp:attachment":[{"href":"https:\/\/aureusdrive.ch\/fr\/wp-json\/wp\/v2\/media?parent=13516"}],"wp:term":[{"taxonomy":"product_brand","embeddable":true,"href":"https:\/\/aureusdrive.ch\/fr\/wp-json\/wp\/v2\/product_brand?post=13516"},{"taxonomy":"product_cat","embeddable":true,"href":"https:\/\/aureusdrive.ch\/fr\/wp-json\/wp\/v2\/product_cat?post=13516"},{"taxonomy":"product_tag","embeddable":true,"href":"https:\/\/aureusdrive.ch\/fr\/wp-json\/wp\/v2\/product_tag?post=13516"}],"curies":[{"name":"wp","href":"https:\/\/api.w.org\/{rel}","templated":true}]}}