{"id":14712,"date":"2023-01-12T14:06:18","date_gmt":"2023-01-12T13:06:18","guid":{"rendered":"https:\/\/aureusdrive.ch\/produkt\/motorex-chainlube-allround-huile-pour-chaine-bouteille-100-ml\/"},"modified":"2023-12-15T08:21:42","modified_gmt":"2023-12-15T07:21:42","slug":"motorex-chainlube-allround-chaine-oil-bouteille-100-ml","status":"publish","type":"product","link":"https:\/\/aureusdrive.ch\/fr\/produit\/motorex-chainlube-allround-chaine-oil-bouteille-100-ml\/","title":{"rendered":"Motorex Chainlube ALLROUND huile pour cha\u00eene bouteille 100 ml"},"content":{"rendered":"<p>Marque Motorex<br \/>\nD\u00e9signation du produit Huile pour cha\u00eene<br \/>\nR\u00e9cipient Bouteille<br \/>\nD\u00e9signation abr\u00e9g\u00e9e Chainlube ALLROUND<\/p>\n","protected":false},"excerpt":{"rendered":"<p>Marque Motorex D\u00e9signation du produit Huile pour cha\u00eene R\u00e9cipient Bouteille D\u00e9signation abr\u00e9g\u00e9e Chainlube ALLROUND<\/p>\n","protected":false},"featured_media":0,"template":"","meta":{"_acf_changed":false,"_kad_blocks_custom_css":"","_kad_blocks_head_custom_js":"","_kad_blocks_body_custom_js":"","_kad_blocks_footer_custom_js":"","_kad_post_transparent":"default","_kad_post_title":"","_kad_post_layout":"default","_kad_post_sidebar_id":"","_kad_post_content_style":"default","_kad_post_vertical_padding":"default","_kad_post_feature":"","_kad_post_feature_position":"","_kad_post_header":false,"_kad_post_footer":false,"_kad_post_classname":"","wds_primary_product_brand":0,"wds_primary_product_cat":0},"product_brand":[],"product_cat":[47],"product_tag":[],"class_list":{"0":"post-14712","1":"product","2":"type-product","3":"status-publish","5":"product_cat-accessoires-pour-l-e-bike","6":"product_shipping_class-classe-dexpedition-accessoires","8":"first","9":"instock","10":"taxable","11":"shipping-taxable","12":"purchasable","13":"product-type-simple","14":"entry","15":"content-bg","16":"loop-entry"},"bundled_by":[],"bundle_stock_status":"instock","bundle_stock_quantity":12,"bundle_virtual":false,"bundle_layout":"","bundle_add_to_cart_form_location":"","bundle_editable_in_cart":false,"bundle_sold_individually_context":"","bundle_item_grouping":"","bundle_min_size":"","bundle_max_size":"","bundle_price":[],"bundled_items":[],"bundle_sell_ids":[],"acf":[],"taxonomy_info":{"product_cat":[{"value":47,"label":"Accessoires pour l'e-bike"}]},"featured_image_src_large":false,"author_info":[],"comment_info":"","_links":{"self":[{"href":"https:\/\/aureusdrive.ch\/fr\/wp-json\/wp\/v2\/product\/14712","targetHints":{"allow":["GET"]}}],"collection":[{"href":"https:\/\/aureusdrive.ch\/fr\/wp-json\/wp\/v2\/product"}],"about":[{"href":"https:\/\/aureusdrive.ch\/fr\/wp-json\/wp\/v2\/types\/product"}],"wp:attachment":[{"href":"https:\/\/aureusdrive.ch\/fr\/wp-json\/wp\/v2\/media?parent=14712"}],"wp:term":[{"taxonomy":"product_brand","embeddable":true,"href":"https:\/\/aureusdrive.ch\/fr\/wp-json\/wp\/v2\/product_brand?post=14712"},{"taxonomy":"product_cat","embeddable":true,"href":"https:\/\/aureusdrive.ch\/fr\/wp-json\/wp\/v2\/product_cat?post=14712"},{"taxonomy":"product_tag","embeddable":true,"href":"https:\/\/aureusdrive.ch\/fr\/wp-json\/wp\/v2\/product_tag?post=14712"}],"curies":[{"name":"wp","href":"https:\/\/api.w.org\/{rel}","templated":true}]}}