{"id":15751,"date":"2023-01-26T11:22:20","date_gmt":"2023-01-26T10:22:20","guid":{"rendered":"https:\/\/aureusdrive.ch\/produkt\/casque-abus-hyban-2-0-ace-signal-yellow\/"},"modified":"2023-12-15T08:18:11","modified_gmt":"2023-12-15T07:18:11","slug":"abus-helm-hyban-2-0-ace-signal-yellow","status":"publish","type":"product","link":"https:\/\/aureusdrive.ch\/fr\/produit\/abus-helm-hyban-2-0-ace-signal-yellow\/","title":{"rendered":"Casque Abus HYBAN 2.0 ACE Signal Yellow"},"content":{"rendered":"<p>Avec le Hyban 2.0 ACE, le vent frais et les insectes g\u00eanants appartiennent au pass\u00e9. Il suffit d&#8217;abaisser la visi\u00e8re ext\u00e9rieure de grande taille et de profiter d&#8217;une vue d\u00e9gag\u00e9e sans vent dans les yeux. Les topgrids int\u00e9gr\u00e9s, qui peuvent \u00eatre retir\u00e9s ou chang\u00e9s de couleur au choix, prot\u00e8gent en outre la t\u00eate du vent frais de la route, de la pluie ou des insectes.<\/p>\n","protected":false},"excerpt":{"rendered":"<p>Avec le Hyban 2.0 ACE, le vent frais et les insectes g\u00eanants appartiennent au pass\u00e9. Il suffit d&#8217;abaisser la visi\u00e8re ext\u00e9rieure de grande taille et de profiter d&#8217;une vue d\u00e9gag\u00e9e sans vent dans les yeux. Les topgrids int\u00e9gr\u00e9s, qui peuvent \u00eatre retir\u00e9s ou chang\u00e9s de couleur au choix, prot\u00e8gent en outre la t\u00eate du vent&#8230;<\/p>\n","protected":false},"featured_media":0,"template":"","meta":{"_acf_changed":false,"_kad_blocks_custom_css":"","_kad_blocks_head_custom_js":"","_kad_blocks_body_custom_js":"","_kad_blocks_footer_custom_js":"","_kad_post_transparent":"default","_kad_post_title":"","_kad_post_layout":"default","_kad_post_sidebar_id":"","_kad_post_content_style":"default","_kad_post_vertical_padding":"default","_kad_post_feature":"","_kad_post_feature_position":"","_kad_post_header":false,"_kad_post_footer":false,"_kad_post_classname":"","wds_primary_product_brand":0,"wds_primary_product_cat":0},"product_brand":[],"product_cat":[48],"product_tag":[],"class_list":{"0":"post-15751","1":"product","2":"type-product","3":"status-publish","5":"product_cat-casques-de-velo","6":"product_shipping_class-classe-dexpedition-accessoires","8":"first","9":"instock","10":"taxable","11":"shipping-taxable","12":"product-type-variable","13":"entry","14":"content-bg","15":"loop-entry"},"bundled_by":[],"bundle_stock_status":"instock","bundle_stock_quantity":2,"bundle_virtual":false,"bundle_layout":"","bundle_add_to_cart_form_location":"","bundle_editable_in_cart":false,"bundle_sold_individually_context":"","bundle_item_grouping":"","bundle_min_size":"","bundle_max_size":"","bundle_price":[],"bundled_items":[],"bundle_sell_ids":[],"acf":[],"taxonomy_info":{"product_cat":[{"value":48,"label":"Casques de v\u00e9lo"}]},"featured_image_src_large":false,"author_info":[],"comment_info":"","_links":{"self":[{"href":"https:\/\/aureusdrive.ch\/fr\/wp-json\/wp\/v2\/product\/15751","targetHints":{"allow":["GET"]}}],"collection":[{"href":"https:\/\/aureusdrive.ch\/fr\/wp-json\/wp\/v2\/product"}],"about":[{"href":"https:\/\/aureusdrive.ch\/fr\/wp-json\/wp\/v2\/types\/product"}],"wp:attachment":[{"href":"https:\/\/aureusdrive.ch\/fr\/wp-json\/wp\/v2\/media?parent=15751"}],"wp:term":[{"taxonomy":"product_brand","embeddable":true,"href":"https:\/\/aureusdrive.ch\/fr\/wp-json\/wp\/v2\/product_brand?post=15751"},{"taxonomy":"product_cat","embeddable":true,"href":"https:\/\/aureusdrive.ch\/fr\/wp-json\/wp\/v2\/product_cat?post=15751"},{"taxonomy":"product_tag","embeddable":true,"href":"https:\/\/aureusdrive.ch\/fr\/wp-json\/wp\/v2\/product_tag?post=15751"}],"curies":[{"name":"wp","href":"https:\/\/api.w.org\/{rel}","templated":true}]}}