{"id":16397,"date":"2023-02-05T18:03:55","date_gmt":"2023-02-05T17:03:55","guid":{"rendered":"https:\/\/aureusdrive.ch\/produkt\/potence-ergotec-reglable-pour-velos-electriques-45-km-h\/"},"modified":"2025-03-03T00:00:11","modified_gmt":"2025-03-02T23:00:11","slug":"potence-ergotec-reglable-pour-45-km-h-e-bikes","status":"publish","type":"product","link":"https:\/\/aureusdrive.ch\/fr\/produit\/potence-ergotec-reglable-pour-45-km-h-e-bikes\/","title":{"rendered":"Potence Ergotec SWELL-RE \u00f8 31.8 mm, 100mm"},"content":{"rendered":"<p>La potence Swell est le choix parfait pour les conducteurs de v\u00e9los \u00e9lectriques 45 km\/h qui recherchent \u00e0 la fois stabilit\u00e9 et confort.<br \/>\nAvec la nouvelle potence ergotec Swell-RE 70, la c\u00e9l\u00e8bre potence Swell a \u00e9t\u00e9 compl\u00e9t\u00e9e par une variante sp\u00e9cialement con\u00e7ue pour am\u00e9liorer le confort de conduite sans compromettre la stabilit\u00e9 et la rigidit\u00e9.<br \/>\nLa construction innovante \u00e0 angle r\u00e9glable de la potence vous permet de personnaliser votre position de conduite et de passer d&#8217;une conduite sportive \u00e0 une position plus confortable.<br \/>\nLa nouvelle conception du collier de serrage de la fourche du Swell-RE 70 offre une sur\u00e9l\u00e9vation suppl\u00e9mentaire qui am\u00e9liore sensiblement le confort.<br \/>\nAvec une hauteur de serrage de 68 mm et un d\u00e9battement de 100 mm, cette potence est id\u00e9ale pour les cintres d&#8217;un diam\u00e8tre de 31,8 mm. La construction robuste en aluminium AL 6061 T6 garantit une longue dur\u00e9e de vie et un poids l\u00e9ger de 365 grammes.    <\/p>\n","protected":false},"excerpt":{"rendered":"<ul>\n<li>Information pour guidon \u00f8 31.8 mm<\/li>\n<li>Niveau de s\u00e9curit\u00e9 : 6<\/li>\n<li>Hauteur de serrage : 68 mm<\/li>\n<li>Serrage pour ouverture compl\u00e8te<\/li>\n<li>Port\u00e9e : 100 mm<\/li>\n<li>Mat\u00e9riau : AL 6061 T6<\/li>\n<li>Poids : \u00e0 partir de 365 g<\/li>\n<li>Angle : -20\u00b0 &#8211; +70<\/li>\n<\/ul>\n","protected":false},"featured_media":33066,"template":"","meta":{"_acf_changed":false,"_kad_blocks_custom_css":"","_kad_blocks_head_custom_js":"","_kad_blocks_body_custom_js":"","_kad_blocks_footer_custom_js":"","_kad_post_transparent":"default","_kad_post_title":"","_kad_post_layout":"default","_kad_post_sidebar_id":"","_kad_post_content_style":"default","_kad_post_vertical_padding":"default","_kad_post_feature":"","_kad_post_feature_position":"","_kad_post_header":false,"_kad_post_footer":false,"_kad_post_classname":"","wds_primary_product_brand":0,"wds_primary_product_cat":0},"product_brand":[],"product_cat":[927,47,932,933],"product_tag":[],"class_list":{"0":"post-16397","1":"product","2":"type-product","3":"status-publish","4":"has-post-thumbnail","6":"product_cat-accessoires","7":"product_cat-accessoires-pour-l-e-bike","8":"product_cat-divers","9":"product_cat-options-de-modification","10":"product_shipping_class-classe-dexpedition-accessoires","12":"first","13":"instock","14":"taxable","15":"shipping-taxable","16":"purchasable","17":"product-type-simple","18":"entry","19":"content-bg","20":"loop-entry"},"bundled_by":[],"bundle_stock_status":"instock","bundle_stock_quantity":null,"bundle_virtual":false,"bundle_layout":"","bundle_add_to_cart_form_location":"","bundle_editable_in_cart":false,"bundle_sold_individually_context":"","bundle_item_grouping":"","bundle_min_size":"","bundle_max_size":"","bundle_price":[],"bundled_items":[],"bundle_sell_ids":[],"acf":[],"taxonomy_info":{"product_cat":[{"value":927,"label":"Accessoires"},{"value":47,"label":"Accessoires pour l'e-bike"},{"value":932,"label":"Divers"},{"value":933,"label":"Options de modification"}]},"featured_image_src_large":["https:\/\/aureusdrive.ch\/wp-content\/uploads\/2023\/02\/Vorbau-verstellbar-fuer-45-Km_h-1024x1024.webp",1024,1024,true],"author_info":[],"comment_info":"","_links":{"self":[{"href":"https:\/\/aureusdrive.ch\/fr\/wp-json\/wp\/v2\/product\/16397","targetHints":{"allow":["GET"]}}],"collection":[{"href":"https:\/\/aureusdrive.ch\/fr\/wp-json\/wp\/v2\/product"}],"about":[{"href":"https:\/\/aureusdrive.ch\/fr\/wp-json\/wp\/v2\/types\/product"}],"wp:featuredmedia":[{"embeddable":true,"href":"https:\/\/aureusdrive.ch\/fr\/wp-json\/wp\/v2\/media\/33066"}],"wp:attachment":[{"href":"https:\/\/aureusdrive.ch\/fr\/wp-json\/wp\/v2\/media?parent=16397"}],"wp:term":[{"taxonomy":"product_brand","embeddable":true,"href":"https:\/\/aureusdrive.ch\/fr\/wp-json\/wp\/v2\/product_brand?post=16397"},{"taxonomy":"product_cat","embeddable":true,"href":"https:\/\/aureusdrive.ch\/fr\/wp-json\/wp\/v2\/product_cat?post=16397"},{"taxonomy":"product_tag","embeddable":true,"href":"https:\/\/aureusdrive.ch\/fr\/wp-json\/wp\/v2\/product_tag?post=16397"}],"curies":[{"name":"wp","href":"https:\/\/api.w.org\/{rel}","templated":true}]}}