{"id":16412,"date":"2023-02-05T20:52:16","date_gmt":"2023-02-05T19:52:16","guid":{"rendered":"https:\/\/aureusdrive.ch\/produkt\/klickfix-panier-city-korbklip-20l-transversal\/"},"modified":"2025-07-18T15:09:21","modified_gmt":"2025-07-18T13:09:21","slug":"klickfix-corbeille-city-clip-20l-quer","status":"publish","type":"product","link":"https:\/\/aureusdrive.ch\/fr\/produit\/klickfix-corbeille-city-clip-20l-quer\/","title":{"rendered":"KLICKfix Panier CITY 2 transversal"},"content":{"rendered":"<p>Le panier KLICKfix CITY 2 en format paysage est le compl\u00e9ment parfait pour tous ceux qui ont besoin d&#8217;un espace de rangement suppl\u00e9mentaire lors de leurs d\u00e9placements et qui attachent de l&#8217;importance \u00e0 la fonctionnalit\u00e9.<br \/>\nAvec un volume de 20 litres, le panier offre suffisamment d&#8217;espace pour les courses, les sacs ou autres objets du quotidien.<br \/>\n\u00c9quip\u00e9 d&#8217;une poign\u00e9e de transport confortable, le panier est non seulement facile \u00e0 attacher au v\u00e9lo, mais aussi pratique \u00e0 transporter lorsque vous garez votre v\u00e9lo.<br \/>\nLe panier a une largeur g\u00e9n\u00e9reuse de 40 cm, une profondeur de 30 cm et une hauteur de 20 cm, ce qui en fait un compagnon id\u00e9al pour le quotidien.<br \/>\nMalgr\u00e9 son poids plume de seulement 1400 g, le panier peut supporter une charge maximale de 10 kg, ce qui le rend adapt\u00e9 aux utilisations les plus diverses.<br \/>\nCe panier \u00e0 v\u00e9lo est id\u00e9al pour tous ceux qui font du v\u00e9lo au quotidien et qui ont besoin d&#8217;espace de rangement.<br \/>\nQue ce soit pour faire des courses, aller au travail ou emporter des sacoches ou des sacs \u00e0 dos, le panier offre une solution pratique pour transporter des charges en toute s\u00e9curit\u00e9 et confortablement, sans avoir \u00e0 porter un sac \u00e0 dos.<\/p>\n","protected":false},"excerpt":{"rendered":"<ul>\n<li>Largeur : 40 cm<\/li>\n<li>Profondeur : 30 cm<\/li>\n<li>Hauteur : 20 cm<\/li>\n<li>Poids : 1400 g<\/li>\n<li>Volume : 20 l<\/li>\n<li>Charge maximale : 10 kg max.<\/li>\n<li>Poign\u00e9e de transport<\/li>\n<\/ul>\n","protected":false},"featured_media":33062,"template":"","meta":{"_acf_changed":false,"_kad_blocks_custom_css":"","_kad_blocks_head_custom_js":"","_kad_blocks_body_custom_js":"","_kad_blocks_footer_custom_js":"","_kad_post_transparent":"default","_kad_post_title":"","_kad_post_layout":"default","_kad_post_sidebar_id":"","_kad_post_content_style":"default","_kad_post_vertical_padding":"default","_kad_post_feature":"","_kad_post_feature_position":"","_kad_post_header":false,"_kad_post_footer":false,"_kad_post_classname":"","wds_primary_product_brand":0,"wds_primary_product_cat":0},"product_brand":[],"product_cat":[927,47,932,933],"product_tag":[],"class_list":{"0":"post-16412","1":"product","2":"type-product","3":"status-publish","4":"has-post-thumbnail","6":"product_cat-accessoires","7":"product_cat-accessoires-pour-l-e-bike","8":"product_cat-divers","9":"product_cat-options-de-modification","10":"product_shipping_class-classe-dexpedition-accessoires","12":"first","13":"instock","14":"taxable","15":"shipping-taxable","16":"purchasable","17":"product-type-simple","18":"entry","19":"content-bg","20":"loop-entry"},"bundled_by":[],"bundle_stock_status":"instock","bundle_stock_quantity":83,"bundle_virtual":false,"bundle_layout":"","bundle_add_to_cart_form_location":"","bundle_editable_in_cart":false,"bundle_sold_individually_context":"","bundle_item_grouping":"","bundle_min_size":"","bundle_max_size":"","bundle_price":[],"bundled_items":[],"bundle_sell_ids":[],"acf":[],"taxonomy_info":{"product_cat":[{"value":927,"label":"Accessoires"},{"value":47,"label":"Accessoires pour l'e-bike"},{"value":932,"label":"Divers"},{"value":933,"label":"Options de modification"}]},"featured_image_src_large":["https:\/\/aureusdrive.ch\/wp-content\/uploads\/2023\/02\/KLICKfix-Korb-CITY-KorbKlip-20L-quer-1024x1024.webp",1024,1024,true],"author_info":[],"comment_info":"","_links":{"self":[{"href":"https:\/\/aureusdrive.ch\/fr\/wp-json\/wp\/v2\/product\/16412","targetHints":{"allow":["GET"]}}],"collection":[{"href":"https:\/\/aureusdrive.ch\/fr\/wp-json\/wp\/v2\/product"}],"about":[{"href":"https:\/\/aureusdrive.ch\/fr\/wp-json\/wp\/v2\/types\/product"}],"wp:featuredmedia":[{"embeddable":true,"href":"https:\/\/aureusdrive.ch\/fr\/wp-json\/wp\/v2\/media\/33062"}],"wp:attachment":[{"href":"https:\/\/aureusdrive.ch\/fr\/wp-json\/wp\/v2\/media?parent=16412"}],"wp:term":[{"taxonomy":"product_brand","embeddable":true,"href":"https:\/\/aureusdrive.ch\/fr\/wp-json\/wp\/v2\/product_brand?post=16412"},{"taxonomy":"product_cat","embeddable":true,"href":"https:\/\/aureusdrive.ch\/fr\/wp-json\/wp\/v2\/product_cat?post=16412"},{"taxonomy":"product_tag","embeddable":true,"href":"https:\/\/aureusdrive.ch\/fr\/wp-json\/wp\/v2\/product_tag?post=16412"}],"curies":[{"name":"wp","href":"https:\/\/api.w.org\/{rel}","templated":true}]}}