{"id":16423,"date":"2023-02-05T21:08:13","date_gmt":"2023-02-05T20:08:13","guid":{"rendered":"https:\/\/aureusdrive.ch\/produkt\/back-roller-classic\/"},"modified":"2025-02-28T15:08:40","modified_gmt":"2025-02-28T14:08:40","slug":"back-roller-classic","status":"publish","type":"product","link":"https:\/\/aureusdrive.ch\/fr\/produit\/back-roller-classic\/","title":{"rendered":"Back Roller Classic"},"content":{"rendered":"<p>Les sacoches de v\u00e9lo de randonn\u00e9e sont les compagnons id\u00e9aux pour tous ceux qui misent sur la fiabilit\u00e9 et la durabilit\u00e9 lors de leurs excursions. Fabriqu\u00e9 en tissu polyester robuste, ce classique offre non seulement une longue dur\u00e9e de vie, mais prot\u00e8ge \u00e9galement votre \u00e9quipement de mani\u00e8re fiable contre l&#8217;eau et la salet\u00e9. Gr\u00e2ce aux fermetures herm\u00e9tiques \u00e0 enroulement, votre ravitaillement et votre \u00e9quipement restent bien emball\u00e9s et \u00e9tanches par tous les temps.  <\/p>\n<p>Le syst\u00e8me de suspension pratique Quick-Lock2.1 permet une fixation simple et rapide au v\u00e9lo et peut \u00eatre retir\u00e9 tout aussi facilement. Pour le transport \u00e0 pied, la bandouli\u00e8re fournie assure un grand confort de transport. Des r\u00e9flecteurs suppl\u00e9mentaires augmentent la s\u00e9curit\u00e9 dans l&#8217;obscurit\u00e9, tandis qu&#8217;une poche int\u00e9rieure int\u00e9gr\u00e9e permet de maintenir l&#8217;ordre \u00e0 l&#8217;int\u00e9rieur du sac.  <\/p>\n<p>Avec un volume de 2 x 20 litres, les poches lat\u00e9rales offrent suffisamment d&#8217;espace de rangement pour les longues randonn\u00e9es, afin que vous soyez toujours parfaitement \u00e9quip\u00e9.<\/p>\n","protected":false},"excerpt":{"rendered":"<ul>\n<li>Hydrophobe<\/li>\n<li>facile \u00e0 attacher et \u00e0 d\u00e9tacher<\/li>\n<li>Poche int\u00e9rieure int\u00e9gr\u00e9e<\/li>\n<li>R\u00e9flecteurs pour une meilleure visibilit\u00e9<\/li>\n<li>Bandouli\u00e8re<\/li>\n<li>Volume : 2 x 20 litres<\/li>\n<li>Hauteur : 42 cm<\/li>\n<li>Largeur : 32 cm en haut<\/li>\n<li>Largeur : 23 cm en bas<\/li>\n<li>Profondeur : 17 cm<\/li>\n<li>Couleur : Asphalte &#8211; Noir<\/li>\n<\/ul>\n","protected":false},"featured_media":27810,"template":"","meta":{"_acf_changed":false,"_kad_blocks_custom_css":"","_kad_blocks_head_custom_js":"","_kad_blocks_body_custom_js":"","_kad_blocks_footer_custom_js":"","_kad_post_transparent":"default","_kad_post_title":"","_kad_post_layout":"default","_kad_post_sidebar_id":"","_kad_post_content_style":"default","_kad_post_vertical_padding":"default","_kad_post_feature":"","_kad_post_feature_position":"","_kad_post_header":false,"_kad_post_footer":false,"_kad_post_classname":"","wds_primary_product_brand":0,"wds_primary_product_cat":0},"product_brand":[],"product_cat":[927,47,932,933],"product_tag":[],"class_list":{"0":"post-16423","1":"product","2":"type-product","3":"status-publish","4":"has-post-thumbnail","6":"product_cat-accessoires","7":"product_cat-accessoires-pour-l-e-bike","8":"product_cat-divers","9":"product_cat-options-de-modification","10":"product_shipping_class-classe-dexpedition-accessoires","12":"first","13":"instock","14":"taxable","15":"shipping-taxable","16":"purchasable","17":"product-type-simple","18":"entry","19":"content-bg","20":"loop-entry"},"bundled_by":[],"bundle_stock_status":"instock","bundle_stock_quantity":7,"bundle_virtual":false,"bundle_layout":"","bundle_add_to_cart_form_location":"","bundle_editable_in_cart":false,"bundle_sold_individually_context":"","bundle_item_grouping":"","bundle_min_size":"","bundle_max_size":"","bundle_price":[],"bundled_items":[],"bundle_sell_ids":[],"acf":[],"taxonomy_info":{"product_cat":[{"value":927,"label":"Accessoires"},{"value":47,"label":"Accessoires pour l'e-bike"},{"value":932,"label":"Divers"},{"value":933,"label":"Options de modification"}]},"featured_image_src_large":["https:\/\/aureusdrive.ch\/wp-content\/uploads\/2023\/02\/Seitentasche-Back-Roller-Classic-1024x1024.jpg",1024,1024,true],"author_info":[],"comment_info":"","_links":{"self":[{"href":"https:\/\/aureusdrive.ch\/fr\/wp-json\/wp\/v2\/product\/16423","targetHints":{"allow":["GET"]}}],"collection":[{"href":"https:\/\/aureusdrive.ch\/fr\/wp-json\/wp\/v2\/product"}],"about":[{"href":"https:\/\/aureusdrive.ch\/fr\/wp-json\/wp\/v2\/types\/product"}],"wp:featuredmedia":[{"embeddable":true,"href":"https:\/\/aureusdrive.ch\/fr\/wp-json\/wp\/v2\/media\/27810"}],"wp:attachment":[{"href":"https:\/\/aureusdrive.ch\/fr\/wp-json\/wp\/v2\/media?parent=16423"}],"wp:term":[{"taxonomy":"product_brand","embeddable":true,"href":"https:\/\/aureusdrive.ch\/fr\/wp-json\/wp\/v2\/product_brand?post=16423"},{"taxonomy":"product_cat","embeddable":true,"href":"https:\/\/aureusdrive.ch\/fr\/wp-json\/wp\/v2\/product_cat?post=16423"},{"taxonomy":"product_tag","embeddable":true,"href":"https:\/\/aureusdrive.ch\/fr\/wp-json\/wp\/v2\/product_tag?post=16423"}],"curies":[{"name":"wp","href":"https:\/\/api.w.org\/{rel}","templated":true}]}}