{"id":16431,"date":"2023-02-05T21:17:47","date_gmt":"2023-02-05T20:17:47","guid":{"rendered":"https:\/\/aureusdrive.ch\/produkt\/retroviseur-cycle-star-80\/"},"modified":"2023-11-07T10:47:15","modified_gmt":"2023-11-07T09:47:15","slug":"retroviseur-cycle-star-80","status":"publish","type":"product","link":"https:\/\/aureusdrive.ch\/fr\/produit\/retroviseur-cycle-star-80\/","title":{"rendered":"R\u00e9troviseur, CYCLE STAR 80"},"content":{"rendered":"<p>Verre bomb\u00e9 pour un grand angle de vision<br \/>\nDiam\u00e8tre du verre 80mm (50.2 cm2 de surface)<br \/>\nHomologu\u00e9 pour Pedelec : 25km\/h pour l&#8217;UE \/ 45km\/h seulement en CH<br \/>\nM\u00e9canisme de pliage pour les v\u00e9los \u00e9lectriques rapides<br \/>\ncouleur : noir<br \/>\nConvient \u00e0 tous les v\u00e9los \u00e9lectriques AureusDrive<\/p>\n","protected":false},"excerpt":{"rendered":"<p>Verre bomb\u00e9 pour un grand angle de vision Diam\u00e8tre du verre 80mm (50.2 cm2 de surface) Homologu\u00e9 pour Pedelec : 25km\/h pour l&#8217;UE \/ 45km\/h seulement en CH M\u00e9canisme de pliage pour les v\u00e9los \u00e9lectriques rapides couleur : noir Convient \u00e0 tous les v\u00e9los \u00e9lectriques AureusDrive<\/p>\n","protected":false},"featured_media":0,"template":"","meta":{"_acf_changed":false,"_kad_blocks_custom_css":"","_kad_blocks_head_custom_js":"","_kad_blocks_body_custom_js":"","_kad_blocks_footer_custom_js":"","_kad_post_transparent":"","_kad_post_title":"","_kad_post_layout":"","_kad_post_sidebar_id":"","_kad_post_content_style":"","_kad_post_vertical_padding":"","_kad_post_feature":"","_kad_post_feature_position":"","_kad_post_header":false,"_kad_post_footer":false,"_kad_post_classname":"","wds_primary_product_brand":0,"wds_primary_product_cat":0},"product_brand":[],"product_cat":[47],"product_tag":[],"class_list":{"0":"post-16431","1":"product","2":"type-product","3":"status-publish","5":"product_cat-accessoires-pour-l-e-bike","6":"product_shipping_class-classe-dexpedition-accessoires","8":"first","9":"instock","10":"taxable","11":"shipping-taxable","12":"purchasable","13":"product-type-simple","14":"entry","15":"content-bg","16":"loop-entry"},"bundled_by":[],"bundle_stock_status":"instock","bundle_stock_quantity":286,"bundle_virtual":false,"bundle_layout":"","bundle_add_to_cart_form_location":"","bundle_editable_in_cart":false,"bundle_sold_individually_context":"","bundle_item_grouping":"","bundle_min_size":"","bundle_max_size":"","bundle_price":[],"bundled_items":[],"bundle_sell_ids":[],"acf":[],"taxonomy_info":{"product_cat":[{"value":47,"label":"Accessoires pour l'e-bike"}]},"featured_image_src_large":false,"author_info":[],"comment_info":"","_links":{"self":[{"href":"https:\/\/aureusdrive.ch\/fr\/wp-json\/wp\/v2\/product\/16431","targetHints":{"allow":["GET"]}}],"collection":[{"href":"https:\/\/aureusdrive.ch\/fr\/wp-json\/wp\/v2\/product"}],"about":[{"href":"https:\/\/aureusdrive.ch\/fr\/wp-json\/wp\/v2\/types\/product"}],"wp:attachment":[{"href":"https:\/\/aureusdrive.ch\/fr\/wp-json\/wp\/v2\/media?parent=16431"}],"wp:term":[{"taxonomy":"product_brand","embeddable":true,"href":"https:\/\/aureusdrive.ch\/fr\/wp-json\/wp\/v2\/product_brand?post=16431"},{"taxonomy":"product_cat","embeddable":true,"href":"https:\/\/aureusdrive.ch\/fr\/wp-json\/wp\/v2\/product_cat?post=16431"},{"taxonomy":"product_tag","embeddable":true,"href":"https:\/\/aureusdrive.ch\/fr\/wp-json\/wp\/v2\/product_tag?post=16431"}],"curies":[{"name":"wp","href":"https:\/\/api.w.org\/{rel}","templated":true}]}}