{"id":17034,"date":"2023-02-15T11:49:25","date_gmt":"2023-02-15T10:49:25","guid":{"rendered":"https:\/\/aureusdrive.ch\/produkt\/schwalbe-pneu-marathon-e-plus-28x2-00-power45\/"},"modified":"2024-11-11T15:55:11","modified_gmt":"2024-11-11T14:55:11","slug":"schwalbe-pneu-marathon-e-plus-28x2-00-power45","status":"publish","type":"product","link":"https:\/\/aureusdrive.ch\/fr\/produit\/schwalbe-pneu-marathon-e-plus-28x2-00-power45\/","title":{"rendered":"Schwalbe Pneu Marathon E-Plus 28&#215;2.00 Power45"},"content":{"rendered":"<p>Le Marathon E-Plus a \u00e9t\u00e9 sp\u00e9cialement con\u00e7u pour r\u00e9pondre aux exigences \u00e9lev\u00e9es des cyclistes \u00e0 v\u00e9lo \u00e9lectrique et offre une protection, une stabilit\u00e9 et une durabilit\u00e9 de premier ordre. Avec sa taille de 28&#8243; (50-622) et une largeur de 2,00 pouces, ce pneu est id\u00e9al pour les v\u00e9los de randonn\u00e9e et de trekking et assure un contr\u00f4le et un confort optimaux, m\u00eame \u00e0 grande vitesse. La technologie Smart DualGuard \u00e9prouv\u00e9e offre une protection fiable contre les crevaisons : Deux couches de tissu RaceGuard et l&#8217;insert brevet\u00e9 SmartGuard emp\u00eachent efficacement la p\u00e9n\u00e9tration d&#8217;objets pointus et garantissent une conduite sans souci. Gr\u00e2ce au compos\u00e9 ADDIX E sp\u00e9cialement d\u00e9velopp\u00e9, le Marathon E-Plus offre une excellente adh\u00e9rence et durabilit\u00e9, ce qui le rend parfait pour les v\u00e9los \u00e9lectriques rapides et les longues distances. Le robuste flanc &#8220;anti-vieillissement&#8221; r\u00e9siste aux sollicitations typiques du sous-gonflage sans se fissurer, ce qui lui assure une longue dur\u00e9e de vie. Le design dynamique de la bande de roulement est non seulement agr\u00e9able \u00e0 l&#8217;\u0153il, mais aussi fonctionnel, ce qui rend ce pneu polyvalent, que ce soit en ville ou sur des parcours plus exigeants.  <\/p>\n","protected":false},"excerpt":{"rendered":"<ul>\n<li>Convient \u00e0 tous les mod\u00e8les Power45<\/li>\n<li>Taille : 28&#8243; (50-622), 28&#215;2.00<\/li>\n<li>Protection anti-crevaison : Smart DualGuard, niveau 7<\/li>\n<li>Mat\u00e9riau : ADDIX E Compound pour une adh\u00e9rence et une durabilit\u00e9 sup\u00e9rieures<\/li>\n<li>Capacit\u00e9 de charge : Jusqu&#8217;\u00e0 128 kg de capacit\u00e9 de charge<\/li>\n<li>Plage de pression : 2,5-4,5 bar (35-65 psi)<\/li>\n<li>Poids : 1210 g<\/li>\n<li>Certification E-Bike : ECE-R75, pour les v\u00e9los \u00e9lectriques jusqu&#8217;\u00e0 50 km\/h<\/li>\n<li>Paroi lat\u00e9rale : anti-\u00e2ge, prot\u00e8ge contre les dommages de surcharge<\/li>\n<li>Couleur : Noir avec bandes r\u00e9fl\u00e9chissantes<\/li>\n<\/ul>\n","protected":false},"featured_media":27802,"template":"","meta":{"_acf_changed":false,"_kad_blocks_custom_css":"","_kad_blocks_head_custom_js":"","_kad_blocks_body_custom_js":"","_kad_blocks_footer_custom_js":"","_kad_post_transparent":"default","_kad_post_title":"","_kad_post_layout":"default","_kad_post_sidebar_id":"","_kad_post_content_style":"default","_kad_post_vertical_padding":"default","_kad_post_feature":"","_kad_post_feature_position":"","_kad_post_header":false,"_kad_post_footer":false,"_kad_post_classname":"","wds_primary_product_brand":0,"wds_primary_product_cat":0},"product_brand":[],"product_cat":[927,47,929],"product_tag":[],"class_list":{"0":"post-17034","1":"product","2":"type-product","3":"status-publish","4":"has-post-thumbnail","6":"product_cat-accessoires","7":"product_cat-accessoires-pour-l-e-bike","8":"product_cat-pneu","9":"product_shipping_class-classe-dexpedition-accessoires","11":"first","12":"instock","13":"taxable","14":"shipping-taxable","15":"purchasable","16":"product-type-simple","17":"entry","18":"content-bg","19":"loop-entry"},"bundled_by":[],"bundle_stock_status":"instock","bundle_stock_quantity":19,"bundle_virtual":false,"bundle_layout":"","bundle_add_to_cart_form_location":"","bundle_editable_in_cart":false,"bundle_sold_individually_context":"","bundle_item_grouping":"","bundle_min_size":"","bundle_max_size":"","bundle_price":[],"bundled_items":[],"bundle_sell_ids":[],"acf":[],"taxonomy_info":{"product_cat":[{"value":927,"label":"Accessoires"},{"value":47,"label":"Accessoires pour l'e-bike"},{"value":929,"label":"Pneus"}]},"featured_image_src_large":["https:\/\/aureusdrive.ch\/wp-content\/uploads\/2023\/02\/Schwalbe-Pneu-Marathon-E-Plus-28\u00d72.00-Power45-1024x1024.jpg",1024,1024,true],"author_info":[],"comment_info":"","_links":{"self":[{"href":"https:\/\/aureusdrive.ch\/fr\/wp-json\/wp\/v2\/product\/17034","targetHints":{"allow":["GET"]}}],"collection":[{"href":"https:\/\/aureusdrive.ch\/fr\/wp-json\/wp\/v2\/product"}],"about":[{"href":"https:\/\/aureusdrive.ch\/fr\/wp-json\/wp\/v2\/types\/product"}],"wp:featuredmedia":[{"embeddable":true,"href":"https:\/\/aureusdrive.ch\/fr\/wp-json\/wp\/v2\/media\/27802"}],"wp:attachment":[{"href":"https:\/\/aureusdrive.ch\/fr\/wp-json\/wp\/v2\/media?parent=17034"}],"wp:term":[{"taxonomy":"product_brand","embeddable":true,"href":"https:\/\/aureusdrive.ch\/fr\/wp-json\/wp\/v2\/product_brand?post=17034"},{"taxonomy":"product_cat","embeddable":true,"href":"https:\/\/aureusdrive.ch\/fr\/wp-json\/wp\/v2\/product_cat?post=17034"},{"taxonomy":"product_tag","embeddable":true,"href":"https:\/\/aureusdrive.ch\/fr\/wp-json\/wp\/v2\/product_tag?post=17034"}],"curies":[{"name":"wp","href":"https:\/\/api.w.org\/{rel}","templated":true}]}}