{"id":17037,"date":"2023-02-15T11:48:14","date_gmt":"2023-02-15T10:48:14","guid":{"rendered":"https:\/\/aureusdrive.ch\/produkt\/schwalbe-pneu-marathon-365-700x47c-power45\/"},"modified":"2024-12-03T08:40:27","modified_gmt":"2024-12-03T07:40:27","slug":"schwalbe-pneu-marathon-365-700x47c-power45","status":"publish","type":"product","link":"https:\/\/aureusdrive.ch\/fr\/produit\/schwalbe-pneu-marathon-365-700x47c-power45\/","title":{"rendered":"Schwalbe Pneu Marathon 365 700x47C Power45"},"content":{"rendered":"<p>Le Marathon 365 est le pneu toutes saisons id\u00e9al pour tous les cyclistes \u00e9lectriques qui roulent toute l&#8217;ann\u00e9e, quelles que soient les conditions climatiques. Avec une taille de 28&#8243; (47-622) et un profil \u00e0 lamelles robuste, ce pneu assure une adh\u00e9rence s\u00fbre, m\u00eame dans le froid, l&#8217;humidit\u00e9 ou la neige. Adapt\u00e9 aux mod\u00e8les Power45, il assure une stabilit\u00e9 et des performances fiables en toute saison. \u00c9quip\u00e9 de la protection anti-crevaison GreenGuard, le Marathon 365 offre une bonne protection contre les piq\u00fbres et les objets pointus, tandis que le compos\u00e9 Addix Four Season durable garantit une adh\u00e9rence et une flexibilit\u00e9 optimales. Avec une capacit\u00e9 de charge allant jusqu&#8217;\u00e0 115 kg et une plage de pression de 2,5 \u00e0 5 bars (35 \u00e0 70 psi), ce pneu se distingue \u00e0 la fois par sa capacit\u00e9 de charge et son confort. Le Marathon 365 associe un poids de 990 g \u00e0 une conception bas\u00e9e sur la chambre \u00e0 air et des bandes r\u00e9fl\u00e9chissantes pour une s\u00e9curit\u00e9 routi\u00e8re accrue. Ce pneu est le choix id\u00e9al pour les cyclistes \u00e9lectriques qui souhaitent s&#8217;appuyer sur des performances fiables par tous les temps.  <\/p>\n","protected":false},"excerpt":{"rendered":"<ul>\n<li>Convient \u00e0 tous les mod\u00e8les Power45<\/li>\n<li>Utilisation : Pneu toutes saisons<\/li>\n<li>Taille : 28\u2033 (47-622),700x47C<\/li>\n<li>Protection anti-crevaison : Green Guard<\/li>\n<li>Mat\u00e9riau : Compos\u00e9 de gomme Addix Four Season<\/li>\n<li>Capacit\u00e9 de charge : Jusqu&#8217;\u00e0 115 kg de charge<\/li>\n<li>Plage de pression : 2,5-5 bar (35-70 psi)<\/li>\n<li>Poids : 990 g<\/li>\n<li>Couleur : Noir avec bandes r\u00e9fl\u00e9chissantes<\/li>\n<li><span class=\"properties-label\">Etanch\u00e9it\u00e9 : <\/span>Tube<\/li>\n<\/ul>\n","protected":false},"featured_media":33046,"template":"","meta":{"_acf_changed":false,"_kad_blocks_custom_css":"","_kad_blocks_head_custom_js":"","_kad_blocks_body_custom_js":"","_kad_blocks_footer_custom_js":"","_kad_post_transparent":"default","_kad_post_title":"","_kad_post_layout":"default","_kad_post_sidebar_id":"","_kad_post_content_style":"default","_kad_post_vertical_padding":"default","_kad_post_feature":"","_kad_post_feature_position":"","_kad_post_header":false,"_kad_post_footer":false,"_kad_post_classname":"","wds_primary_product_brand":0,"wds_primary_product_cat":0},"product_brand":[],"product_cat":[927,47,929],"product_tag":[],"class_list":{"0":"post-17037","1":"product","2":"type-product","3":"status-publish","4":"has-post-thumbnail","6":"product_cat-accessoires","7":"product_cat-accessoires-pour-l-e-bike","8":"product_cat-pneu","9":"product_shipping_class-classe-dexpedition-accessoires","11":"first","12":"instock","13":"taxable","14":"shipping-taxable","15":"purchasable","16":"product-type-simple","17":"entry","18":"content-bg","19":"loop-entry"},"bundled_by":[],"bundle_stock_status":"instock","bundle_stock_quantity":2,"bundle_virtual":false,"bundle_layout":"","bundle_add_to_cart_form_location":"","bundle_editable_in_cart":false,"bundle_sold_individually_context":"","bundle_item_grouping":"","bundle_min_size":"","bundle_max_size":"","bundle_price":[],"bundled_items":[],"bundle_sell_ids":[],"acf":[],"taxonomy_info":{"product_cat":[{"value":927,"label":"Accessoires"},{"value":47,"label":"Accessoires pour l'e-bike"},{"value":929,"label":"Pneus"}]},"featured_image_src_large":["https:\/\/aureusdrive.ch\/wp-content\/uploads\/2023\/02\/Schwalbe-Pneu-Marathon-365-700x47C-Power45-1024x1024.webp",1024,1024,true],"author_info":[],"comment_info":"","_links":{"self":[{"href":"https:\/\/aureusdrive.ch\/fr\/wp-json\/wp\/v2\/product\/17037","targetHints":{"allow":["GET"]}}],"collection":[{"href":"https:\/\/aureusdrive.ch\/fr\/wp-json\/wp\/v2\/product"}],"about":[{"href":"https:\/\/aureusdrive.ch\/fr\/wp-json\/wp\/v2\/types\/product"}],"wp:featuredmedia":[{"embeddable":true,"href":"https:\/\/aureusdrive.ch\/fr\/wp-json\/wp\/v2\/media\/33046"}],"wp:attachment":[{"href":"https:\/\/aureusdrive.ch\/fr\/wp-json\/wp\/v2\/media?parent=17037"}],"wp:term":[{"taxonomy":"product_brand","embeddable":true,"href":"https:\/\/aureusdrive.ch\/fr\/wp-json\/wp\/v2\/product_brand?post=17037"},{"taxonomy":"product_cat","embeddable":true,"href":"https:\/\/aureusdrive.ch\/fr\/wp-json\/wp\/v2\/product_cat?post=17037"},{"taxonomy":"product_tag","embeddable":true,"href":"https:\/\/aureusdrive.ch\/fr\/wp-json\/wp\/v2\/product_tag?post=17037"}],"curies":[{"name":"wp","href":"https:\/\/api.w.org\/{rel}","templated":true}]}}