{"id":17097,"date":"2023-02-15T11:47:57","date_gmt":"2023-02-15T10:47:57","guid":{"rendered":"https:\/\/aureusdrive.ch\/produkt\/schwalbe-pneu-marathon-365-700x38c-classic-comfort\/"},"modified":"2024-12-03T08:54:50","modified_gmt":"2024-12-03T07:54:50","slug":"schwalbe-pneu-marathon-365-700x38c-classic-comfort","status":"publish","type":"product","link":"https:\/\/aureusdrive.ch\/fr\/produit\/schwalbe-pneu-marathon-365-700x38c-classic-comfort\/","title":{"rendered":"Schwalbe Pneu Marathon 365 700x38C Classic-Comfort"},"content":{"rendered":"<p>Le Marathon 365 est le pneu toutes saisons adapt\u00e9 aux mod\u00e8les Classic et Comfort, id\u00e9al pour les cyclistes qui roulent par tous les temps. Avec une taille de 28\u2033 (40-622) et un poids de seulement 820 g, ce pneu offre des performances et un confort exceptionnels pour une utilisation quotidienne. Gr\u00e2ce \u00e0 sa bande de roulement lamellis\u00e9e sp\u00e9cialement con\u00e7ue, le Marathon 365 offre une adh\u00e9rence riche et un contr\u00f4le fiable, m\u00eame dans le froid, l&#8217;humidit\u00e9 et la neige. Le pneu est \u00e9quip\u00e9 du syst\u00e8me anti-crevaison \u00e9prouv\u00e9 GreenGuard, qui offre une bonne protection contre les objets pointus et minimise le risque de crevaison. Le compos\u00e9 Addix Four Season durable offre une forte adh\u00e9rence et une grande flexibilit\u00e9, m\u00eame \u00e0 des temp\u00e9ratures extr\u00eames. Avec une capacit\u00e9 de charge allant jusqu&#8217;\u00e0 100 kg et une plage de pression de 2,5 \u00e0 5,5 bars (35 \u00e0 80 psi), le Marathon 365 est robuste, polyvalent et durable.  <\/p>\n","protected":false},"excerpt":{"rendered":"<ul>\n<li>Convient aux mod\u00e8les Classic et Comfort<\/li>\n<li>Utilisation : Pneu toutes saisons<\/li>\n<li>Taille : 28\u2033 (40-622), 28&#215;1.50, 700x48C<\/li>\n<li>Protection anti-crevaison : Green Guard<\/li>\n<li>Mat\u00e9riau : Compos\u00e9 de gomme Addix Four Season<\/li>\n<li>Capacit\u00e9 de charge : Jusqu&#8217;\u00e0 100 kg de charge<\/li>\n<li>Plage de pression : 2,5-5,5 bar (35-80 psi)<\/li>\n<li>Poids : 820 g<\/li>\n<li>Couleur : Noir avec bandes r\u00e9fl\u00e9chissantes<\/li>\n<li><span class=\"properties-label\">Etanch\u00e9it\u00e9 : <\/span>Tube<\/li>\n<\/ul>\n","protected":false},"featured_media":33050,"template":"","meta":{"_acf_changed":false,"_kad_blocks_custom_css":"","_kad_blocks_head_custom_js":"","_kad_blocks_body_custom_js":"","_kad_blocks_footer_custom_js":"","_kad_post_transparent":"default","_kad_post_title":"","_kad_post_layout":"default","_kad_post_sidebar_id":"","_kad_post_content_style":"default","_kad_post_vertical_padding":"default","_kad_post_feature":"","_kad_post_feature_position":"","_kad_post_header":false,"_kad_post_footer":false,"_kad_post_classname":"","wds_primary_product_brand":0,"wds_primary_product_cat":0},"product_brand":[],"product_cat":[927,47,929],"product_tag":[],"class_list":{"0":"post-17097","1":"product","2":"type-product","3":"status-publish","4":"has-post-thumbnail","6":"product_cat-accessoires","7":"product_cat-accessoires-pour-l-e-bike","8":"product_cat-pneu","9":"product_shipping_class-classe-dexpedition-accessoires","11":"first","12":"instock","13":"taxable","14":"shipping-taxable","15":"purchasable","16":"product-type-simple","17":"entry","18":"content-bg","19":"loop-entry"},"bundled_by":[],"bundle_stock_status":"instock","bundle_stock_quantity":12,"bundle_virtual":false,"bundle_layout":"","bundle_add_to_cart_form_location":"","bundle_editable_in_cart":false,"bundle_sold_individually_context":"","bundle_item_grouping":"","bundle_min_size":"","bundle_max_size":"","bundle_price":[],"bundled_items":[],"bundle_sell_ids":[],"acf":[],"taxonomy_info":{"product_cat":[{"value":927,"label":"Accessoires"},{"value":47,"label":"Accessoires pour l'e-bike"},{"value":929,"label":"Pneus"}]},"featured_image_src_large":["https:\/\/aureusdrive.ch\/wp-content\/uploads\/2023\/02\/Schwalbe-Pneu-Marathon-365-700x38C-Classic-Comfort-1024x1024.webp",1024,1024,true],"author_info":[],"comment_info":"","_links":{"self":[{"href":"https:\/\/aureusdrive.ch\/fr\/wp-json\/wp\/v2\/product\/17097","targetHints":{"allow":["GET"]}}],"collection":[{"href":"https:\/\/aureusdrive.ch\/fr\/wp-json\/wp\/v2\/product"}],"about":[{"href":"https:\/\/aureusdrive.ch\/fr\/wp-json\/wp\/v2\/types\/product"}],"wp:featuredmedia":[{"embeddable":true,"href":"https:\/\/aureusdrive.ch\/fr\/wp-json\/wp\/v2\/media\/33050"}],"wp:attachment":[{"href":"https:\/\/aureusdrive.ch\/fr\/wp-json\/wp\/v2\/media?parent=17097"}],"wp:term":[{"taxonomy":"product_brand","embeddable":true,"href":"https:\/\/aureusdrive.ch\/fr\/wp-json\/wp\/v2\/product_brand?post=17097"},{"taxonomy":"product_cat","embeddable":true,"href":"https:\/\/aureusdrive.ch\/fr\/wp-json\/wp\/v2\/product_cat?post=17097"},{"taxonomy":"product_tag","embeddable":true,"href":"https:\/\/aureusdrive.ch\/fr\/wp-json\/wp\/v2\/product_tag?post=17097"}],"curies":[{"name":"wp","href":"https:\/\/api.w.org\/{rel}","templated":true}]}}