{"id":17100,"date":"2023-02-02T10:58:43","date_gmt":"2023-02-02T09:58:43","guid":{"rendered":"https:\/\/aureusdrive.ch\/produkt\/sks-porte-bidon-velocage-mat-noir\/"},"modified":"2024-11-05T11:48:07","modified_gmt":"2024-11-05T10:48:07","slug":"sks-bidonhalter-velocage-matt-schwarz","status":"publish","type":"product","link":"https:\/\/aureusdrive.ch\/fr\/produit\/sks-bidonhalter-velocage-matt-schwarz\/","title":{"rendered":"SKS Porte-bidon Velocage mat noir"},"content":{"rendered":"<p>Porte-bidon pour v\u00e9lo au look sportif. Le porte-bidon SKS VELOCAGE se distingue par son aspect sportif. Ce poids plume offre un maintien stable sur le v\u00e9lo &#8211; aussi bien sur la route que sur les terrains accident\u00e9s, car gr\u00e2ce \u00e0 la fixation stable et \u00e0 la construction robuste, le bidon est solidement maintenu de tous les c\u00f4t\u00e9s. Les bidons de v\u00e9lo les plus courants sont faciles \u00e0 ins\u00e9rer et \u00e0 retirer gr\u00e2ce \u00e0 un \u00e9cartement sup\u00e9rieur de 75 \u00e0 90 mm.   <\/p>\n","protected":false},"excerpt":{"rendered":"<ul>\n<li>Nom abr\u00e9g\u00e9 : Velocage<\/li>\n<li>Couleur : noir mat<\/li>\n<li>Marque : SKS<\/li>\n<li>Mat\u00e9riau : plastique<\/li>\n<li>Poids : 40 g<\/li>\n<li>\u00c9cartement sup\u00e9rieur : 75-90 mm<\/li>\n<\/ul>\n","protected":false},"featured_media":33070,"template":"","meta":{"_acf_changed":false,"_kad_blocks_custom_css":"","_kad_blocks_head_custom_js":"","_kad_blocks_body_custom_js":"","_kad_blocks_footer_custom_js":"","_kad_post_transparent":"default","_kad_post_title":"","_kad_post_layout":"default","_kad_post_sidebar_id":"","_kad_post_content_style":"default","_kad_post_vertical_padding":"default","_kad_post_feature":"","_kad_post_feature_position":"","_kad_post_header":false,"_kad_post_footer":false,"_kad_post_classname":"","wds_primary_product_brand":0,"wds_primary_product_cat":0},"product_brand":[],"product_cat":[927,47,932,933],"product_tag":[],"class_list":{"0":"post-17100","1":"product","2":"type-product","3":"status-publish","4":"has-post-thumbnail","6":"product_cat-accessoires","7":"product_cat-accessoires-pour-l-e-bike","8":"product_cat-divers","9":"product_cat-options-de-modification","10":"product_shipping_class-classe-dexpedition-accessoires","12":"first","13":"instock","14":"taxable","15":"shipping-taxable","16":"purchasable","17":"product-type-simple","18":"entry","19":"content-bg","20":"loop-entry"},"bundled_by":[],"bundle_stock_status":"instock","bundle_stock_quantity":4,"bundle_virtual":false,"bundle_layout":"","bundle_add_to_cart_form_location":"","bundle_editable_in_cart":false,"bundle_sold_individually_context":"","bundle_item_grouping":"","bundle_min_size":"","bundle_max_size":"","bundle_price":[],"bundled_items":[],"bundle_sell_ids":[],"acf":[],"taxonomy_info":{"product_cat":[{"value":927,"label":"Accessoires"},{"value":47,"label":"Accessoires pour l'e-bike"},{"value":932,"label":"Divers"},{"value":933,"label":"Options de modification"}]},"featured_image_src_large":["https:\/\/aureusdrive.ch\/wp-content\/uploads\/2023\/02\/SKS-Bidonhalter-Velocage-matt-schwarz-1024x1024.webp",1024,1024,true],"author_info":[],"comment_info":"","_links":{"self":[{"href":"https:\/\/aureusdrive.ch\/fr\/wp-json\/wp\/v2\/product\/17100","targetHints":{"allow":["GET"]}}],"collection":[{"href":"https:\/\/aureusdrive.ch\/fr\/wp-json\/wp\/v2\/product"}],"about":[{"href":"https:\/\/aureusdrive.ch\/fr\/wp-json\/wp\/v2\/types\/product"}],"wp:featuredmedia":[{"embeddable":true,"href":"https:\/\/aureusdrive.ch\/fr\/wp-json\/wp\/v2\/media\/33070"}],"wp:attachment":[{"href":"https:\/\/aureusdrive.ch\/fr\/wp-json\/wp\/v2\/media?parent=17100"}],"wp:term":[{"taxonomy":"product_brand","embeddable":true,"href":"https:\/\/aureusdrive.ch\/fr\/wp-json\/wp\/v2\/product_brand?post=17100"},{"taxonomy":"product_cat","embeddable":true,"href":"https:\/\/aureusdrive.ch\/fr\/wp-json\/wp\/v2\/product_cat?post=17100"},{"taxonomy":"product_tag","embeddable":true,"href":"https:\/\/aureusdrive.ch\/fr\/wp-json\/wp\/v2\/product_tag?post=17100"}],"curies":[{"name":"wp","href":"https:\/\/api.w.org\/{rel}","templated":true}]}}