{"id":17103,"date":"2023-02-02T10:33:05","date_gmt":"2023-02-02T09:33:05","guid":{"rendered":"https:\/\/aureusdrive.ch\/produkt\/sks-bidon-plastique-road-500-ml-noir\/"},"modified":"2024-11-05T11:49:21","modified_gmt":"2024-11-05T10:49:21","slug":"sks-bidon-plastique-road-500-ml-noir","status":"publish","type":"product","link":"https:\/\/aureusdrive.ch\/fr\/produit\/sks-bidon-plastique-road-500-ml-noir\/","title":{"rendered":"SKS Bidon plastique Road 500 ml noir"},"content":{"rendered":"<p>Le bidon SKS, d&#8217;une contenance de 500 ml, est le compagnon id\u00e9al de vos d\u00e9placements. Son design en plastique l\u00e9ger et robuste, d&#8217;un noir \u00e9l\u00e9gant, s&#8217;adapte \u00e0 tous les porte-bidons courants et est parfait pour les cyclistes qui privil\u00e9gient la qualit\u00e9 et le confort. Le bouchon ergonomique permet de boire confortablement.  <\/p>\n","protected":false},"excerpt":{"rendered":"<ul>\n<li>couleur : noir<\/li>\n<li>Marque : SKS<\/li>\n<li>Taille : 500 ml<\/li>\n<li>Mat\u00e9riau : plastique<\/li>\n<li>Couvercle : fermeture push-pull<\/li>\n<li>Poids : 70 g<\/li>\n<\/ul>\n","protected":false},"featured_media":33074,"template":"","meta":{"_acf_changed":false,"_kad_blocks_custom_css":"","_kad_blocks_head_custom_js":"","_kad_blocks_body_custom_js":"","_kad_blocks_footer_custom_js":"","_kad_post_transparent":"default","_kad_post_title":"","_kad_post_layout":"default","_kad_post_sidebar_id":"","_kad_post_content_style":"default","_kad_post_vertical_padding":"default","_kad_post_feature":"","_kad_post_feature_position":"","_kad_post_header":false,"_kad_post_footer":false,"_kad_post_classname":"","wds_primary_product_brand":0,"wds_primary_product_cat":0},"product_brand":[],"product_cat":[927,47,932],"product_tag":[],"class_list":{"0":"post-17103","1":"product","2":"type-product","3":"status-publish","4":"has-post-thumbnail","6":"product_cat-accessoires","7":"product_cat-accessoires-pour-l-e-bike","8":"product_cat-divers","9":"product_shipping_class-classe-dexpedition-accessoires","11":"first","12":"outofstock","13":"taxable","14":"shipping-taxable","15":"purchasable","16":"product-type-simple","17":"entry","18":"content-bg","19":"loop-entry"},"bundled_by":[],"bundle_stock_status":"outofstock","bundle_stock_quantity":-13,"bundle_virtual":false,"bundle_layout":"","bundle_add_to_cart_form_location":"","bundle_editable_in_cart":false,"bundle_sold_individually_context":"","bundle_item_grouping":"","bundle_min_size":"","bundle_max_size":"","bundle_price":[],"bundled_items":[],"bundle_sell_ids":[],"acf":[],"taxonomy_info":{"product_cat":[{"value":927,"label":"Accessoires"},{"value":47,"label":"Accessoires pour l'e-bike"},{"value":932,"label":"Divers"}]},"featured_image_src_large":["https:\/\/aureusdrive.ch\/wp-content\/uploads\/2023\/02\/SKS-Bidon-Kunststoff-Road-500-ml-1024x1024.webp",1024,1024,true],"author_info":[],"comment_info":"","_links":{"self":[{"href":"https:\/\/aureusdrive.ch\/fr\/wp-json\/wp\/v2\/product\/17103","targetHints":{"allow":["GET"]}}],"collection":[{"href":"https:\/\/aureusdrive.ch\/fr\/wp-json\/wp\/v2\/product"}],"about":[{"href":"https:\/\/aureusdrive.ch\/fr\/wp-json\/wp\/v2\/types\/product"}],"wp:featuredmedia":[{"embeddable":true,"href":"https:\/\/aureusdrive.ch\/fr\/wp-json\/wp\/v2\/media\/33074"}],"wp:attachment":[{"href":"https:\/\/aureusdrive.ch\/fr\/wp-json\/wp\/v2\/media?parent=17103"}],"wp:term":[{"taxonomy":"product_brand","embeddable":true,"href":"https:\/\/aureusdrive.ch\/fr\/wp-json\/wp\/v2\/product_brand?post=17103"},{"taxonomy":"product_cat","embeddable":true,"href":"https:\/\/aureusdrive.ch\/fr\/wp-json\/wp\/v2\/product_cat?post=17103"},{"taxonomy":"product_tag","embeddable":true,"href":"https:\/\/aureusdrive.ch\/fr\/wp-json\/wp\/v2\/product_tag?post=17103"}],"curies":[{"name":"wp","href":"https:\/\/api.w.org\/{rel}","templated":true}]}}