{"id":17490,"date":"2023-02-28T14:40:51","date_gmt":"2023-02-28T13:40:51","guid":{"rendered":"https:\/\/aureusdrive.ch\/produkt\/antivol-a-chaine-a-combinaison-abus-5805c-110-noir\/"},"modified":"2024-09-04T11:04:44","modified_gmt":"2024-09-04T09:04:44","slug":"antivol-a-chaine-a-chiffres-abus-5805c-110-noir","status":"publish","type":"product","link":"https:\/\/aureusdrive.ch\/fr\/produit\/antivol-a-chaine-a-chiffres-abus-5805c-110-noir\/","title":{"rendered":"Antivol \u00e0 cha\u00eene \u00e0 combinaison Abus 5805C\/110 noir"},"content":{"rendered":"<div>\n<p><span style=\"font-family: var(--global-body-font-family);\">Le <\/span>cadenas \u00e0 cha\u00eene ABUS<span style=\"font-family: var(--global-body-font-family);\">  avec serrure \u00e0 combinaison offre une solution fiable et durable pour s\u00e9curiser votre v\u00e9lo.<br \/>\nAvec une cha\u00eene carr\u00e9e de 5 mm d&#8217;\u00e9paisseur en acier sp\u00e9cial de haute qualit\u00e9, cet antivol assure une bonne protection. <\/span>  Les rouleaux \u00e0 chiffres \u00e0 deux composants ont \u00e9t\u00e9 sp\u00e9cialement con\u00e7us pour garantir la lisibilit\u00e9 des chiffres m\u00eame apr\u00e8s une utilisation prolong\u00e9e.<br \/>\nContrairement aux serrures traditionnelles, les chiffres ne sont pas imprim\u00e9s, mais fabriqu\u00e9s \u00e0 partir de deux composants durables.<br \/>\nAinsi, la fonctionnalit\u00e9 du cadenas est maintenue m\u00eame en cas d&#8217;utilisation r\u00e9guli\u00e8re, et vous pouvez compter sur la fiabilit\u00e9 de votre cadenas ABUS.<br \/>\nLa cha\u00eene de 110 cm de long est recouverte d&#8217;un tube textile protecteur qui emp\u00eache les dommages \u00e0 la peinture de votre v\u00e9lo.<br \/>\nLe code num\u00e9rique r\u00e9glable individuellement vous offre en outre la libert\u00e9 d&#8217;adapter l&#8217;antivol \u00e0 vos besoins personnels de s\u00e9curit\u00e9.<br \/>\nGr\u00e2ce \u00e0 la longueur g\u00e9n\u00e9reuse de la cha\u00eene, il est particuli\u00e8rement facile de l&#8217;attacher \u00e0 des objets fixes, ce qui offre une s\u00e9curit\u00e9 suppl\u00e9mentaire.<br \/>\nAvec un poids de 720 g et une couleur noire classique, l&#8217;antivol \u00e0 cha\u00eene ABUS s&#8217;int\u00e8gre discr\u00e8tement dans le design de votre v\u00e9lo tout en vous offrant la s\u00e9curit\u00e9 dont vous avez besoin.        &nbsp;<\/p>\n<\/div>\n<div><\/div>\n<div><\/div>\n","protected":false},"excerpt":{"rendered":"<ul>\n<li>couleur : noir<\/li>\n<li>Longueur : 110 cm<\/li>\n<li>Poids 720 g<\/li>\n<li>Type de serrure : combinaison de chiffres<\/li>\n<li>\u00c9paisseur : cha\u00eene carr\u00e9e de 5 mm<\/li>\n<\/ul>\n","protected":false},"featured_media":33030,"template":"","meta":{"_acf_changed":false,"_kad_blocks_custom_css":"","_kad_blocks_head_custom_js":"","_kad_blocks_body_custom_js":"","_kad_blocks_footer_custom_js":"","_kad_post_transparent":"default","_kad_post_title":"","_kad_post_layout":"default","_kad_post_sidebar_id":"","_kad_post_content_style":"default","_kad_post_vertical_padding":"default","_kad_post_feature":"","_kad_post_feature_position":"","_kad_post_header":false,"_kad_post_footer":false,"_kad_post_classname":"","wds_primary_product_brand":0,"wds_primary_product_cat":0},"product_brand":[],"product_cat":[927,47,932],"product_tag":[],"class_list":{"0":"post-17490","1":"product","2":"type-product","3":"status-publish","4":"has-post-thumbnail","6":"product_cat-accessoires","7":"product_cat-accessoires-pour-l-e-bike","8":"product_cat-divers","9":"product_shipping_class-classe-dexpedition-accessoires","11":"first","12":"onbackorder","13":"taxable","14":"shipping-taxable","15":"purchasable","16":"product-type-simple","17":"entry","18":"content-bg","19":"loop-entry"},"bundled_by":[],"bundle_stock_status":"onbackorder","bundle_stock_quantity":-2,"bundle_virtual":false,"bundle_layout":"","bundle_add_to_cart_form_location":"","bundle_editable_in_cart":false,"bundle_sold_individually_context":"","bundle_item_grouping":"","bundle_min_size":"","bundle_max_size":"","bundle_price":[],"bundled_items":[],"bundle_sell_ids":[],"acf":[],"taxonomy_info":{"product_cat":[{"value":927,"label":"Accessoires"},{"value":47,"label":"Accessoires pour l'e-bike"},{"value":932,"label":"Divers"}]},"featured_image_src_large":["https:\/\/aureusdrive.ch\/wp-content\/uploads\/2023\/02\/STEEL-O-CHAIN\u2122-5805C_110-SCHWARZ-1024x1024.webp",1024,1024,true],"author_info":[],"comment_info":"","_links":{"self":[{"href":"https:\/\/aureusdrive.ch\/fr\/wp-json\/wp\/v2\/product\/17490","targetHints":{"allow":["GET"]}}],"collection":[{"href":"https:\/\/aureusdrive.ch\/fr\/wp-json\/wp\/v2\/product"}],"about":[{"href":"https:\/\/aureusdrive.ch\/fr\/wp-json\/wp\/v2\/types\/product"}],"wp:featuredmedia":[{"embeddable":true,"href":"https:\/\/aureusdrive.ch\/fr\/wp-json\/wp\/v2\/media\/33030"}],"wp:attachment":[{"href":"https:\/\/aureusdrive.ch\/fr\/wp-json\/wp\/v2\/media?parent=17490"}],"wp:term":[{"taxonomy":"product_brand","embeddable":true,"href":"https:\/\/aureusdrive.ch\/fr\/wp-json\/wp\/v2\/product_brand?post=17490"},{"taxonomy":"product_cat","embeddable":true,"href":"https:\/\/aureusdrive.ch\/fr\/wp-json\/wp\/v2\/product_cat?post=17490"},{"taxonomy":"product_tag","embeddable":true,"href":"https:\/\/aureusdrive.ch\/fr\/wp-json\/wp\/v2\/product_tag?post=17490"}],"curies":[{"name":"wp","href":"https:\/\/api.w.org\/{rel}","templated":true}]}}