{"id":17701,"date":"2023-03-14T14:48:03","date_gmt":"2023-03-14T13:48:03","guid":{"rendered":"https:\/\/aureusdrive.ch\/produkt\/gilet-fluorescent-roadie-jacket-jaune-jaune-l\/"},"modified":"2024-12-02T09:43:39","modified_gmt":"2024-12-02T08:43:39","slug":"gilet-fluorescent-roadie-jacket-jaune-jaune-l","status":"publish","type":"product","link":"https:\/\/aureusdrive.ch\/fr\/produit\/gilet-fluorescent-roadie-jacket-jaune-jaune-l\/","title":{"rendered":"gilet fluorescent, ROADIE JACKET, jaune"},"content":{"rendered":"<p>Le gilet fluorescent WOWOW est le choix parfait pour les cyclistes \u00e9lectriques qui accordent une importance particuli\u00e8re \u00e0 la visibilit\u00e9 et \u00e0 la s\u00e9curit\u00e9 sur la route. Avec sa couleur jaune fluorescente et ses bandes r\u00e9fl\u00e9chissantes de 1300 cm\u00b2 \u00e0 l&#8217;avant et \u00e0 l&#8217;arri\u00e8re, ce gilet vous permet d&#8217;\u00eatre clairement per\u00e7u dans des conditions de faible luminosit\u00e9 ou \u00e0 la tomb\u00e9e de la nuit. La fermeture \u00e0 glissi\u00e8re \u00e0 l&#8217;avant permet de l&#8217;enfiler et de l&#8217;enlever facilement, tandis que l&#8217;arri\u00e8re allong\u00e9 offre une protection et un confort suppl\u00e9mentaires, notamment lorsque vous roulez en position inclin\u00e9e vers l&#8217;avant. La poche pratique avec d\u00e9tails r\u00e9fl\u00e9chissants sur les c\u00f4t\u00e9s offre un espace de rangement pour les petits objets tout en augmentant votre visibilit\u00e9. Le gilet fluorescent convient aussi bien aux hommes qu&#8217;aux femmes et r\u00e9pond aux exigences de s\u00e9curit\u00e9 de la norme CE EN1150, sp\u00e9cialement con\u00e7ue pour les v\u00eatements de protection individuelle destin\u00e9s \u00e0 un usage quotidien.  <\/p>\n<p><strong>Pourquoi un gilet fluorescent est particuli\u00e8rement important pour les cyclistes \u00e9lectriques :<\/strong><\/p>\n<p>Le gilet fluorescent est particuli\u00e8rement important pour les cyclistes \u00e9lectriques, car ils atteignent souvent des vitesses plus \u00e9lev\u00e9es que les v\u00e9los traditionnels et peuvent donc se retrouver plus rapidement dans des situations critiques sur la route. Une bonne visibilit\u00e9 est essentielle pour \u00eatre per\u00e7u \u00e0 temps par les autres usagers de la route, en particulier par mauvais temps, au cr\u00e9puscule ou dans l&#8217;obscurit\u00e9. Le gilet fluorescent WOWOW vous permet d&#8217;\u00eatre visible de tous les c\u00f4t\u00e9s, ce qui am\u00e9liore consid\u00e9rablement votre s\u00e9curit\u00e9 sur la route.  <\/p>\n","protected":false},"excerpt":{"rendered":"<ul>\n<li>Gilet de couleur jaune fluorescent<\/li>\n<li>Bandes r\u00e9fl\u00e9chissantes \u00e0 l&#8217;avant et \u00e0 l&#8217;arri\u00e8re 1300cm2<\/li>\n<li>fermeture \u00e0 glissi\u00e8re sur le devant<\/li>\n<li>Dos rallong\u00e9<\/li>\n<li>poche avec r\u00e9flexion sur les c\u00f4t\u00e9s<\/li>\n<li>CE EN1150<\/li>\n<li>Tailles S-XXL<\/li>\n<\/ul>\n","protected":false},"featured_media":27790,"template":"","meta":{"_acf_changed":false,"_kad_blocks_custom_css":"","_kad_blocks_head_custom_js":"","_kad_blocks_body_custom_js":"","_kad_blocks_footer_custom_js":"","_kad_post_transparent":"default","_kad_post_title":"","_kad_post_layout":"default","_kad_post_sidebar_id":"","_kad_post_content_style":"default","_kad_post_vertical_padding":"default","_kad_post_feature":"","_kad_post_feature_position":"","_kad_post_header":false,"_kad_post_footer":false,"_kad_post_classname":"","wds_primary_product_brand":0,"wds_primary_product_cat":0},"product_brand":[],"product_cat":[927,47,928],"product_tag":[],"class_list":{"0":"post-17701","1":"product","2":"type-product","3":"status-publish","4":"has-post-thumbnail","6":"product_cat-accessoires","7":"product_cat-accessoires-pour-l-e-bike","8":"product_cat-casque","9":"product_shipping_class-classe-dexpedition-accessoires","11":"first","12":"instock","13":"taxable","14":"shipping-taxable","15":"purchasable","16":"product-type-variable","17":"has-default-attributes","18":"entry","19":"content-bg","20":"loop-entry"},"bundled_by":["38096"],"bundle_stock_status":"instock","bundle_stock_quantity":null,"bundle_virtual":false,"bundle_layout":"","bundle_add_to_cart_form_location":"","bundle_editable_in_cart":false,"bundle_sold_individually_context":"","bundle_item_grouping":"","bundle_min_size":"","bundle_max_size":"","bundle_price":[],"bundled_items":[],"bundle_sell_ids":[],"acf":[],"taxonomy_info":{"product_cat":[{"value":927,"label":"Accessoires"},{"value":47,"label":"Accessoires pour l'e-bike"},{"value":928,"label":"Casques &amp; V\u00eatements"}]},"featured_image_src_large":["https:\/\/aureusdrive.ch\/wp-content\/uploads\/2023\/03\/Leuchtweste-ROADIE-JACKET-gelb-1024x1024.jpg",1024,1024,true],"author_info":[],"comment_info":"","_links":{"self":[{"href":"https:\/\/aureusdrive.ch\/fr\/wp-json\/wp\/v2\/product\/17701","targetHints":{"allow":["GET"]}}],"collection":[{"href":"https:\/\/aureusdrive.ch\/fr\/wp-json\/wp\/v2\/product"}],"about":[{"href":"https:\/\/aureusdrive.ch\/fr\/wp-json\/wp\/v2\/types\/product"}],"wp:featuredmedia":[{"embeddable":true,"href":"https:\/\/aureusdrive.ch\/fr\/wp-json\/wp\/v2\/media\/27790"}],"wp:attachment":[{"href":"https:\/\/aureusdrive.ch\/fr\/wp-json\/wp\/v2\/media?parent=17701"}],"wp:term":[{"taxonomy":"product_brand","embeddable":true,"href":"https:\/\/aureusdrive.ch\/fr\/wp-json\/wp\/v2\/product_brand?post=17701"},{"taxonomy":"product_cat","embeddable":true,"href":"https:\/\/aureusdrive.ch\/fr\/wp-json\/wp\/v2\/product_cat?post=17701"},{"taxonomy":"product_tag","embeddable":true,"href":"https:\/\/aureusdrive.ch\/fr\/wp-json\/wp\/v2\/product_tag?post=17701"}],"curies":[{"name":"wp","href":"https:\/\/api.w.org\/{rel}","templated":true}]}}