{"id":30751,"date":"2024-05-28T11:39:06","date_gmt":"2024-05-28T09:39:06","guid":{"rendered":"https:\/\/aureusdrive.ch\/?post_type=product&#038;p=30751"},"modified":"2025-07-18T14:35:18","modified_gmt":"2025-07-18T12:35:18","slug":"batterie-aureus-720wh-dailydrive","status":"publish","type":"product","link":"https:\/\/aureusdrive.ch\/fr\/produit\/batterie-aureus-720wh-dailydrive\/","title":{"rendered":"Batterie Aureus 720Wh DailyDrive"},"content":{"rendered":"","protected":false},"excerpt":{"rendered":"<p><strong>Pourquoi une batterie suppl\u00e9mentaire ?<\/strong><\/p>\n<p>\u2713 <strong>Plus de port\u00e9e :<\/strong> doublez la distance que vous pouvez parcourir. Parfaites pour les longs trajets et les navettes quotidiennes.<br \/>\n\u2713 <strong>Facilit\u00e9 d&#8217;installation :<\/strong> nos batteries suppl\u00e9mentaires sont sp\u00e9cialement con\u00e7ues pour les v\u00e9los \u00e9lectriques AureusDrive et s&#8217;installent facilement et en toute s\u00e9curit\u00e9.<br \/>\n\u2713 <strong>Durabilit\u00e9 :<\/strong> fabriqu\u00e9es \u00e0 partir de mat\u00e9riaux de haute qualit\u00e9, nos batteries garantissent une longue dur\u00e9e de vie et des performances fiables.<br \/>\n\u2713 <strong>Couvercle :<\/strong> batterie avec couvercle assorti pour tous les mod\u00e8les DailyDrive<\/p>\n<p>Augmentez votre autonomie avec nos batteries suppl\u00e9mentaires ! Nos batteries puissantes vous offrent la possibilit\u00e9 de voyager encore plus longtemps et de profiter de vos aventures sans interruption.<br \/>\n<u>Remarque :<\/u> la couleur du couvercle peut \u00eatre l\u00e9g\u00e8rement diff\u00e9rente de la couleur du v\u00e9lo \u00e9lectrique.<\/p>\n","protected":false},"featured_media":32927,"template":"","meta":{"_acf_changed":false,"_kad_blocks_custom_css":"","_kad_blocks_head_custom_js":"","_kad_blocks_body_custom_js":"","_kad_blocks_footer_custom_js":"","_kad_post_transparent":"default","_kad_post_title":"","_kad_post_layout":"default","_kad_post_sidebar_id":"","_kad_post_content_style":"default","_kad_post_vertical_padding":"default","_kad_post_feature":"","_kad_post_feature_position":"","_kad_post_header":false,"_kad_post_footer":false,"_kad_post_classname":"","wds_primary_product_brand":0,"wds_primary_product_cat":0},"product_brand":[],"product_cat":[927,930],"product_tag":[],"class_list":{"0":"post-30751","1":"product","2":"type-product","3":"status-publish","4":"has-post-thumbnail","6":"product_cat-accessoires","7":"product_cat-batterie","8":"product_shipping_class-classe-dexpedition-accessoires","10":"first","11":"instock","12":"taxable","13":"shipping-taxable","14":"purchasable","15":"product-type-variable","16":"has-default-attributes","17":"entry","18":"content-bg","19":"loop-entry"},"bundled_by":[],"bundle_stock_status":"instock","bundle_stock_quantity":null,"bundle_virtual":false,"bundle_layout":"","bundle_add_to_cart_form_location":"","bundle_editable_in_cart":false,"bundle_sold_individually_context":"","bundle_item_grouping":"","bundle_min_size":"","bundle_max_size":"","bundle_price":[],"bundled_items":[],"bundle_sell_ids":[],"acf":[],"taxonomy_info":{"product_cat":[{"value":927,"label":"Accessoires"},{"value":930,"label":"Batteries"}]},"featured_image_src_large":["https:\/\/aureusdrive.ch\/wp-content\/uploads\/2024\/05\/DD-Akku-Weiss-1024x1024.webp",1024,1024,true],"author_info":[],"comment_info":"","_links":{"self":[{"href":"https:\/\/aureusdrive.ch\/fr\/wp-json\/wp\/v2\/product\/30751","targetHints":{"allow":["GET"]}}],"collection":[{"href":"https:\/\/aureusdrive.ch\/fr\/wp-json\/wp\/v2\/product"}],"about":[{"href":"https:\/\/aureusdrive.ch\/fr\/wp-json\/wp\/v2\/types\/product"}],"wp:featuredmedia":[{"embeddable":true,"href":"https:\/\/aureusdrive.ch\/fr\/wp-json\/wp\/v2\/media\/32927"}],"wp:attachment":[{"href":"https:\/\/aureusdrive.ch\/fr\/wp-json\/wp\/v2\/media?parent=30751"}],"wp:term":[{"taxonomy":"product_brand","embeddable":true,"href":"https:\/\/aureusdrive.ch\/fr\/wp-json\/wp\/v2\/product_brand?post=30751"},{"taxonomy":"product_cat","embeddable":true,"href":"https:\/\/aureusdrive.ch\/fr\/wp-json\/wp\/v2\/product_cat?post=30751"},{"taxonomy":"product_tag","embeddable":true,"href":"https:\/\/aureusdrive.ch\/fr\/wp-json\/wp\/v2\/product_tag?post=30751"}],"curies":[{"name":"wp","href":"https:\/\/api.w.org\/{rel}","templated":true}]}}