{"id":30766,"date":"2024-05-28T12:50:40","date_gmt":"2024-05-28T10:50:40","guid":{"rendered":"https:\/\/aureusdrive.ch\/?post_type=product&#038;p=30766"},"modified":"2026-01-22T09:15:30","modified_gmt":"2026-01-22T08:15:30","slug":"permis-de-circulation-oac-prealable","status":"publish","type":"product","link":"https:\/\/aureusdrive.ch\/fr\/produit\/permis-de-circulation-oac-prealable\/","title":{"rendered":"Permis de circulation OAC pr\u00e9alable"},"content":{"rendered":"<p><strong>Autre remarque :<br \/>\n<\/strong>Avec le permis de circulation OAC, le d\u00e9tenteur doit demander la plaque d&#8217;immatriculation aupr\u00e8s de l&#8217;office de la circulation comp\u00e9tent.<br \/>\nCeci n&#8217;est n\u00e9cessaire que pour les S-Pedelecs (45 km\/h). Nous vous enverrons le permis au plus tard le jour de l&#8217;enl\u00e8vement afin que vous puissiez le faire valoir et obtenir la plaque d&#8217;immatriculation.<br \/>\nAinsi, tout est r\u00e9gl\u00e9 pour l&#8217;enl\u00e8vement ou la livraison et vous pouvez partir directement avec votre S-Pedelec AureusDrive. <\/p>\n<p>Ce service sert en premier lieu \u00e0 <strong>vous \u00e9viter des d\u00e9placements suppl\u00e9mentaires et des efforts d&#8217;organisation<\/strong>.<\/p>\n","protected":false},"excerpt":{"rendered":"<p>Vous souhaitez <strong>recevoir confortablement<\/strong> votre <strong>permis de circulation OAC<\/strong> \u00e0 domicile au lieu de devoir le prendre au lieu de retrait ?<\/p>\n<p>Avec ce service, nous vous envoyons le permis de circulation VZV <strong>directement par la poste<\/strong>, ce qui vous permet d&#8217;effectuer l&#8217;<strong>encaissement aupr\u00e8s de votre office de la circulation comp\u00e9tent confortablement depuis chez vous<\/strong> &#8211; sans d\u00e9placement suppl\u00e9mentaire pour venir chercher le permis chez nous.<\/p>\n<p><strong>Vos avantages en un coup d&#8217;\u0153il :<\/strong><\/p>\n<p>\u2713 <strong>Moins de d\u00e9placements :<\/strong> il n&#8217;est pas n\u00e9cessaire de retirer s\u00e9par\u00e9ment la carte grise lors de la remise du v\u00e9hicule.<br \/>\n\u2713 <strong>Confortable \u00e0 domicile :<\/strong> effectuez l&#8217;encaissement directement aupr\u00e8s de votre office de la circulation comp\u00e9tent.<br \/>\n\u2713 <strong>Livraison s\u00fbre :<\/strong> la carte grise est envoy\u00e9e de mani\u00e8re fiable et discr\u00e8te par la poste \u00e0 l&#8217;adresse de votre choix.<\/p>\n<p><strong>Remarque importante :<\/strong><\/p>\n<p>Le permis de circulation VZV ne peut \u00eatre <strong>clairement attribu\u00e9 \u00e0 votre v\u00e9hicule<\/strong> qu&#8217;<strong>apr\u00e8s sa production<\/strong>.<br \/>\nC&#8217;est pourquoi l&#8217;envoi a lieu \u00e0 une date <strong>proche de la date d&#8217;enl\u00e8vement ou de livraison du v\u00e9hicule<\/strong>. Nous n&#8217;avons aucune influence sur le moment exact de la livraison. <\/p>\n<p>Ce service sert en premier lieu \u00e0 <strong>vous \u00e9viter des d\u00e9placements suppl\u00e9mentaires et des efforts d&#8217;organisation<\/strong>.<\/p>\n","protected":false},"featured_media":32923,"template":"","meta":{"_acf_changed":false,"_kad_blocks_custom_css":"","_kad_blocks_head_custom_js":"","_kad_blocks_body_custom_js":"","_kad_blocks_footer_custom_js":"","_kad_post_transparent":"default","_kad_post_title":"","_kad_post_layout":"default","_kad_post_sidebar_id":"","_kad_post_content_style":"default","_kad_post_vertical_padding":"default","_kad_post_feature":"","_kad_post_feature_position":"","_kad_post_header":false,"_kad_post_footer":false,"_kad_post_classname":"","wds_primary_product_brand":0,"wds_primary_product_cat":0},"product_brand":[],"product_cat":[927,932],"product_tag":[],"class_list":{"0":"post-30766","1":"product","2":"type-product","3":"status-publish","4":"has-post-thumbnail","6":"product_cat-accessoires","7":"product_cat-divers","8":"product_shipping_class-classe-dexpedition-accessoires","10":"first","11":"instock","12":"taxable","13":"shipping-taxable","14":"purchasable","15":"product-type-simple","16":"entry","17":"content-bg","18":"loop-entry"},"bundled_by":[],"bundle_stock_status":"instock","bundle_stock_quantity":null,"bundle_virtual":false,"bundle_layout":"","bundle_add_to_cart_form_location":"","bundle_editable_in_cart":false,"bundle_sold_individually_context":"","bundle_item_grouping":"","bundle_min_size":"","bundle_max_size":"","bundle_price":[],"bundled_items":[],"bundle_sell_ids":[],"acf":[],"taxonomy_info":{"product_cat":[{"value":927,"label":"Accessoires"},{"value":932,"label":"Divers"}]},"featured_image_src_large":["https:\/\/aureusdrive.ch\/wp-content\/uploads\/2024\/05\/Fahrzeugausweis-1024x1024.webp",1024,1024,true],"author_info":[],"comment_info":"","_links":{"self":[{"href":"https:\/\/aureusdrive.ch\/fr\/wp-json\/wp\/v2\/product\/30766","targetHints":{"allow":["GET"]}}],"collection":[{"href":"https:\/\/aureusdrive.ch\/fr\/wp-json\/wp\/v2\/product"}],"about":[{"href":"https:\/\/aureusdrive.ch\/fr\/wp-json\/wp\/v2\/types\/product"}],"wp:featuredmedia":[{"embeddable":true,"href":"https:\/\/aureusdrive.ch\/fr\/wp-json\/wp\/v2\/media\/32923"}],"wp:attachment":[{"href":"https:\/\/aureusdrive.ch\/fr\/wp-json\/wp\/v2\/media?parent=30766"}],"wp:term":[{"taxonomy":"product_brand","embeddable":true,"href":"https:\/\/aureusdrive.ch\/fr\/wp-json\/wp\/v2\/product_brand?post=30766"},{"taxonomy":"product_cat","embeddable":true,"href":"https:\/\/aureusdrive.ch\/fr\/wp-json\/wp\/v2\/product_cat?post=30766"},{"taxonomy":"product_tag","embeddable":true,"href":"https:\/\/aureusdrive.ch\/fr\/wp-json\/wp\/v2\/product_tag?post=30766"}],"curies":[{"name":"wp","href":"https:\/\/api.w.org\/{rel}","templated":true}]}}