{"id":32010,"date":"2024-08-23T14:41:53","date_gmt":"2024-08-23T12:41:53","guid":{"rendered":"https:\/\/aureusdrive.ch\/produkt\/gates-belt-care-spray-150ml\/"},"modified":"2024-08-23T14:41:53","modified_gmt":"2024-08-23T12:41:53","slug":"gates-belt-care-spray-150ml","status":"publish","type":"product","link":"https:\/\/aureusdrive.ch\/fr\/produit\/gates-belt-care-spray-150ml\/","title":{"rendered":"Gates Belt Care Spray 150ml"},"content":{"rendered":"<p>UT Belt Care est sp\u00e9cialement con\u00e7u pour l&#8217;entretien et la maintenance du syst\u00e8me d&#8217;entra\u00eenement par courroie Gates Carbon Drive.<br \/>\nIl scelle et pr\u00e9serve, fait perler l&#8217;eau, prot\u00e8ge contre les salissures et assure un fonctionnement souple de votre syst\u00e8me Gates Carbon Drive.<br \/>\nCe lubrifiant sec de haute qualit\u00e9 ne tache pas et s&#8217;applique simplement en couche fine sur la surface de roulement de la courroie propre, o\u00f9 il s\u00e8che ou p\u00e9n\u00e8tre sans aucune retouche.  <\/p>\n","protected":false},"excerpt":{"rendered":"<p>Pour l&#8217;entretien et la maintenance des transmissions par courroie GatesCarbon Drive.<br \/>\nAppliquez une fine couche de silicone en spray sur la surface de roulement de la courroie et laissez s\u00e9cher \/ p\u00e9n\u00e9trer.<br \/>\n-Ne tache pas &#8211; Nourrit et prot\u00e8ge la transmission par courroie &#8211; Scelle, pr\u00e9serve et fait perler l&#8217;eau <strong>Attention !<\/strong> Ne pas vaporiser sur les freins !  <\/p>\n","protected":false},"featured_media":32907,"template":"","meta":{"_acf_changed":false,"_kad_blocks_custom_css":"","_kad_blocks_head_custom_js":"","_kad_blocks_body_custom_js":"","_kad_blocks_footer_custom_js":"","_kad_post_transparent":"","_kad_post_title":"","_kad_post_layout":"","_kad_post_sidebar_id":"","_kad_post_content_style":"","_kad_post_vertical_padding":"","_kad_post_feature":"","_kad_post_feature_position":"","_kad_post_header":false,"_kad_post_footer":false,"_kad_post_classname":"","wds_primary_product_brand":0,"wds_primary_product_cat":0},"product_brand":[],"product_cat":[927,932],"product_tag":[],"class_list":{"0":"post-32010","1":"product","2":"type-product","3":"status-publish","4":"has-post-thumbnail","6":"product_cat-accessoires","7":"product_cat-divers","8":"product_shipping_class-classe-dexpedition-accessoires","10":"first","11":"instock","12":"taxable","13":"shipping-taxable","14":"purchasable","15":"product-type-simple","16":"entry","17":"content-bg","18":"loop-entry"},"bundled_by":[],"bundle_stock_status":"instock","bundle_stock_quantity":null,"bundle_virtual":false,"bundle_layout":"","bundle_add_to_cart_form_location":"","bundle_editable_in_cart":false,"bundle_sold_individually_context":"","bundle_item_grouping":"","bundle_min_size":"","bundle_max_size":"","bundle_price":[],"bundled_items":[],"bundle_sell_ids":[],"acf":[],"taxonomy_info":{"product_cat":[{"value":927,"label":"Accessoires"},{"value":932,"label":"Divers"}]},"featured_image_src_large":["https:\/\/aureusdrive.ch\/wp-content\/uploads\/2024\/08\/Gates-Belt-Care-Spray-150ml-1024x1024.webp",1024,1024,true],"author_info":[],"comment_info":"","_links":{"self":[{"href":"https:\/\/aureusdrive.ch\/fr\/wp-json\/wp\/v2\/product\/32010","targetHints":{"allow":["GET"]}}],"collection":[{"href":"https:\/\/aureusdrive.ch\/fr\/wp-json\/wp\/v2\/product"}],"about":[{"href":"https:\/\/aureusdrive.ch\/fr\/wp-json\/wp\/v2\/types\/product"}],"wp:featuredmedia":[{"embeddable":true,"href":"https:\/\/aureusdrive.ch\/fr\/wp-json\/wp\/v2\/media\/32907"}],"wp:attachment":[{"href":"https:\/\/aureusdrive.ch\/fr\/wp-json\/wp\/v2\/media?parent=32010"}],"wp:term":[{"taxonomy":"product_brand","embeddable":true,"href":"https:\/\/aureusdrive.ch\/fr\/wp-json\/wp\/v2\/product_brand?post=32010"},{"taxonomy":"product_cat","embeddable":true,"href":"https:\/\/aureusdrive.ch\/fr\/wp-json\/wp\/v2\/product_cat?post=32010"},{"taxonomy":"product_tag","embeddable":true,"href":"https:\/\/aureusdrive.ch\/fr\/wp-json\/wp\/v2\/product_tag?post=32010"}],"curies":[{"name":"wp","href":"https:\/\/api.w.org\/{rel}","templated":true}]}}