{"id":34306,"date":"2024-11-13T14:15:15","date_gmt":"2024-11-13T13:15:15","guid":{"rendered":"https:\/\/aureusdrive.ch\/produkt\/kit-notos-brasseur-dair\/"},"modified":"2024-12-03T11:04:10","modified_gmt":"2024-12-03T10:04:10","slug":"kit-notos-brasseur-dair","status":"publish","type":"product","link":"https:\/\/aureusdrive.ch\/fr\/produit\/kit-notos-brasseur-dair\/","title":{"rendered":"Kit Notos, brasseur d&#8217;air"},"content":{"rendered":"<div>Le kit Notos, ou le tourbillon d&#8217;air, r\u00e9duit sensiblement les bruits de vent g\u00eanants pendant la randonn\u00e9e \u00e0 v\u00e9lo. <\/div>\n<div><\/div>\n<div>La fourrure synth\u00e9tique utilis\u00e9e interrompt le flux d&#8217;air et a un effet amortissant.<\/div>\n<div>Lorsqu&#8217;ils sont bien ajust\u00e9s, ils peuvent \u00e9liminer jusqu&#8217;\u00e0 70 % du bruit du vent au niveau des oreilles.<\/div>\n<div><\/div>\n<div>3 raisons d&#8217;opter pour un kit Notos :<\/div>\n<div>&#8211; Une perception plus rapide du trafic derri\u00e8re vous<\/div>\n<div>&#8211; Parlez et comprenez plus facilement avec votre interlocuteur num\u00e9rique lorsque vous faites du v\u00e9lo<\/div>\n<div>&#8211; Une protection agr\u00e9able de vos oreilles contre les bruits excessifs<\/div>\n<div><\/div>\n<div>Am\u00e9liorez &amp; profitez de votre casque Phenix intelligent.<\/div>\n","protected":false},"excerpt":{"rendered":"<p>Les points forts du produit :<\/p>\n<ul>\n<li>Une perception plus rapide du trafic derri\u00e8re vous<\/li>\n<li>Parlez et comprenez plus facilement avec votre interlocuteur num\u00e9rique lorsque vous faites du v\u00e9lo<\/li>\n<li>Une protection agr\u00e9able de vos oreilles contre les bruits excessifs<\/li>\n<\/ul>\n","protected":false},"featured_media":34113,"template":"","meta":{"_acf_changed":false,"_kad_blocks_custom_css":"","_kad_blocks_head_custom_js":"","_kad_blocks_body_custom_js":"","_kad_blocks_footer_custom_js":"","_kad_post_transparent":"","_kad_post_title":"","_kad_post_layout":"","_kad_post_sidebar_id":"","_kad_post_content_style":"","_kad_post_vertical_padding":"","_kad_post_feature":"","_kad_post_feature_position":"","_kad_post_header":false,"_kad_post_footer":false,"_kad_post_classname":"","wds_primary_product_brand":0,"wds_primary_product_cat":0},"product_brand":[],"product_cat":[927,928],"product_tag":[],"class_list":{"0":"post-34306","1":"product","2":"type-product","3":"status-publish","4":"has-post-thumbnail","6":"product_cat-accessoires","7":"product_cat-casque","8":"product_shipping_class-classe-dexpedition-accessoires","10":"first","11":"instock","12":"taxable","13":"shipping-taxable","14":"purchasable","15":"product-type-simple","16":"entry","17":"content-bg","18":"loop-entry"},"bundled_by":[],"bundle_stock_status":"instock","bundle_stock_quantity":8,"bundle_virtual":false,"bundle_layout":"","bundle_add_to_cart_form_location":"","bundle_editable_in_cart":false,"bundle_sold_individually_context":"","bundle_item_grouping":"","bundle_min_size":"","bundle_max_size":"","bundle_price":[],"bundled_items":[],"bundle_sell_ids":[],"acf":[],"taxonomy_info":{"product_cat":[{"value":927,"label":"Accessoires"},{"value":928,"label":"Casques &amp; V\u00eatements"}]},"featured_image_src_large":["https:\/\/aureusdrive.ch\/wp-content\/uploads\/2024\/11\/Notos-Verpackung-Inhalt-1024x1024.webp",1024,1024,true],"author_info":[],"comment_info":"","_links":{"self":[{"href":"https:\/\/aureusdrive.ch\/fr\/wp-json\/wp\/v2\/product\/34306","targetHints":{"allow":["GET"]}}],"collection":[{"href":"https:\/\/aureusdrive.ch\/fr\/wp-json\/wp\/v2\/product"}],"about":[{"href":"https:\/\/aureusdrive.ch\/fr\/wp-json\/wp\/v2\/types\/product"}],"wp:featuredmedia":[{"embeddable":true,"href":"https:\/\/aureusdrive.ch\/fr\/wp-json\/wp\/v2\/media\/34113"}],"wp:attachment":[{"href":"https:\/\/aureusdrive.ch\/fr\/wp-json\/wp\/v2\/media?parent=34306"}],"wp:term":[{"taxonomy":"product_brand","embeddable":true,"href":"https:\/\/aureusdrive.ch\/fr\/wp-json\/wp\/v2\/product_brand?post=34306"},{"taxonomy":"product_cat","embeddable":true,"href":"https:\/\/aureusdrive.ch\/fr\/wp-json\/wp\/v2\/product_cat?post=34306"},{"taxonomy":"product_tag","embeddable":true,"href":"https:\/\/aureusdrive.ch\/fr\/wp-json\/wp\/v2\/product_tag?post=34306"}],"curies":[{"name":"wp","href":"https:\/\/api.w.org\/{rel}","templated":true}]}}