{"id":34317,"date":"2024-11-13T14:18:51","date_gmt":"2024-11-13T13:18:51","guid":{"rendered":"https:\/\/aureusdrive.ch\/produkt\/e-bike-casque-phenix-noir\/"},"modified":"2025-07-18T14:09:35","modified_gmt":"2025-07-18T12:09:35","slug":"e-bike-casque-phenix-noir","status":"publish","type":"product","link":"https:\/\/aureusdrive.ch\/fr\/produit\/e-bike-casque-phenix-noir\/","title":{"rendered":"E-Bike casque Phenix, noir"},"content":{"rendered":"","protected":false},"excerpt":{"rendered":"<p>Sp\u00e9cialement con\u00e7u pour les speed pedelecs \/ v\u00e9los \u00e9lectriques, il allie style, performance et fiabilit\u00e9 dans un design compact et moderne.<br \/>\nComprend les \u00e9l\u00e9ments suivants :<\/p>\n<ul>\n<li>Technique de coul\u00e9e<\/li>\n<li>\u00c9clairage LED int\u00e9gr\u00e9<\/li>\n<li>Fonction de clignotement<\/li>\n<li>Feux de stop et feux de d\u00e9tresse<\/li>\n<li>Syst\u00e8me audio int\u00e9gr\u00e9 via la technologie de conduction osseuse<\/li>\n<li>Connectivit\u00e9 Bluetooth<\/li>\n<li>Fonction de s\u00e9curit\u00e9 int\u00e9gr\u00e9e<\/li>\n<li>Visi\u00e8re interchangeable<\/li>\n<\/ul>\n","protected":false},"featured_media":34095,"template":"","meta":{"_acf_changed":false,"_kad_blocks_custom_css":"","_kad_blocks_head_custom_js":"","_kad_blocks_body_custom_js":"","_kad_blocks_footer_custom_js":"","_kad_post_transparent":"default","_kad_post_title":"","_kad_post_layout":"default","_kad_post_sidebar_id":"","_kad_post_content_style":"default","_kad_post_vertical_padding":"default","_kad_post_feature":"","_kad_post_feature_position":"","_kad_post_header":false,"_kad_post_footer":false,"_kad_post_classname":"","wds_primary_product_brand":0,"wds_primary_product_cat":0},"product_brand":[],"product_cat":[927,928],"product_tag":[],"class_list":{"0":"post-34317","1":"product","2":"type-product","3":"status-publish","4":"has-post-thumbnail","6":"product_cat-accessoires","7":"product_cat-casque","8":"product_shipping_class-classe-dexpedition-accessoires","10":"first","11":"instock","12":"taxable","13":"shipping-taxable","14":"purchasable","15":"product-type-variable","16":"has-default-attributes","17":"entry","18":"content-bg","19":"loop-entry"},"bundled_by":["38042","37968","38056","38060"],"bundle_stock_status":"instock","bundle_stock_quantity":null,"bundle_virtual":false,"bundle_layout":"","bundle_add_to_cart_form_location":"","bundle_editable_in_cart":false,"bundle_sold_individually_context":"","bundle_item_grouping":"","bundle_min_size":"","bundle_max_size":"","bundle_price":[],"bundled_items":[],"bundle_sell_ids":[],"acf":[],"taxonomy_info":{"product_cat":[{"value":927,"label":"Accessoires"},{"value":928,"label":"Casques &amp; V\u00eatements"}]},"featured_image_src_large":["https:\/\/aureusdrive.ch\/wp-content\/uploads\/2024\/11\/Hplus-Fahrradhelm-Phenix-schwarz-Seitenprofil-1024x1024.webp",1024,1024,true],"author_info":[],"comment_info":"","_links":{"self":[{"href":"https:\/\/aureusdrive.ch\/fr\/wp-json\/wp\/v2\/product\/34317","targetHints":{"allow":["GET"]}}],"collection":[{"href":"https:\/\/aureusdrive.ch\/fr\/wp-json\/wp\/v2\/product"}],"about":[{"href":"https:\/\/aureusdrive.ch\/fr\/wp-json\/wp\/v2\/types\/product"}],"wp:featuredmedia":[{"embeddable":true,"href":"https:\/\/aureusdrive.ch\/fr\/wp-json\/wp\/v2\/media\/34095"}],"wp:attachment":[{"href":"https:\/\/aureusdrive.ch\/fr\/wp-json\/wp\/v2\/media?parent=34317"}],"wp:term":[{"taxonomy":"product_brand","embeddable":true,"href":"https:\/\/aureusdrive.ch\/fr\/wp-json\/wp\/v2\/product_brand?post=34317"},{"taxonomy":"product_cat","embeddable":true,"href":"https:\/\/aureusdrive.ch\/fr\/wp-json\/wp\/v2\/product_cat?post=34317"},{"taxonomy":"product_tag","embeddable":true,"href":"https:\/\/aureusdrive.ch\/fr\/wp-json\/wp\/v2\/product_tag?post=34317"}],"curies":[{"name":"wp","href":"https:\/\/api.w.org\/{rel}","templated":true}]}}