{"id":34336,"date":"2024-11-13T13:24:32","date_gmt":"2024-11-13T12:24:32","guid":{"rendered":"https:\/\/aureusdrive.ch\/produkt\/veste-de-securite-pour-velo-electrique-pollux-unisexe\/"},"modified":"2025-01-16T15:09:37","modified_gmt":"2025-01-16T14:09:37","slug":"veste-de-securite-pour-velo-electrique-pollux-unisexe","status":"publish","type":"product","link":"https:\/\/aureusdrive.ch\/fr\/produit\/veste-de-securite-pour-velo-electrique-pollux-unisexe\/","title":{"rendered":"Veste de s\u00e9curit\u00e9 E-Bike unisexe POLLUX"},"content":{"rendered":"<p>La <strong>veste de s\u00e9curit\u00e9 pour v\u00e9lo \u00e9lectrique unisexe POLLUX<\/strong> allie s\u00e9curit\u00e9, confort et design moderne. Elle est parfaite pour les cyclistes \u00e0 v\u00e9lo \u00e9lectrique qui souhaitent tirer le meilleur parti de chaque sortie. \u00c9quip\u00e9e de <strong>coussinets de protection amovibles<\/strong>, cette veste offre une protection fiable en cas d&#8217;accident sans restreindre la libert\u00e9 de mouvement. Gr\u00e2ce \u00e0 ses <strong>mat\u00e9riaux imperm\u00e9ables et coupe-vent<\/strong>, elle r\u00e9siste aux conditions m\u00e9t\u00e9orologiques les plus rudes et vous garde au chaud et au sec en cas de pluie ou de vent. Les <strong>\u00e9l\u00e9ments r\u00e9fl\u00e9chissants<\/strong> assurent une visibilit\u00e9 maximale dans l&#8217;obscurit\u00e9 et augmentent ainsi votre s\u00e9curit\u00e9 sur la route. Le <strong>blouson de s\u00e9curit\u00e9 E-Bike Unisex POLLUX<\/strong> est \u00e9galement \u00e9quip\u00e9 d&#8217;une <strong>veste int\u00e9rieure amovible<\/strong>, ce qui vous permet de l&#8217;adapter en toute flexibilit\u00e9 aux changements de temp\u00e9rature &#8211; un v\u00e9ritable atout par tous les temps. Disponible dans les tailles <strong>S \u00e0 XXL<\/strong>, elle s&#8217;adapte parfaitement \u00e0 toutes les morphologies.   <\/p>\n<p><strong>Fonctions cl\u00e9s en un coup d&#8217;\u0153il :<\/strong><\/p>\n<ul>\n<li>Protection exceptionnelle gr\u00e2ce aux <strong>protections amovibles<\/strong><\/li>\n<li><strong>\u00c9l\u00e9ments r\u00e9fl\u00e9chissants<\/strong> pour une meilleure visibilit\u00e9 de nuit<\/li>\n<li><strong>Imperm\u00e9able et coupe-vent<\/strong>, id\u00e9al pour le mauvais temps<\/li>\n<li><strong>Veste int\u00e9rieure amovible<\/strong> pour une utilisation toute l&#8217;ann\u00e9e<\/li>\n<li>Design moderne, disponible dans les tailles S-XXL<\/li>\n<\/ul>\n<p>Que ce soit sur le chemin du travail ou lors de longues randonn\u00e9es \u00e0 v\u00e9lo \u00e9lectrique, la <strong>veste de s\u00e9curit\u00e9 pour v\u00e9lo \u00e9lectrique unisexe POLLUX<\/strong> est la combinaison parfaite entre style, fonctionnalit\u00e9 et s\u00e9curit\u00e9.<\/p>\n","protected":false},"excerpt":{"rendered":"<p>Les points forts du produit :<\/p>\n<ul>\n<li><strong>Coussins de protection amovibles :<\/strong> la veste est \u00e9quip\u00e9e de coussins de protection int\u00e9gr\u00e9s facilement amovibles, qui offrent une protection suppl\u00e9mentaire pendant la conduite.<\/li>\n<li><strong>\u00c9l\u00e9ments r\u00e9fl\u00e9chissants :<\/strong> des logos r\u00e9fl\u00e9chissants strat\u00e9giquement plac\u00e9s \u00e0 l&#8217;arri\u00e8re assurent une meilleure visibilit\u00e9 sur la route, en particulier dans des conditions de faible luminosit\u00e9.<\/li>\n<li><strong>Imperm\u00e9able et coupe-vent :<\/strong> le mat\u00e9riau de haute qualit\u00e9 offre une protection fiable contre le vent et la pluie, ce qui vous permet de rouler confortablement m\u00eame dans des conditions m\u00e9t\u00e9orologiques d\u00e9favorables.<\/li>\n<li><strong>Veste int\u00e9rieure amovible :<\/strong> la veste int\u00e9rieure amovible permet d&#8217;adapter la veste aux changements de temp\u00e9rature, ce qui la rend adapt\u00e9e aussi bien aux journ\u00e9es fra\u00eeches qu&#8217;aux journ\u00e9es plus chaudes.<\/li>\n<li><strong>Tailles disponibles :<\/strong> Disponible en tailles S, M, L, XL et XXL pour garantir un ajustement optimal aux diff\u00e9rents types de corps.<\/li>\n<\/ul>\n","protected":false},"featured_media":34265,"template":"","meta":{"_acf_changed":false,"_kad_blocks_custom_css":"","_kad_blocks_head_custom_js":"","_kad_blocks_body_custom_js":"","_kad_blocks_footer_custom_js":"","_kad_post_transparent":"","_kad_post_title":"","_kad_post_layout":"","_kad_post_sidebar_id":"","_kad_post_content_style":"","_kad_post_vertical_padding":"","_kad_post_feature":"","_kad_post_feature_position":"","_kad_post_header":false,"_kad_post_footer":false,"_kad_post_classname":"","wds_primary_product_brand":0,"wds_primary_product_cat":0},"product_brand":[],"product_cat":[927,928],"product_tag":[],"class_list":{"0":"post-34336","1":"product","2":"type-product","3":"status-publish","4":"has-post-thumbnail","6":"product_cat-accessoires","7":"product_cat-casque","8":"product_shipping_class-classe-dexpedition-accessoires","10":"first","11":"instock","12":"taxable","13":"shipping-taxable","14":"purchasable","15":"product-type-variable","16":"has-default-attributes","17":"entry","18":"content-bg","19":"loop-entry"},"bundled_by":["35859","38102","38068","38042","37968","38047","38051","38056","38060","38064"],"bundle_stock_status":"instock","bundle_stock_quantity":null,"bundle_virtual":false,"bundle_layout":"","bundle_add_to_cart_form_location":"","bundle_editable_in_cart":false,"bundle_sold_individually_context":"","bundle_item_grouping":"","bundle_min_size":"","bundle_max_size":"","bundle_price":[],"bundled_items":[],"bundle_sell_ids":[],"acf":[],"taxonomy_info":{"product_cat":[{"value":927,"label":"Accessoires"},{"value":928,"label":"Casques &amp; V\u00eatements"}]},"featured_image_src_large":["https:\/\/aureusdrive.ch\/wp-content\/uploads\/2024\/11\/E-Bike-Sicherheitsjacke-POLLUX-unisex-vorne-1024x1024.webp",1024,1024,true],"author_info":[],"comment_info":"","_links":{"self":[{"href":"https:\/\/aureusdrive.ch\/fr\/wp-json\/wp\/v2\/product\/34336","targetHints":{"allow":["GET"]}}],"collection":[{"href":"https:\/\/aureusdrive.ch\/fr\/wp-json\/wp\/v2\/product"}],"about":[{"href":"https:\/\/aureusdrive.ch\/fr\/wp-json\/wp\/v2\/types\/product"}],"wp:featuredmedia":[{"embeddable":true,"href":"https:\/\/aureusdrive.ch\/fr\/wp-json\/wp\/v2\/media\/34265"}],"wp:attachment":[{"href":"https:\/\/aureusdrive.ch\/fr\/wp-json\/wp\/v2\/media?parent=34336"}],"wp:term":[{"taxonomy":"product_brand","embeddable":true,"href":"https:\/\/aureusdrive.ch\/fr\/wp-json\/wp\/v2\/product_brand?post=34336"},{"taxonomy":"product_cat","embeddable":true,"href":"https:\/\/aureusdrive.ch\/fr\/wp-json\/wp\/v2\/product_cat?post=34336"},{"taxonomy":"product_tag","embeddable":true,"href":"https:\/\/aureusdrive.ch\/fr\/wp-json\/wp\/v2\/product_tag?post=34336"}],"curies":[{"name":"wp","href":"https:\/\/api.w.org\/{rel}","templated":true}]}}