{"id":34951,"date":"2024-12-04T13:54:29","date_gmt":"2024-12-04T12:54:29","guid":{"rendered":"https:\/\/aureusdrive.ch\/produkt\/gants-dhiver-pour-velo-electrique-neoprene\/"},"modified":"2024-12-30T14:12:43","modified_gmt":"2024-12-30T13:12:43","slug":"gants-dhiver-pour-velo-electrique-neoprene","status":"publish","type":"product","link":"https:\/\/aureusdrive.ch\/fr\/produit\/gants-dhiver-pour-velo-electrique-neoprene\/","title":{"rendered":"Gants d&#8217;hiver pour v\u00e9lo \u00e9lectrique, n\u00e9opr\u00e8ne"},"content":{"rendered":"<p>Les gants de v\u00e9lo d&#8217;hiver en n\u00e9opr\u00e8ne sont le choix id\u00e9al pour les cyclistes qui roulent m\u00eame dans des conditions m\u00e9t\u00e9orologiques extr\u00eames. Compar\u00e9s \u00e0 la version softshell, les gants en n\u00e9opr\u00e8ne offrent une protection encore plus forte contre l&#8217;humidit\u00e9 et sont parfaits pour rouler sous la pluie, la neige<br \/>\net le froid glacial. Gr\u00e2ce \u00e0 leur m\u00e9lange de mat\u00e9riaux innovants, ils allient fonctionnalit\u00e9 et confort au plus haut niveau. Les gants en n\u00e9opr\u00e8ne sont parfaits pour les cyclistes d&#8217;hiver qui roulent souvent sous la pluie, la neige ou par des temp\u00e9ratures glaciales.<br \/>\nIls sont particuli\u00e8rement adapt\u00e9s aux longues randonn\u00e9es, aux trajets sportifs ou aux navettes quotidiennes dans des conditions d\u00e9favorables. Disponibles en plusieurs tailles &#8211; trouvez la coupe parfaite pour une protection et un confort optimaux. Commandez d\u00e8s maintenant et gardez vos mains au chaud et au sec par tous les temps !<\/p>\n","protected":false},"excerpt":{"rendered":"<p>Les points forts du produit :<\/p>\n<ul>\n<li><strong>Mat\u00e9riau n\u00e9opr\u00e8ne :<\/strong> offre une protection de premier ordre contre le vent, la pluie et la neige &#8211; particuli\u00e8rement adapt\u00e9 aux conditions tr\u00e8s humides ou mouill\u00e9es.<\/li>\n<li><strong>Isolation thermique maximale :<\/strong> le mat\u00e9riau \u00e9pais et isolant garde vos mains au chaud, m\u00eame \u00e0 des temp\u00e9ratures extr\u00eamement basses.<\/li>\n<li><strong>Imperm\u00e9able et robuste :<\/strong> le n\u00e9opr\u00e8ne est naturellement imperm\u00e9able et prot\u00e8ge efficacement contre la p\u00e9n\u00e9tration de l&#8217;humidit\u00e9.<\/li>\n<li><strong>Grip antid\u00e9rapant :<\/strong> les paumes renforc\u00e9es assurent une prise en main s\u00fbre, m\u00eame en cas d&#8217;humidit\u00e9.<\/li>\n<li><strong>Forme ergonomique :<\/strong> s&#8217;adapte \u00e9troitement \u00e0 la main, s&#8217;ajuste de mani\u00e8re flexible et offre une excellente libert\u00e9 de mouvement.<\/li>\n<\/ul>\n","protected":false},"featured_media":34193,"template":"","meta":{"_acf_changed":false,"_kad_blocks_custom_css":"","_kad_blocks_head_custom_js":"","_kad_blocks_body_custom_js":"","_kad_blocks_footer_custom_js":"","_kad_post_transparent":"default","_kad_post_title":"","_kad_post_layout":"default","_kad_post_sidebar_id":"","_kad_post_content_style":"default","_kad_post_vertical_padding":"default","_kad_post_feature":"","_kad_post_feature_position":"","_kad_post_header":false,"_kad_post_footer":false,"_kad_post_classname":"","wds_primary_product_brand":0,"wds_primary_product_cat":0},"product_brand":[],"product_cat":[927,928],"product_tag":[],"class_list":{"0":"post-34951","1":"product","2":"type-product","3":"status-publish","4":"has-post-thumbnail","6":"product_cat-accessoires","7":"product_cat-casque","8":"product_shipping_class-classe-dexpedition-accessoires","10":"first","11":"instock","12":"taxable","13":"shipping-taxable","14":"purchasable","15":"product-type-variable","16":"has-default-attributes","17":"entry","18":"content-bg","19":"loop-entry"},"bundled_by":["35859"],"bundle_stock_status":"instock","bundle_stock_quantity":null,"bundle_virtual":false,"bundle_layout":"","bundle_add_to_cart_form_location":"","bundle_editable_in_cart":false,"bundle_sold_individually_context":"","bundle_item_grouping":"","bundle_min_size":"","bundle_max_size":"","bundle_price":[],"bundled_items":[],"bundle_sell_ids":[],"acf":[],"taxonomy_info":{"product_cat":[{"value":927,"label":"Accessoires"},{"value":928,"label":"Casques &amp; V\u00eatements"}]},"featured_image_src_large":["https:\/\/aureusdrive.ch\/wp-content\/uploads\/2024\/11\/Softshell-E-Bike-Winter-Handschuhe-1024x1024.webp",1024,1024,true],"author_info":[],"comment_info":"","_links":{"self":[{"href":"https:\/\/aureusdrive.ch\/fr\/wp-json\/wp\/v2\/product\/34951","targetHints":{"allow":["GET"]}}],"collection":[{"href":"https:\/\/aureusdrive.ch\/fr\/wp-json\/wp\/v2\/product"}],"about":[{"href":"https:\/\/aureusdrive.ch\/fr\/wp-json\/wp\/v2\/types\/product"}],"wp:featuredmedia":[{"embeddable":true,"href":"https:\/\/aureusdrive.ch\/fr\/wp-json\/wp\/v2\/media\/34193"}],"wp:attachment":[{"href":"https:\/\/aureusdrive.ch\/fr\/wp-json\/wp\/v2\/media?parent=34951"}],"wp:term":[{"taxonomy":"product_brand","embeddable":true,"href":"https:\/\/aureusdrive.ch\/fr\/wp-json\/wp\/v2\/product_brand?post=34951"},{"taxonomy":"product_cat","embeddable":true,"href":"https:\/\/aureusdrive.ch\/fr\/wp-json\/wp\/v2\/product_cat?post=34951"},{"taxonomy":"product_tag","embeddable":true,"href":"https:\/\/aureusdrive.ch\/fr\/wp-json\/wp\/v2\/product_tag?post=34951"}],"curies":[{"name":"wp","href":"https:\/\/api.w.org\/{rel}","templated":true}]}}