{"id":35745,"date":"2025-02-20T14:20:50","date_gmt":"2025-02-20T13:20:50","guid":{"rendered":"https:\/\/aureusdrive.ch\/produkt\/fidlock-twist-bike-base-base\/"},"modified":"2025-02-20T14:20:50","modified_gmt":"2025-02-20T13:20:50","slug":"fidlock-twist-bike-base-base","status":"publish","type":"product","link":"https:\/\/aureusdrive.ch\/fr\/produit\/fidlock-twist-bike-base-base\/","title":{"rendered":"Fidlock TWIST Bike Base \/ Base"},"content":{"rendered":"<h3 data-start=\"1426\" data-end=\"1505\"><strong data-start=\"1430\" data-end=\"1503\">Le syst\u00e8me Fidlock TWIST &#8211; une r\u00e9volution magn\u00e9tique pour les bidons de v\u00e9lo<\/strong><\/h3>\n<p data-start=\"1506\" data-end=\"1879\">Le <strong data-start=\"1510\" data-end=\"1534\">syst\u00e8me Fidlock TWIST<\/strong> combine les avantages d&#8217;une fermeture magn\u00e9tique et d&#8217;un verrouillage m\u00e9canique s\u00fbr.<br \/>\nIl suffit d&#8217;amener le bidon \u00e0 la <strong data-start=\"1662\" data-end=\"1676\">base TWIST<\/strong>, o\u00f9 il se positionne automatiquement gr\u00e2ce \u00e0 de puissants aimants et se verrouille m\u00e9caniquement.<br \/>\nPour le lib\u00e9rer, un simple mouvement de rotation sur le c\u00f4t\u00e9 suffit &#8211; rapide, intuitif et parfait pour chaque trajet.<\/p>\n<p data-start=\"1881\" data-end=\"2220\"><strong>Avantages :<\/strong><br data-start=\"1890\" data-end=\"1893\">\u2714 <strong data-start=\"1895\" data-end=\"1918\">Simple &amp; intuitif :<\/strong> le bidon tient bien et se d\u00e9tache en un clin d&#8217;\u0153il<br data-start=\"1972\" data-end=\"1975\">\u2714 <strong data-start=\"1977\" data-end=\"2013\">Pas un porte-bidon classique :<\/strong> plus de libert\u00e9 pour les cadres modernes<br data-start=\"2053\" data-end=\"2056\">\u2714 <strong data-start=\"2058\" data-end=\"2083\">S\u00fbr &amp; fiable :<\/strong> M\u00eame sur les sentiers cahoteux, la bouteille reste stable &amp; solide<br data-start=\"2135\" data-end=\"2138\">\u2714 <strong data-start=\"2140\" data-end=\"2168\">Combinaison polyvalente :<\/strong> fonctionne avec toutes les bases et connecteurs TWIST<\/p>\n<p data-start=\"2222\" data-end=\"2389\">Gr\u00e2ce \u00e0 l&#8217;astucieuse technologie TWIST, la prise en main et le rangement de la gourde sont encore plus pratiques &#8211; pour que vous puissiez vous concentrer pleinement sur votre trajet !<\/p>\n<p data-start=\"125\" data-end=\"535\">Avec la <strong data-start=\"133\" data-end=\"160\">Fidlock TWIST bike base<\/strong>, la cage \u00e0 bidon classique appartient au pass\u00e9 !<br \/>\nCe syst\u00e8me de fixation compact et plat permet une int\u00e9gration s\u00fbre et discr\u00e8te des bidons TWIST dans les cadres de v\u00e9lo.<br \/>\nLa base se fixe tr\u00e8s simplement sur les douilles filet\u00e9es traditionnelles des porte-bidons et permet aux bidons de trouver facilement leur place.<\/p>\n<p data-start=\"537\" data-end=\"859\">\u2705 <strong data-start=\"539\" data-end=\"566\">Design minimaliste<\/strong> &#8211; \u00e0 peine visible, mais fonctionnel au maximum<br data-start=\"607\" data-end=\"610\">\u2705 <strong data-start=\"612\" data-end=\"633\">Syst\u00e8me sans cage<\/strong> pour plus de flexibilit\u00e9 et un gain de place<br data-start=\"674\" data-end=\"677\">\u2705 <strong data-start=\"679\" data-end=\"699\">Montage facile<\/strong> avec fixation par vis sur les douilles filet\u00e9es standard<br data-start=\"753\" data-end=\"756\">\u2705 <strong data-start=\"758\" data-end=\"773\" data-is-only-node=\"\">Ultral\u00e9ger<\/strong> avec seulement 16 g<br data-start=\"786\" data-end=\"789\">\u2705 <strong data-start=\"791\" data-end=\"829\">Compatible avec tous les modules TWIST<\/strong> &#8211; possibilit\u00e9s illimit\u00e9es<\/p>\n<p data-start=\"861\" data-end=\"880\"><strong data-start=\"861\" data-end=\"878\">Contenu de la livraison :<\/strong><\/p>\n<ul data-start=\"881\" data-end=\"968\">\n<li data-start=\"881\" data-end=\"926\">Fidlock TWIST bike base (vis incluses)<\/li>\n<li data-start=\"927\" data-end=\"968\">Mode d&#8217;emploi sur l&#8217;emballage<\/li>\n<\/ul>\n<p><strong>Remarque :<br \/>\n<\/strong>Tous les mod\u00e8les DailyDrive, ainsi que le mod\u00e8le Power45 &#8211; entr\u00e9e haute, sont d\u00e9j\u00e0 \u00e9quip\u00e9s de la base lors de l&#8217;achat d&#8217;un nouveau mod\u00e8le. Pour tous les autres mod\u00e8les, une base doit \u00eatre achet\u00e9e en plus. <\/p>\n","protected":false},"excerpt":{"rendered":"<p data-start=\"125\" data-end=\"535\">Avec la <strong data-start=\"133\" data-end=\"160\">Fidlock TWIST bike base<\/strong>, la cage \u00e0 bidon classique appartient au pass\u00e9 !<br \/>\nCe syst\u00e8me de fixation compact et plat permet une int\u00e9gration s\u00fbre et discr\u00e8te des bidons TWIST dans les cadres de v\u00e9lo.<br \/>\nLa base se fixe tr\u00e8s simplement sur les douilles filet\u00e9es traditionnelles des porte-bidons et permet aux bidons de trouver facilement leur place.<\/p>\n<p data-start=\"537\" data-end=\"859\">\u2705 <strong data-start=\"539\" data-end=\"566\">Design minimaliste<\/strong> &#8211; \u00e0 peine visible, mais fonctionnel au maximum<br data-start=\"607\" data-end=\"610\">\u2705 <strong data-start=\"612\" data-end=\"633\">Syst\u00e8me sans cage<\/strong> pour plus de flexibilit\u00e9 et un gain de place<br data-start=\"674\" data-end=\"677\">\u2705 <strong data-start=\"679\" data-end=\"699\">Montage facile<\/strong> avec fixation par vis sur les douilles filet\u00e9es standard<br data-start=\"753\" data-end=\"756\">\u2705 <strong data-start=\"758\" data-end=\"773\" data-is-only-node=\"\">Ultral\u00e9ger<\/strong> avec seulement 16 g<br data-start=\"786\" data-end=\"789\">\u2705 <strong data-start=\"791\" data-end=\"829\">Compatible avec tous les modules TWIST<\/strong> &#8211; possibilit\u00e9s illimit\u00e9es<\/p>\n<p data-start=\"537\" data-end=\"859\"><strong>Remarque :<br \/>\n<\/strong>Tous les mod\u00e8les DailyDrive, ainsi que le mod\u00e8le Power45 &#8211; entr\u00e9e haute, sont d\u00e9j\u00e0 \u00e9quip\u00e9s de la base lors de l&#8217;achat d&#8217;un nouveau mod\u00e8le.<br \/>\nPour tous les autres mod\u00e8les &amp; en cas de montage ult\u00e9rieur, une base est n\u00e9cessaire.<\/p>\n","protected":false},"featured_media":35726,"template":"","meta":{"_acf_changed":false,"_kad_blocks_custom_css":"","_kad_blocks_head_custom_js":"","_kad_blocks_body_custom_js":"","_kad_blocks_footer_custom_js":"","_kad_post_transparent":"","_kad_post_title":"","_kad_post_layout":"","_kad_post_sidebar_id":"","_kad_post_content_style":"","_kad_post_vertical_padding":"","_kad_post_feature":"","_kad_post_feature_position":"","_kad_post_header":false,"_kad_post_footer":false,"_kad_post_classname":"","wds_primary_product_brand":0,"wds_primary_product_cat":0},"product_brand":[],"product_cat":[927,932],"product_tag":[],"class_list":{"0":"post-35745","1":"product","2":"type-product","3":"status-publish","4":"has-post-thumbnail","6":"product_cat-accessoires","7":"product_cat-divers","8":"product_shipping_class-classe-dexpedition-accessoires","10":"first","11":"instock","12":"taxable","13":"shipping-taxable","14":"purchasable","15":"product-type-simple","16":"entry","17":"content-bg","18":"loop-entry"},"bundled_by":[],"bundle_stock_status":"instock","bundle_stock_quantity":null,"bundle_virtual":false,"bundle_layout":"","bundle_add_to_cart_form_location":"","bundle_editable_in_cart":false,"bundle_sold_individually_context":"","bundle_item_grouping":"","bundle_min_size":"","bundle_max_size":"","bundle_price":[],"bundled_items":[],"bundle_sell_ids":[],"acf":[],"taxonomy_info":{"product_cat":[{"value":927,"label":"Accessoires"},{"value":932,"label":"Divers"}]},"featured_image_src_large":["https:\/\/aureusdrive.ch\/wp-content\/uploads\/2025\/02\/1103_dbd94355b89a772afd7b77d21b3b6f86.jpg",700,700,false],"author_info":[],"comment_info":"","_links":{"self":[{"href":"https:\/\/aureusdrive.ch\/fr\/wp-json\/wp\/v2\/product\/35745","targetHints":{"allow":["GET"]}}],"collection":[{"href":"https:\/\/aureusdrive.ch\/fr\/wp-json\/wp\/v2\/product"}],"about":[{"href":"https:\/\/aureusdrive.ch\/fr\/wp-json\/wp\/v2\/types\/product"}],"wp:featuredmedia":[{"embeddable":true,"href":"https:\/\/aureusdrive.ch\/fr\/wp-json\/wp\/v2\/media\/35726"}],"wp:attachment":[{"href":"https:\/\/aureusdrive.ch\/fr\/wp-json\/wp\/v2\/media?parent=35745"}],"wp:term":[{"taxonomy":"product_brand","embeddable":true,"href":"https:\/\/aureusdrive.ch\/fr\/wp-json\/wp\/v2\/product_brand?post=35745"},{"taxonomy":"product_cat","embeddable":true,"href":"https:\/\/aureusdrive.ch\/fr\/wp-json\/wp\/v2\/product_cat?post=35745"},{"taxonomy":"product_tag","embeddable":true,"href":"https:\/\/aureusdrive.ch\/fr\/wp-json\/wp\/v2\/product_tag?post=35745"}],"curies":[{"name":"wp","href":"https:\/\/api.w.org\/{rel}","templated":true}]}}