{"id":36435,"date":"2025-03-06T13:38:04","date_gmt":"2025-03-06T12:38:04","guid":{"rendered":"https:\/\/aureusdrive.ch\/?post_type=product&#038;p=36435"},"modified":"2025-08-19T15:59:25","modified_gmt":"2025-08-19T13:59:25","slug":"powerdrive-acces-bas-pinion","status":"publish","type":"product","link":"https:\/\/aureusdrive.ch\/fr\/produit\/powerdrive-acces-bas-pinion\/","title":{"rendered":"<b>PowerDrive &#8211; Acc\u00e8s bas, entra\u00eenement Pinion<\/b>"},"content":{"rendered":"","protected":false},"excerpt":{"rendered":"<p><strong>Le mod\u00e8le en un coup d&#8217;\u0153il :<\/strong><\/p>\n<p>\u2713 <strong>Cadre e-bike avec batterie int\u00e9gr\u00e9e<\/strong><br \/>\n\u2713 <strong>Moteur de moyeu arri\u00e8re AureusDrive puissant &amp; silencieux avec 1&#8217;000W<br \/>\n<\/strong>\u2713 <strong>Transmission Pinion C-Linie C1.9 ,Gates Carbon Drive<\/strong><strong><br \/>\n<\/strong>\u2713 <strong>Autonomie de la batterie jusqu&#8217;\u00e0 200 km (valeur indicative)<br \/>\n<\/strong>\u2713 <strong>Check-up gratuit* de 500 km<br \/>\n<\/strong>\u2713 <strong>Batterie lithium-ion de 1&#8217;440 Wh<br \/>\n<\/strong>\u2713 <strong>Couple de 55 Nm<\/strong><strong><br \/>\n<\/strong>\u2713 <strong>\u00c9clairage, y compris fonction feux de route<br \/>\n<\/strong>\u2713 <strong>Freinage moteur r\u00e9g\u00e9n\u00e9ratif, ainsi que lors de l&#8217;actionnement du frein pour une recharge pendant le trajet<br \/>\n<\/strong>\u2713 <strong>Montage complet &amp; assurance qualit\u00e9 \u00e0 Lucerne, Suisse<\/strong><\/p>\n","protected":false},"featured_media":36946,"template":"","meta":{"_acf_changed":false,"_kad_blocks_custom_css":"","_kad_blocks_head_custom_js":"","_kad_blocks_body_custom_js":"","_kad_blocks_footer_custom_js":"","_kad_post_transparent":"default","_kad_post_title":"","_kad_post_layout":"default","_kad_post_sidebar_id":"","_kad_post_content_style":"default","_kad_post_vertical_padding":"default","_kad_post_feature":"","_kad_post_feature_position":"","_kad_post_header":false,"_kad_post_footer":false,"_kad_post_classname":"","wds_primary_product_brand":0,"wds_primary_product_cat":0},"product_brand":[],"product_cat":[1067,51],"product_tag":[],"class_list":{"0":"post-36435","1":"product","2":"type-product","3":"status-publish","4":"has-post-thumbnail","6":"product_cat-powerdrive-fr","7":"product_cat-velo-electrique","8":"product_shipping_class-expedition-velo","10":"first","11":"instock","12":"taxable","13":"shipping-taxable","14":"purchasable","15":"product-type-variable","16":"has-default-attributes","17":"entry","18":"content-bg","19":"loop-entry"},"bundled_by":["38064","38056"],"bundle_stock_status":"instock","bundle_stock_quantity":null,"bundle_virtual":false,"bundle_layout":"","bundle_add_to_cart_form_location":"","bundle_editable_in_cart":false,"bundle_sold_individually_context":"","bundle_item_grouping":"","bundle_min_size":"","bundle_max_size":"","bundle_price":[],"bundled_items":[],"bundle_sell_ids":[],"acf":[],"taxonomy_info":{"product_cat":[{"value":1067,"label":"PowerDrive"},{"value":51,"label":"V\u00e9lo \u00e9lectrique"}]},"featured_image_src_large":["https:\/\/aureusdrive.ch\/wp-content\/uploads\/2025\/03\/PowerDrive-Tiefer-Einstieg-Weiss-Riemen-1024x1024.jpg",1024,1024,true],"author_info":[],"comment_info":"","_links":{"self":[{"href":"https:\/\/aureusdrive.ch\/fr\/wp-json\/wp\/v2\/product\/36435","targetHints":{"allow":["GET"]}}],"collection":[{"href":"https:\/\/aureusdrive.ch\/fr\/wp-json\/wp\/v2\/product"}],"about":[{"href":"https:\/\/aureusdrive.ch\/fr\/wp-json\/wp\/v2\/types\/product"}],"wp:featuredmedia":[{"embeddable":true,"href":"https:\/\/aureusdrive.ch\/fr\/wp-json\/wp\/v2\/media\/36946"}],"wp:attachment":[{"href":"https:\/\/aureusdrive.ch\/fr\/wp-json\/wp\/v2\/media?parent=36435"}],"wp:term":[{"taxonomy":"product_brand","embeddable":true,"href":"https:\/\/aureusdrive.ch\/fr\/wp-json\/wp\/v2\/product_brand?post=36435"},{"taxonomy":"product_cat","embeddable":true,"href":"https:\/\/aureusdrive.ch\/fr\/wp-json\/wp\/v2\/product_cat?post=36435"},{"taxonomy":"product_tag","embeddable":true,"href":"https:\/\/aureusdrive.ch\/fr\/wp-json\/wp\/v2\/product_tag?post=36435"}],"curies":[{"name":"wp","href":"https:\/\/api.w.org\/{rel}","templated":true}]}}