{"id":37731,"date":"2025-04-22T16:40:49","date_gmt":"2025-04-22T14:40:49","guid":{"rendered":"https:\/\/aureusdrive.ch\/?post_type=product&#038;p=37731"},"modified":"2026-04-01T20:33:51","modified_gmt":"2026-04-01T18:33:51","slug":"dailydrive-plus-entree-haut-transmission-par-chaine","status":"publish","type":"product","link":"https:\/\/aureusdrive.ch\/fr\/produit\/dailydrive-plus-entree-haut-transmission-par-chaine\/","title":{"rendered":"<b>DailyDrive Plus &#8211; Entr\u00e9e haut, transmission par cha\u00eene<\/b>"},"content":{"rendered":"<p><strong>Que comprend la version Plus?<\/strong><\/p>\n<p><strong>L&#8217;\u00e9dition DailyDrive Plus<\/strong> est livr\u00e9e de s\u00e9rie avec les points forts suivants:<\/p>\n<p>\ud83d\udd12 Antivol de cadre AXA avec cha\u00eene \u00e0 encastrer<br \/>\n\ud83d\udca1 Feu avant Litemove avec feu de route<br \/>\n\ud83d\udea6 Feu arri\u00e8re Glow avec fonction feu stop<br \/>\n\ud83e\ude91 Tige de selle sur ressorts (Ergotec) &#8211; jusqu&#8217;\u00e0 100 kg<br \/>\n\ud83d\udee0 Potence r\u00e9glable (Ergotec)<\/p>\n<p><strong>Pourquoi l&#8217;\u00e9dition Plus?<\/strong><\/p>\n<p>Plus de confort. Plus de s\u00e9curit\u00e9. Plus de plaisir \u00e0 conduire.<br \/>\nAvec le nouveau DailyDrive Plus, nous \u00e9levons notre v\u00e9lo \u00e9lectrique \u00e9prouv\u00e9 \u00e0 un niveau sup\u00e9rieur.<br \/>\nPour tous ceux qui souhaitent se d\u00e9placer au quotidien de mani\u00e8re non seulement efficace, mais aussi particuli\u00e8rement confortable et s\u00fbre.<br \/>\nQue ce soit sur le chemin du travail ou lors d&#8217;une excursion le week-end, le mod\u00e8le Plus vous offre une am\u00e9lioration sensible de l&#8217;\u00e9quipement et de la sensation de conduite.<\/p>\n","protected":false},"excerpt":{"rendered":"<p><strong>Contenu de l&#8217;\u00e9dition Plus:<\/strong><br \/>\n\u2713 <strong>Autonomie de la batterie jusqu&#8217;\u00e0 120 km<\/strong><br \/>\n\u2713 <strong>Batterie lithium-ion de 720 Wh<\/strong><br \/>\n\u2713 <strong>Couple de 100 Nm<\/strong><br \/>\n\u2713 <strong>Check-up gratuit* de 500 km<\/strong><br \/>\n\u2713 <strong>Montage final &amp; assurance qualit\u00e9 \u00e0 Lucerne, Suisse<\/strong><\/p>\n<p>+ <strong>Antivol de cadre AXA<\/strong><br \/>\n+ <strong>Cha\u00eene \u00e0 encastrer AXA<\/strong><br \/>\n+ <strong>Potence r\u00e9glable Ergotec<\/strong><br \/>\n+ <strong>Lampe avant Litemove avec fonction feu de route<\/strong><br \/>\n+ <strong>Feu arri\u00e8re Glow avec feu stop int\u00e9gr\u00e9<\/strong><br \/>\n+ <strong>Tige de selle sur ressorts Ergotec &#8211; jusqu&#8217;\u00e0 100 kg<\/strong><\/p>\n<p>&#8211;&gt; <strong><span style=\"color: #339966;\">Remarque:<\/span><\/strong> indiquer le poids sous &#8220;Remarques sur la commande&#8221;,<br \/>\nsinon la tige de selle standard (SP4.1) sera install\u00e9e. &#8211; Pas d&#8217;\u00e9change possible.<\/p>\n","protected":false},"featured_media":42622,"template":"","meta":{"_acf_changed":false,"_kad_blocks_custom_css":"","_kad_blocks_head_custom_js":"","_kad_blocks_body_custom_js":"","_kad_blocks_footer_custom_js":"","_kad_post_transparent":"default","_kad_post_title":"","_kad_post_layout":"default","_kad_post_sidebar_id":"","_kad_post_content_style":"default","_kad_post_vertical_padding":"default","_kad_post_feature":"","_kad_post_feature_position":"","_kad_post_header":false,"_kad_post_footer":false,"_kad_post_classname":"","wds_primary_product_brand":0,"wds_primary_product_cat":0},"product_brand":[],"product_cat":[934,51],"product_tag":[],"class_list":{"0":"post-37731","1":"product","2":"type-product","3":"status-publish","4":"has-post-thumbnail","6":"product_cat-dailydrive","7":"product_cat-velo-electrique","8":"product_shipping_class-expedition-velo","10":"first","11":"instock","12":"sale","13":"taxable","14":"shipping-taxable","15":"purchasable","16":"product-type-variable","17":"has-default-attributes","18":"entry","19":"content-bg","20":"loop-entry"},"bundled_by":[],"bundle_stock_status":"instock","bundle_stock_quantity":null,"bundle_virtual":false,"bundle_layout":"","bundle_add_to_cart_form_location":"","bundle_editable_in_cart":false,"bundle_sold_individually_context":"","bundle_item_grouping":"","bundle_min_size":"","bundle_max_size":"","bundle_price":[],"bundled_items":[],"bundle_sell_ids":[],"acf":[],"taxonomy_info":{"product_cat":[{"value":934,"label":"DailyDrive"},{"value":51,"label":"V\u00e9lo \u00e9lectrique"}]},"featured_image_src_large":["https:\/\/aureusdrive.ch\/wp-content\/uploads\/2026\/03\/DailyDrive-Plus-Hoch-Kette-Weiss-1024x1024.jpg",1024,1024,true],"author_info":[],"comment_info":"","_links":{"self":[{"href":"https:\/\/aureusdrive.ch\/fr\/wp-json\/wp\/v2\/product\/37731","targetHints":{"allow":["GET"]}}],"collection":[{"href":"https:\/\/aureusdrive.ch\/fr\/wp-json\/wp\/v2\/product"}],"about":[{"href":"https:\/\/aureusdrive.ch\/fr\/wp-json\/wp\/v2\/types\/product"}],"wp:featuredmedia":[{"embeddable":true,"href":"https:\/\/aureusdrive.ch\/fr\/wp-json\/wp\/v2\/media\/42622"}],"wp:attachment":[{"href":"https:\/\/aureusdrive.ch\/fr\/wp-json\/wp\/v2\/media?parent=37731"}],"wp:term":[{"taxonomy":"product_brand","embeddable":true,"href":"https:\/\/aureusdrive.ch\/fr\/wp-json\/wp\/v2\/product_brand?post=37731"},{"taxonomy":"product_cat","embeddable":true,"href":"https:\/\/aureusdrive.ch\/fr\/wp-json\/wp\/v2\/product_cat?post=37731"},{"taxonomy":"product_tag","embeddable":true,"href":"https:\/\/aureusdrive.ch\/fr\/wp-json\/wp\/v2\/product_tag?post=37731"}],"curies":[{"name":"wp","href":"https:\/\/api.w.org\/{rel}","templated":true}]}}