{"id":38858,"date":"2025-07-03T13:31:09","date_gmt":"2025-07-03T11:31:09","guid":{"rendered":"https:\/\/aureusdrive.ch\/produkt\/e-bike-casque-aphrodite-vert-menthe-blanc\/"},"modified":"2025-07-18T10:34:43","modified_gmt":"2025-07-18T08:34:43","slug":"e-bike-casque-aphrodite-vert-menthe-blanc","status":"publish","type":"product","link":"https:\/\/aureusdrive.ch\/fr\/produit\/e-bike-casque-aphrodite-vert-menthe-blanc\/","title":{"rendered":"E-Bike Casque Aphrodite, vert menthe-blanc"},"content":{"rendered":"<p data-start=\"108\" data-end=\"249\"><strong data-start=\"108\" data-end=\"249\">D\u00e9couvrez notre casque Urban polyvalent &#8211; une combinaison \u00e9l\u00e9gante de s\u00e9curit\u00e9 et de design pour vos d\u00e9placements quotidiens en ville.<\/strong><\/p>\n<p data-start=\"251\" data-end=\"505\">Avec son look clair et moderne, ce casque donne parfaitement le pouls de la mobilit\u00e9 urbaine. D\u00e9velopp\u00e9 pour une s\u00e9curit\u00e9 maximale \u00e0 v\u00e9lo et en speed-pedelec,<br \/>\nil r\u00e9pond aux strictes normes NTA &#8211; pour un sentiment de s\u00e9curit\u00e9 \u00e0 chaque sortie.<\/p>\n<p data-start=\"507\" data-end=\"752\">Gr\u00e2ce \u00e0 ses variantes de couleurs voyantes et tendance, le casque assure la visibilit\u00e9 dans le trafic &#8211; sans faire de compromis sur le style.<br \/>\nLa visi\u00e8re frontale amovible conf\u00e8re non seulement une note sportive, mais peut aussi \u00eatre ajust\u00e9e de mani\u00e8re tout \u00e0 fait individuelle.<\/p>\n<p data-start=\"754\" data-end=\"965\">Le syst\u00e8me d&#8217;\u00e9clairage int\u00e9gr\u00e9 est un v\u00e9ritable point fort : l&#8217;\u00e9clairage avant, l&#8217;\u00e9clairage arri\u00e8re ainsi que les clignotants \u00e0 l&#8217;arri\u00e8re vous rendent parfaitement visible m\u00eame dans l&#8217;obscurit\u00e9 &#8211; facilement contr\u00f4lable \u00e0 l&#8217;aide de la t\u00e9l\u00e9commande fournie.<\/p>\n<p data-start=\"967\" data-end=\"1164\">Ce casque est plus qu&#8217;une simple protection &#8211; c&#8217;est une d\u00e9claration de mobilit\u00e9 intelligente avec du style.<br data-start=\"1056\" data-end=\"1059\" \/>Id\u00e9al pour tous ceux qui se d\u00e9placent en ville et qui attachent de l&#8217;importance au design, \u00e0 la fonction et \u00e0 la s\u00e9curit\u00e9.<\/p>\n","protected":false},"excerpt":{"rendered":"<p>Sp\u00e9cialement con\u00e7u pour les v\u00e9los \u00e9lectriques, il allie style, performance et fiabilit\u00e9 dans un design compact et moderne.<br \/>\nComprend les composants suivants :<\/p>\n<ul>\n<li>\u00c9clairage LED int\u00e9gr\u00e9<\/li>\n<li>Fonction feu clignotant<\/li>\n<li>Super l\u00e9ger (265 grammes)<\/li>\n<li>Confortable<\/li>\n<li>Multi Moul\u00e9<\/li>\n<\/ul>\n","protected":false},"featured_media":38841,"template":"","meta":{"_acf_changed":false,"_kad_blocks_custom_css":"","_kad_blocks_head_custom_js":"","_kad_blocks_body_custom_js":"","_kad_blocks_footer_custom_js":"","_kad_post_transparent":"default","_kad_post_title":"","_kad_post_layout":"default","_kad_post_sidebar_id":"","_kad_post_content_style":"default","_kad_post_vertical_padding":"default","_kad_post_feature":"","_kad_post_feature_position":"","_kad_post_header":false,"_kad_post_footer":false,"_kad_post_classname":"","wds_primary_product_brand":0,"wds_primary_product_cat":0},"product_brand":[],"product_cat":[927,928],"product_tag":[],"class_list":{"0":"post-38858","1":"product","2":"type-product","3":"status-publish","4":"has-post-thumbnail","6":"product_cat-accessoires","7":"product_cat-casque","8":"product_shipping_class-classe-dexpedition-accessoires","10":"first","11":"instock","12":"taxable","13":"shipping-taxable","14":"purchasable","15":"product-type-variable","16":"has-default-attributes","17":"entry","18":"content-bg","19":"loop-entry"},"bundled_by":[],"bundle_stock_status":"instock","bundle_stock_quantity":null,"bundle_virtual":false,"bundle_layout":"","bundle_add_to_cart_form_location":"","bundle_editable_in_cart":false,"bundle_sold_individually_context":"","bundle_item_grouping":"","bundle_min_size":"","bundle_max_size":"","bundle_price":[],"bundled_items":[],"bundle_sell_ids":[],"acf":[],"taxonomy_info":{"product_cat":[{"value":927,"label":"Accessoires"},{"value":928,"label":"Casques &amp; V\u00eatements"}]},"featured_image_src_large":["https:\/\/aureusdrive.ch\/wp-content\/uploads\/2025\/07\/Hplus-Fahrradhelm-Aphrodite-gruen-frontal-1024x1024.jpg",1024,1024,true],"author_info":[],"comment_info":"","_links":{"self":[{"href":"https:\/\/aureusdrive.ch\/fr\/wp-json\/wp\/v2\/product\/38858","targetHints":{"allow":["GET"]}}],"collection":[{"href":"https:\/\/aureusdrive.ch\/fr\/wp-json\/wp\/v2\/product"}],"about":[{"href":"https:\/\/aureusdrive.ch\/fr\/wp-json\/wp\/v2\/types\/product"}],"wp:featuredmedia":[{"embeddable":true,"href":"https:\/\/aureusdrive.ch\/fr\/wp-json\/wp\/v2\/media\/38841"}],"wp:attachment":[{"href":"https:\/\/aureusdrive.ch\/fr\/wp-json\/wp\/v2\/media?parent=38858"}],"wp:term":[{"taxonomy":"product_brand","embeddable":true,"href":"https:\/\/aureusdrive.ch\/fr\/wp-json\/wp\/v2\/product_brand?post=38858"},{"taxonomy":"product_cat","embeddable":true,"href":"https:\/\/aureusdrive.ch\/fr\/wp-json\/wp\/v2\/product_cat?post=38858"},{"taxonomy":"product_tag","embeddable":true,"href":"https:\/\/aureusdrive.ch\/fr\/wp-json\/wp\/v2\/product_tag?post=38858"}],"curies":[{"name":"wp","href":"https:\/\/api.w.org\/{rel}","templated":true}]}}