{"id":39599,"date":"2025-07-23T11:34:16","date_gmt":"2025-07-23T09:34:16","guid":{"rendered":"https:\/\/aureusdrive.ch\/?post_type=product&#038;p=39599"},"modified":"2025-10-29T14:11:02","modified_gmt":"2025-10-29T13:11:02","slug":"batterie-aureus-1440wh-powerdrive","status":"publish","type":"product","link":"https:\/\/aureusdrive.ch\/fr\/produit\/batterie-aureus-1440wh-powerdrive\/","title":{"rendered":"Batterie Aureus 1440Wh PowerDrive"},"content":{"rendered":"<p data-start=\"299\" data-end=\"524\">Vous roulez plus loin, plus souvent et avec une assistance compl\u00e8te ? Alors vous avez besoin d&#8217;une batterie de rechange qui tienne la route.<br data-start=\"396\" data-end=\"399\">La <strong data-start=\"403\" data-end=\"439\">batterie 1&#8217;440 Wh pour le PowerDrive<\/strong> est le concentr\u00e9 d&#8217;\u00e9nergie pour tous ceux qui veulent tirer le maximum de leur v\u00e9lo \u00e9lectrique. <\/p>\n<p data-start=\"526\" data-end=\"878\">\u00c9quip\u00e9e de <strong data-start=\"543\" data-end=\"561\">cellules Samsung<\/strong> de haute qualit\u00e9, cette batterie offre <strong data-start=\"596\" data-end=\"629\">une autonomie allant jusqu&#8217;\u00e0 200 km<\/strong> (selon le mode de conduite et le terrain) &#8211; id\u00e9ale pour les grands voyageurs, les longs trajets ou les randonn\u00e9es ambitieuses avec bagages ou remorque.<br data-start=\"765\" data-end=\"768\">Vous restez ind\u00e9pendant des points de charge et partez en toute confiance.<\/p>\n<p data-start=\"880\" data-end=\"1109\">La batterie se retire facilement, se change rapidement et se recharge en quelques heures. Parfait pour tous ceux qui appr\u00e9cient la <strong data-start=\"1004\" data-end=\"1044\">performance, la long\u00e9vit\u00e9 et la libert\u00e9<\/strong> &#8211; tout \u00e0 fait dans l&#8217;esprit de la qualit\u00e9 suisse d&#8217;AureusDrive. <\/p>\n<h3 data-start=\"1116\" data-end=\"1139\"><strong data-start=\"1120\" data-end=\"1139\">Convient pour quoi ?<\/strong><\/h3>\n<p data-start=\"1140\" data-end=\"1158\">Pour les personnes qui :<\/p>\n<ul data-start=\"1159\" data-end=\"1391\">\n<li data-start=\"1159\" data-end=\"1216\">\n<p data-start=\"1161\" data-end=\"1216\">souhaitez parcourir <strong data-start=\"1161\" data-end=\"1194\">de longues distances sans pause de chargement<\/strong> <\/p>\n<\/li>\n<li data-start=\"1217\" data-end=\"1279\">\n<p data-start=\"1219\" data-end=\"1279\">conduire souvent avec <strong data-start=\"1227\" data-end=\"1270\">une assistance \u00e9lev\u00e9e et une charge compl\u00e8te<\/strong> <\/p>\n<\/li>\n<li data-start=\"1280\" data-end=\"1326\">\n<p data-start=\"1282\" data-end=\"1326\">veulent utiliser le <strong data-start=\"1286\" data-end=\"1317\">PowerDrive de mani\u00e8re intensive<\/strong> <\/p>\n<\/li>\n<li data-start=\"1327\" data-end=\"1391\">\n<p data-start=\"1329\" data-end=\"1391\">miser sur une <strong data-start=\"1342\" data-end=\"1382\">fiabilit\u00e9 et une efficacit\u00e9 \u00e9nerg\u00e9tique<\/strong> maximales<\/p>\n<\/li>\n<\/ul>\n","protected":false},"excerpt":{"rendered":"<p><strong>Pourquoi une batterie suppl\u00e9mentaire ?<\/strong><\/p>\n<p>\u2713 <strong>Plus de port\u00e9e :<\/strong> doublez la distance que vous pouvez parcourir. Parfaites pour les longues randonn\u00e9es.<br \/>\n\u2713 <strong>Facilit\u00e9 d&#8217;installation :<\/strong> nos batteries suppl\u00e9mentaires sont sp\u00e9cialement con\u00e7ues pour les v\u00e9los \u00e9lectriques AureusDrive et s&#8217;installent sans effort et en toute s\u00e9curit\u00e9.<br \/>\n\u2713 <strong>Long\u00e9vit\u00e9 :<\/strong> fabriqu\u00e9es \u00e0 partir de mat\u00e9riaux de haute qualit\u00e9, nos batteries garantissent une longue dur\u00e9e de vie et des performances fiables.<\/p>\n<p>Augmentez votre autonomie avec nos batteries suppl\u00e9mentaires ! Nos batteries puissantes vous offrent la possibilit\u00e9 de voyager encore plus longtemps et de profiter de vos aventures sans interruption.<\/p>\n","protected":false},"featured_media":39596,"template":"","meta":{"_acf_changed":false,"_kad_blocks_custom_css":"","_kad_blocks_head_custom_js":"","_kad_blocks_body_custom_js":"","_kad_blocks_footer_custom_js":"","_kad_post_transparent":"","_kad_post_title":"","_kad_post_layout":"","_kad_post_sidebar_id":"","_kad_post_content_style":"","_kad_post_vertical_padding":"","_kad_post_feature":"","_kad_post_feature_position":"","_kad_post_header":false,"_kad_post_footer":false,"_kad_post_classname":"","wds_primary_product_brand":0,"wds_primary_product_cat":0},"product_brand":[],"product_cat":[927,930],"product_tag":[],"class_list":{"0":"post-39599","1":"product","2":"type-product","3":"status-publish","4":"has-post-thumbnail","6":"product_cat-accessoires","7":"product_cat-batterie","8":"product_shipping_class-classe-dexpedition-accessoires","10":"first","11":"instock","12":"taxable","13":"shipping-taxable","14":"purchasable","15":"product-type-simple","16":"entry","17":"content-bg","18":"loop-entry"},"bundled_by":[],"bundle_stock_status":"instock","bundle_stock_quantity":null,"bundle_virtual":false,"bundle_layout":"","bundle_add_to_cart_form_location":"","bundle_editable_in_cart":false,"bundle_sold_individually_context":"","bundle_item_grouping":"","bundle_min_size":"","bundle_max_size":"","bundle_price":[],"bundled_items":[],"bundle_sell_ids":[],"acf":[],"taxonomy_info":{"product_cat":[{"value":927,"label":"Accessoires"},{"value":930,"label":"Batteries"}]},"featured_image_src_large":["https:\/\/aureusdrive.ch\/wp-content\/uploads\/2025\/07\/1440wh-Batterie-AureusDrive-2-1024x1024.png",1024,1024,true],"author_info":[],"comment_info":"","_links":{"self":[{"href":"https:\/\/aureusdrive.ch\/fr\/wp-json\/wp\/v2\/product\/39599","targetHints":{"allow":["GET"]}}],"collection":[{"href":"https:\/\/aureusdrive.ch\/fr\/wp-json\/wp\/v2\/product"}],"about":[{"href":"https:\/\/aureusdrive.ch\/fr\/wp-json\/wp\/v2\/types\/product"}],"wp:featuredmedia":[{"embeddable":true,"href":"https:\/\/aureusdrive.ch\/fr\/wp-json\/wp\/v2\/media\/39596"}],"wp:attachment":[{"href":"https:\/\/aureusdrive.ch\/fr\/wp-json\/wp\/v2\/media?parent=39599"}],"wp:term":[{"taxonomy":"product_brand","embeddable":true,"href":"https:\/\/aureusdrive.ch\/fr\/wp-json\/wp\/v2\/product_brand?post=39599"},{"taxonomy":"product_cat","embeddable":true,"href":"https:\/\/aureusdrive.ch\/fr\/wp-json\/wp\/v2\/product_cat?post=39599"},{"taxonomy":"product_tag","embeddable":true,"href":"https:\/\/aureusdrive.ch\/fr\/wp-json\/wp\/v2\/product_tag?post=39599"}],"curies":[{"name":"wp","href":"https:\/\/api.w.org\/{rel}","templated":true}]}}