{"id":40973,"date":"2025-10-29T11:09:54","date_gmt":"2025-10-29T10:09:54","guid":{"rendered":"https:\/\/aureusdrive.ch\/produkt\/casque-pour-enfants-pluto-violet-matt\/"},"modified":"2025-10-29T11:09:54","modified_gmt":"2025-10-29T10:09:54","slug":"casque-pour-enfants-pluto-violet-matt","status":"publish","type":"product","link":"https:\/\/aureusdrive.ch\/fr\/produit\/casque-pour-enfants-pluto-violet-matt\/","title":{"rendered":"Casque pour enfants, Pluto, Violet Matt"},"content":{"rendered":"","protected":false},"excerpt":{"rendered":"<p>D\u00e9couvrez Pluto, la protection id\u00e9ale pour les plus petits d&#8217;entre nous. Ces protections haut de gamme ont \u00e9t\u00e9 con\u00e7ues en pensant \u00e0 la fois \u00e0 la s\u00e9curit\u00e9 et au confort.<br \/>\nPluto est disponible en deux couleurs flashy, ce qui vous permet de toujours avoir un choix qui s&#8217;accorde avec votre style. <\/p>\n<p>Ce qui rend cette protection vraiment unique, c&#8217;est le set d&#8217;autocollants fourni.<br \/>\nLes enfants peuvent ainsi personnaliser leur Pluto. Laissez libre cours \u00e0 votre cr\u00e9ativit\u00e9 et faites de vos protections une v\u00e9ritable d\u00e9claration personnelle. <\/p>\n<p>La Pluto est bien plus qu&#8217;un simple accessoire \u00e9l\u00e9gant. Il offre la meilleure protection que l&#8217;on puisse souhaiter, sans pour autant perdre en confort.<x id=\"gid_0\"><\/x>Parfait pour toutes les aventures, \u00e0 l&#8217;int\u00e9rieur comme \u00e0 l&#8217;ext\u00e9rieur. Optez pour Pluto et offrez \u00e0 votre enfant la protection qu&#8217;il m\u00e9rite, avec la libert\u00e9 de la personnaliser \u00e0 sa guise.  <\/p>\n<p>R\u00e9sistant \u00e0 l&#8217;usure<br \/>\nFacile \u00e0 entretenir<br \/>\nConfortable<br \/>\nMulti Moul\u00e9<\/p>\n<p>dans la couleur violet mat<\/p>\n","protected":false},"featured_media":40958,"template":"","meta":{"_acf_changed":false,"_kad_blocks_custom_css":"","_kad_blocks_head_custom_js":"","_kad_blocks_body_custom_js":"","_kad_blocks_footer_custom_js":"","_kad_post_transparent":"","_kad_post_title":"","_kad_post_layout":"","_kad_post_sidebar_id":"","_kad_post_content_style":"","_kad_post_vertical_padding":"","_kad_post_feature":"","_kad_post_feature_position":"","_kad_post_header":false,"_kad_post_footer":false,"_kad_post_classname":"","wds_primary_product_brand":0,"wds_primary_product_cat":0},"product_brand":[],"product_cat":[927,928],"product_tag":[],"class_list":{"0":"post-40973","1":"product","2":"type-product","3":"status-publish","4":"has-post-thumbnail","6":"product_cat-accessoires","7":"product_cat-casque","8":"product_shipping_class-classe-dexpedition-accessoires","10":"first","11":"instock","12":"taxable","13":"shipping-taxable","14":"purchasable","15":"product-type-variable","16":"has-default-attributes","17":"entry","18":"content-bg","19":"loop-entry"},"bundled_by":[],"bundle_stock_status":"instock","bundle_stock_quantity":null,"bundle_virtual":false,"bundle_layout":"","bundle_add_to_cart_form_location":"","bundle_editable_in_cart":false,"bundle_sold_individually_context":"","bundle_item_grouping":"","bundle_min_size":"","bundle_max_size":"","bundle_price":[],"bundled_items":[],"bundle_sell_ids":[],"acf":[],"taxonomy_info":{"product_cat":[{"value":927,"label":"Accessoires"},{"value":928,"label":"Casques &amp; V\u00eatements"}]},"featured_image_src_large":["https:\/\/aureusdrive.ch\/wp-content\/uploads\/2025\/10\/20754-PLUTO-Violet-Mat-XS.png",1024,1024,false],"author_info":[],"comment_info":"","_links":{"self":[{"href":"https:\/\/aureusdrive.ch\/fr\/wp-json\/wp\/v2\/product\/40973","targetHints":{"allow":["GET"]}}],"collection":[{"href":"https:\/\/aureusdrive.ch\/fr\/wp-json\/wp\/v2\/product"}],"about":[{"href":"https:\/\/aureusdrive.ch\/fr\/wp-json\/wp\/v2\/types\/product"}],"wp:featuredmedia":[{"embeddable":true,"href":"https:\/\/aureusdrive.ch\/fr\/wp-json\/wp\/v2\/media\/40958"}],"wp:attachment":[{"href":"https:\/\/aureusdrive.ch\/fr\/wp-json\/wp\/v2\/media?parent=40973"}],"wp:term":[{"taxonomy":"product_brand","embeddable":true,"href":"https:\/\/aureusdrive.ch\/fr\/wp-json\/wp\/v2\/product_brand?post=40973"},{"taxonomy":"product_cat","embeddable":true,"href":"https:\/\/aureusdrive.ch\/fr\/wp-json\/wp\/v2\/product_cat?post=40973"},{"taxonomy":"product_tag","embeddable":true,"href":"https:\/\/aureusdrive.ch\/fr\/wp-json\/wp\/v2\/product_tag?post=40973"}],"curies":[{"name":"wp","href":"https:\/\/api.w.org\/{rel}","templated":true}]}}