{"id":41030,"date":"2025-10-29T11:09:22","date_gmt":"2025-10-29T10:09:22","guid":{"rendered":"https:\/\/aureusdrive.ch\/produkt\/casque-de-velo-odin-gris-mat-jaune-fluorescent\/"},"modified":"2025-10-29T11:09:22","modified_gmt":"2025-10-29T10:09:22","slug":"casque-de-velo-odin-gris-mat-jaune-fluorescent","status":"publish","type":"product","link":"https:\/\/aureusdrive.ch\/fr\/produit\/casque-de-velo-odin-gris-mat-jaune-fluorescent\/","title":{"rendered":"Casque de v\u00e9lo Odin, gris mat-jaune fluorescent"},"content":{"rendered":"","protected":false},"excerpt":{"rendered":"<p>Pr\u00e9parez-vous \u00e0 votre prochaine aventure avec le casque Odin de Hplus. Ce casque n&#8217;est pas seulement un ajout \u00e9l\u00e9gant \u00e0 votre \u00e9quipement, il offre \u00e9galement la protection ultime dont vous avez besoin pour vous aventurer en toute s\u00e9curit\u00e9 dans la nature. <\/p>\n<p>Avec ses couleurs sportives, l&#8217;Odin se remarque dans n&#8217;importe quel environnement, tandis que la grille flexible \u00e0 l&#8217;avant vous prot\u00e8ge des \u00e9claboussures et autres \u00e9l\u00e9ments. Cette conception intelligente vous permet de vous concentrer sur la conduite sans \u00eatre distrait par des interf\u00e9rences ind\u00e9sirables. <\/p>\n<p>Le casque Odin est \u00e9quip\u00e9 d&#8217;un rembourrage \u00e9pais qui assure un bon ajustement et un grand confort. Cela signifie que vous n&#8217;avez pas \u00e0 faire de compromis en mati\u00e8re de confort et de s\u00e9curit\u00e9. <\/p>\n<p>Que vous rouliez sur des chemins cahoteux ou que vous gravissiez des pentes raides, ce casque est le compagnon id\u00e9al de votre exp\u00e9rience.<\/p>\n<p>Optez pour l&#8217;Odin et faites vous-m\u00eame la diff\u00e9rence. Prot\u00e9gez-vous de mani\u00e8re optimale et jouez avec la gravit\u00e9 comme jamais auparavant. Optez pour l&#8217;aventure, optez pour Odin.  <\/p>\n<p>Technique dans le moule<br \/>\nL\u00e9ger<br \/>\nRobuste<br \/>\nDesign unique<\/p>\n<p>dans la couleur gris mat-jaune fluorescent<\/p>\n","protected":false},"featured_media":41010,"template":"","meta":{"_acf_changed":false,"_kad_blocks_custom_css":"","_kad_blocks_head_custom_js":"","_kad_blocks_body_custom_js":"","_kad_blocks_footer_custom_js":"","_kad_post_transparent":"","_kad_post_title":"","_kad_post_layout":"","_kad_post_sidebar_id":"","_kad_post_content_style":"","_kad_post_vertical_padding":"","_kad_post_feature":"","_kad_post_feature_position":"","_kad_post_header":false,"_kad_post_footer":false,"_kad_post_classname":"","wds_primary_product_brand":0,"wds_primary_product_cat":0},"product_brand":[],"product_cat":[927,928],"product_tag":[],"class_list":{"0":"post-41030","1":"product","2":"type-product","3":"status-publish","4":"has-post-thumbnail","6":"product_cat-accessoires","7":"product_cat-casque","8":"product_shipping_class-classe-dexpedition-accessoires","10":"first","11":"instock","12":"taxable","13":"shipping-taxable","14":"purchasable","15":"product-type-variable","16":"has-default-attributes","17":"entry","18":"content-bg","19":"loop-entry"},"bundled_by":[],"bundle_stock_status":"instock","bundle_stock_quantity":null,"bundle_virtual":false,"bundle_layout":"","bundle_add_to_cart_form_location":"","bundle_editable_in_cart":false,"bundle_sold_individually_context":"","bundle_item_grouping":"","bundle_min_size":"","bundle_max_size":"","bundle_price":[],"bundled_items":[],"bundle_sell_ids":[],"acf":[],"taxonomy_info":{"product_cat":[{"value":927,"label":"Accessoires"},{"value":928,"label":"Casques &amp; V\u00eatements"}]},"featured_image_src_large":["https:\/\/aureusdrive.ch\/wp-content\/uploads\/2025\/10\/20740-ODIN-M.jpg",1024,1024,false],"author_info":[],"comment_info":"","_links":{"self":[{"href":"https:\/\/aureusdrive.ch\/fr\/wp-json\/wp\/v2\/product\/41030","targetHints":{"allow":["GET"]}}],"collection":[{"href":"https:\/\/aureusdrive.ch\/fr\/wp-json\/wp\/v2\/product"}],"about":[{"href":"https:\/\/aureusdrive.ch\/fr\/wp-json\/wp\/v2\/types\/product"}],"wp:featuredmedia":[{"embeddable":true,"href":"https:\/\/aureusdrive.ch\/fr\/wp-json\/wp\/v2\/media\/41010"}],"wp:attachment":[{"href":"https:\/\/aureusdrive.ch\/fr\/wp-json\/wp\/v2\/media?parent=41030"}],"wp:term":[{"taxonomy":"product_brand","embeddable":true,"href":"https:\/\/aureusdrive.ch\/fr\/wp-json\/wp\/v2\/product_brand?post=41030"},{"taxonomy":"product_cat","embeddable":true,"href":"https:\/\/aureusdrive.ch\/fr\/wp-json\/wp\/v2\/product_cat?post=41030"},{"taxonomy":"product_tag","embeddable":true,"href":"https:\/\/aureusdrive.ch\/fr\/wp-json\/wp\/v2\/product_tag?post=41030"}],"curies":[{"name":"wp","href":"https:\/\/api.w.org\/{rel}","templated":true}]}}