{"id":41079,"date":"2025-10-29T11:08:48","date_gmt":"2025-10-29T10:08:48","guid":{"rendered":"https:\/\/aureusdrive.ch\/produkt\/casque-de-velo-hexa-mocha-matt\/"},"modified":"2025-10-29T11:08:48","modified_gmt":"2025-10-29T10:08:48","slug":"casque-de-velo-hexa-mocha-matt","status":"publish","type":"product","link":"https:\/\/aureusdrive.ch\/fr\/produit\/casque-de-velo-hexa-mocha-matt\/","title":{"rendered":"Casque de v\u00e9lo Hexa, mocha matt"},"content":{"rendered":"","protected":false},"excerpt":{"rendered":"<p>Casque de v\u00e9lo Hexa &#8211; Design unique et confort ultral\u00e9ger<br \/>\nD\u00e9couvrez le casque de v\u00e9lo Hexa, qui allie style et fonctionnalit\u00e9. Avec son design unique et frappant et un choix de deux couleurs modernes, ce casque n&#8217;est pas seulement une protection pratique, mais aussi une d\u00e9claration de mode pour chaque cycliste. <\/p>\n<p>L&#8217;Hexa a \u00e9t\u00e9 con\u00e7u aussi bien pour les v\u00e9los traditionnels que pour les v\u00e9los \u00e9lectriques et convient donc parfaitement \u00e0 chaque sortie. Que vous p\u00e9daliez en ville ou que vous fassiez une balade d\u00e9contract\u00e9e, ce casque s&#8217;adapte \u00e0 vos besoins. <\/p>\n<p>Gr\u00e2ce \u00e0 sa l\u00e9g\u00e8ret\u00e9, vous ne sentirez presque pas que vous le portez, ce qui vous permettra de vous concentrer sur l&#8217;aventure qui vous attend.<\/p>\n<p>Avec son look sportif et son couplage magn\u00e9tique innovant, l&#8217;Hexa n&#8217;offre pas seulement la s\u00e9curit\u00e9, mais aussi la facilit\u00e9 d&#8217;utilisation. Vous pouvez mettre et enlever le casque rapidement et facilement, m\u00eame d&#8217;une seule main. <\/p>\n<p>Optez pour le casque de v\u00e9lo Hexa et d\u00e9couvrez la combinaison parfaite entre confort, style et s\u00e9curit\u00e9 pour toutes vos sorties \u00e0 v\u00e9lo !<\/p>\n<p>Super l\u00e9ger (265 grammes)<br \/>\nDesign unique<br \/>\nMulti Molded<\/p>\n<p>dans la couleur mocha mat<\/p>\n","protected":false},"featured_media":41035,"template":"","meta":{"_acf_changed":false,"_kad_blocks_custom_css":"","_kad_blocks_head_custom_js":"","_kad_blocks_body_custom_js":"","_kad_blocks_footer_custom_js":"","_kad_post_transparent":"","_kad_post_title":"","_kad_post_layout":"","_kad_post_sidebar_id":"","_kad_post_content_style":"","_kad_post_vertical_padding":"","_kad_post_feature":"","_kad_post_feature_position":"","_kad_post_header":false,"_kad_post_footer":false,"_kad_post_classname":"","wds_primary_product_brand":0,"wds_primary_product_cat":0},"product_brand":[],"product_cat":[927,928],"product_tag":[],"class_list":{"0":"post-41079","1":"product","2":"type-product","3":"status-publish","4":"has-post-thumbnail","6":"product_cat-accessoires","7":"product_cat-casque","8":"product_shipping_class-classe-dexpedition-accessoires","10":"first","11":"instock","12":"taxable","13":"shipping-taxable","14":"purchasable","15":"product-type-variable","16":"has-default-attributes","17":"entry","18":"content-bg","19":"loop-entry"},"bundled_by":[],"bundle_stock_status":"instock","bundle_stock_quantity":null,"bundle_virtual":false,"bundle_layout":"","bundle_add_to_cart_form_location":"","bundle_editable_in_cart":false,"bundle_sold_individually_context":"","bundle_item_grouping":"","bundle_min_size":"","bundle_max_size":"","bundle_price":[],"bundled_items":[],"bundle_sell_ids":[],"acf":[],"taxonomy_info":{"product_cat":[{"value":927,"label":"Accessoires"},{"value":928,"label":"Casques &amp; V\u00eatements"}]},"featured_image_src_large":["https:\/\/aureusdrive.ch\/wp-content\/uploads\/2025\/10\/20762-HEXA-Mountain-Ash-M.png",1024,1024,false],"author_info":[],"comment_info":"","_links":{"self":[{"href":"https:\/\/aureusdrive.ch\/fr\/wp-json\/wp\/v2\/product\/41079","targetHints":{"allow":["GET"]}}],"collection":[{"href":"https:\/\/aureusdrive.ch\/fr\/wp-json\/wp\/v2\/product"}],"about":[{"href":"https:\/\/aureusdrive.ch\/fr\/wp-json\/wp\/v2\/types\/product"}],"wp:featuredmedia":[{"embeddable":true,"href":"https:\/\/aureusdrive.ch\/fr\/wp-json\/wp\/v2\/media\/41035"}],"wp:attachment":[{"href":"https:\/\/aureusdrive.ch\/fr\/wp-json\/wp\/v2\/media?parent=41079"}],"wp:term":[{"taxonomy":"product_brand","embeddable":true,"href":"https:\/\/aureusdrive.ch\/fr\/wp-json\/wp\/v2\/product_brand?post=41079"},{"taxonomy":"product_cat","embeddable":true,"href":"https:\/\/aureusdrive.ch\/fr\/wp-json\/wp\/v2\/product_cat?post=41079"},{"taxonomy":"product_tag","embeddable":true,"href":"https:\/\/aureusdrive.ch\/fr\/wp-json\/wp\/v2\/product_tag?post=41079"}],"curies":[{"name":"wp","href":"https:\/\/api.w.org\/{rel}","templated":true}]}}