{"id":41169,"date":"2025-10-29T11:07:58","date_gmt":"2025-10-29T10:07:58","guid":{"rendered":"https:\/\/aureusdrive.ch\/produkt\/e-bike-casque-juno-rose-violet\/"},"modified":"2025-10-29T11:07:58","modified_gmt":"2025-10-29T10:07:58","slug":"e-bike-casque-juno-rose-violet","status":"publish","type":"product","link":"https:\/\/aureusdrive.ch\/fr\/produit\/e-bike-casque-juno-rose-violet\/","title":{"rendered":"E-Bike Casque Juno, rose-violet"},"content":{"rendered":"","protected":false},"excerpt":{"rendered":"<p>D\u00e9couvrez le casque Juno, l&#8217;ultime combinaison de style et de fonctionnalit\u00e9. Ce casque est le choix id\u00e9al aussi bien pour la conduite en ville que pour les activit\u00e9s de loisirs et convient parfaitement \u00e0 une utilisation sur un v\u00e9lo \u00e9lectrique. <\/p>\n<p>Avec son design l\u00e9ger, le Juno offre un confort incomparable, sans pour autant faire de compromis sur la s\u00e9curit\u00e9. Disponible en trois couleurs \u00e0 la mode, ce casque s&#8217;adapte \u00e0 toutes les tenues et \u00e0 toutes les occasions. <\/p>\n<p>La fermeture magn\u00e9tique s\u00fbre mais conviviale vous permet de mettre et d&#8217;enlever le casque rapidement et facilement.<br \/>\nDe plus, le casque Juno est pr\u00e9par\u00e9 pour les jours plus froids. Un kit sp\u00e9cial hiver s&#8217;int\u00e8gre facilement pour que vous puissiez profiter d&#8217;une conduite chaude et s\u00fbre m\u00eame en hiver. <\/p>\n<p>Optez pour le Juno et d\u00e9couvrez la nouvelle r\u00e9f\u00e9rence en mati\u00e8re de design de casque. S\u00e9curit\u00e9, style et polyvalence en un. <\/p>\n<p>Technique In-Mold<br \/>\nL\u00e9ger<br \/>\nConfortable<br \/>\nDesign unique<br \/>\nMulti Molded<\/p>\n<p>dans la couleur rose-violet<\/p>\n","protected":false},"featured_media":41143,"template":"","meta":{"_acf_changed":false,"_kad_blocks_custom_css":"","_kad_blocks_head_custom_js":"","_kad_blocks_body_custom_js":"","_kad_blocks_footer_custom_js":"","_kad_post_transparent":"","_kad_post_title":"","_kad_post_layout":"","_kad_post_sidebar_id":"","_kad_post_content_style":"","_kad_post_vertical_padding":"","_kad_post_feature":"","_kad_post_feature_position":"","_kad_post_header":false,"_kad_post_footer":false,"_kad_post_classname":"","wds_primary_product_brand":0,"wds_primary_product_cat":0},"product_brand":[],"product_cat":[927,928],"product_tag":[],"class_list":{"0":"post-41169","1":"product","2":"type-product","3":"status-publish","4":"has-post-thumbnail","6":"product_cat-accessoires","7":"product_cat-casque","8":"product_shipping_class-classe-dexpedition-accessoires","10":"first","11":"instock","12":"taxable","13":"shipping-taxable","14":"purchasable","15":"product-type-variable","16":"has-default-attributes","17":"entry","18":"content-bg","19":"loop-entry"},"bundled_by":[],"bundle_stock_status":"instock","bundle_stock_quantity":null,"bundle_virtual":false,"bundle_layout":"","bundle_add_to_cart_form_location":"","bundle_editable_in_cart":false,"bundle_sold_individually_context":"","bundle_item_grouping":"","bundle_min_size":"","bundle_max_size":"","bundle_price":[],"bundled_items":[],"bundle_sell_ids":[],"acf":[],"taxonomy_info":{"product_cat":[{"value":927,"label":"Accessoires"},{"value":928,"label":"Casques &amp; V\u00eatements"}]},"featured_image_src_large":["https:\/\/aureusdrive.ch\/wp-content\/uploads\/2025\/10\/20700-JUNO-Roos-Violet-M.png",1024,1024,false],"author_info":[],"comment_info":"","_links":{"self":[{"href":"https:\/\/aureusdrive.ch\/fr\/wp-json\/wp\/v2\/product\/41169","targetHints":{"allow":["GET"]}}],"collection":[{"href":"https:\/\/aureusdrive.ch\/fr\/wp-json\/wp\/v2\/product"}],"about":[{"href":"https:\/\/aureusdrive.ch\/fr\/wp-json\/wp\/v2\/types\/product"}],"wp:featuredmedia":[{"embeddable":true,"href":"https:\/\/aureusdrive.ch\/fr\/wp-json\/wp\/v2\/media\/41143"}],"wp:attachment":[{"href":"https:\/\/aureusdrive.ch\/fr\/wp-json\/wp\/v2\/media?parent=41169"}],"wp:term":[{"taxonomy":"product_brand","embeddable":true,"href":"https:\/\/aureusdrive.ch\/fr\/wp-json\/wp\/v2\/product_brand?post=41169"},{"taxonomy":"product_cat","embeddable":true,"href":"https:\/\/aureusdrive.ch\/fr\/wp-json\/wp\/v2\/product_cat?post=41169"},{"taxonomy":"product_tag","embeddable":true,"href":"https:\/\/aureusdrive.ch\/fr\/wp-json\/wp\/v2\/product_tag?post=41169"}],"curies":[{"name":"wp","href":"https:\/\/api.w.org\/{rel}","templated":true}]}}