{"id":41617,"date":"2025-11-13T16:28:51","date_gmt":"2025-11-13T15:28:51","guid":{"rendered":"https:\/\/aureusdrive.ch\/produkt\/bons-dachat-et-cheques-cadeaux-aureusdrive\/"},"modified":"2025-11-13T16:28:51","modified_gmt":"2025-11-13T15:28:51","slug":"bons-dachat-et-cheques-cadeaux-aureusdrive","status":"publish","type":"product","link":"https:\/\/aureusdrive.ch\/fr\/produit\/bons-dachat-et-cheques-cadeaux-aureusdrive\/","title":{"rendered":"Bons d&#8217;achat et ch\u00e8ques-cadeaux AureusDrive"},"content":{"rendered":"","protected":false},"excerpt":{"rendered":"<p data-start=\"237\" data-end=\"534\">Que ce soit pour un anniversaire, un jubil\u00e9 ou simplement pour faire plaisir, avec le bon cadeau AureusDrive, vous offrez le pur bonheur d&#8217;un v\u00e9lo \u00e9lectrique !<br \/>\nNos cartes cadeaux sont le cadeau id\u00e9al pour tous ceux qui appr\u00e9cient la mobilit\u00e9 durable, la qualit\u00e9 suisse et la sensation de conduite incomparable d&#8217;un v\u00e9lo \u00e9lectrique AureusDrive.<br data-start=\"356\" data-end=\"359\">Valable dans les magasins AureusDrive pour les services, les accessoires ou les v\u00e9los \u00e9lectriques \/ S-Pedelecs.<\/p>\n<p data-start=\"536\" data-end=\"551\"><strong data-start=\"536\" data-end=\"551\">Points forts :<\/strong><\/p>\n<ul data-start=\"552\" data-end=\"961\">\n<li data-start=\"552\" data-end=\"623\">\n<p data-start=\"554\" data-end=\"623\">Le cadeau id\u00e9al pour la famille, les amis ou les coll\u00e8gues<\/p>\n<\/li>\n<li data-start=\"624\" data-end=\"732\">\n<p data-start=\"626\" data-end=\"732\">Valable sur tous les produits et services, qu&#8217;il s&#8217;agisse de v\u00e9los \u00e9lectriques, d&#8217;accessoires, de pi\u00e8ces de rechange ou de prestations d&#8217;atelier.<\/p>\n<\/li>\n<li data-start=\"733\" data-end=\"805\">\n<p data-start=\"735\" data-end=\"805\">Disponible en diff\u00e9rents montants, selon vos besoins.<\/p>\n<\/li>\n<li data-start=\"806\" data-end=\"898\">\n<p data-start=\"808\" data-end=\"898\"><strong data-start=\"811\" data-end=\"834\">Con\u00e7u dans une optique durable : <\/strong>soutient la production locale et la mobilit\u00e9 respectueuse de l&#8217;environnement<\/p>\n<\/li>\n<li data-start=\"899\" data-end=\"961\">\n<p data-start=\"901\" data-end=\"961\"><strong data-start=\"904\" data-end=\"959\">Valable en ligne ou directement chez AureusDrive Lucerne, Wetzikon, Berne ou Lausanne.<\/strong><\/p>\n<\/li>\n<\/ul>\n<p data-start=\"963\" data-end=\"985\"><strong data-start=\"963\" data-end=\"985\">C&#8217;est ainsi que cela fonctionne :<\/strong><\/p>\n<ol data-start=\"986\" data-end=\"1127\">\n<li data-start=\"986\" data-end=\"1016\">\n<p data-start=\"989\" data-end=\"1016\">S\u00e9lectionnez le montant souhait\u00e9<\/p>\n<\/li>\n<li data-start=\"1017\" data-end=\"1068\">\n<p data-start=\"1020\" data-end=\"1068\">Recevoir un bon cadeau (par courrier ou directement sur place)<\/p>\n<\/li>\n<li data-start=\"1069\" data-end=\"1127\">\n<p data-start=\"1072\" data-end=\"1127\">Faire plaisir et offrir une mobilit\u00e9 durable<\/p>\n<\/li>\n<\/ol>\n<p data-start=\"1129\" data-end=\"1231\"><strong data-start=\"1129\" data-end=\"1141\">Remarque :<\/strong><br \/>\nla carte cadeau ne peut pas \u00eatre convertie en esp\u00e8ces et aucun paiement partiel n&#8217;est possible.<br data-start=\"1141\" data-end=\"1144\">Pour plus d&#8217;informations, veuillez consulter les conditions g\u00e9n\u00e9rales d&#8217;AureusDrive.<\/p>\n","protected":false},"featured_media":41605,"template":"","meta":{"_acf_changed":false,"_kad_blocks_custom_css":"","_kad_blocks_head_custom_js":"","_kad_blocks_body_custom_js":"","_kad_blocks_footer_custom_js":"","_kad_post_transparent":"","_kad_post_title":"","_kad_post_layout":"","_kad_post_sidebar_id":"","_kad_post_content_style":"","_kad_post_vertical_padding":"","_kad_post_feature":"","_kad_post_feature_position":"","_kad_post_header":false,"_kad_post_footer":false,"_kad_post_classname":"","wds_primary_product_brand":0,"wds_primary_product_cat":0},"product_brand":[],"product_cat":[927,932],"product_tag":[],"class_list":{"0":"post-41617","1":"product","2":"type-product","3":"status-publish","4":"has-post-thumbnail","6":"product_cat-accessoires","7":"product_cat-divers","8":"product_shipping_class-classe-dexpedition-modele-de-demonstration","10":"first","11":"instock","12":"taxable","13":"shipping-taxable","14":"purchasable","15":"product-type-variable","16":"has-default-attributes","17":"entry","18":"content-bg","19":"loop-entry"},"bundled_by":[],"bundle_stock_status":"instock","bundle_stock_quantity":null,"bundle_virtual":false,"bundle_layout":"","bundle_add_to_cart_form_location":"","bundle_editable_in_cart":false,"bundle_sold_individually_context":"","bundle_item_grouping":"","bundle_min_size":"","bundle_max_size":"","bundle_price":[],"bundled_items":[],"bundle_sell_ids":[],"acf":[],"taxonomy_info":{"product_cat":[{"value":927,"label":"Accessoires"},{"value":932,"label":"Divers"}]},"featured_image_src_large":["https:\/\/aureusdrive.ch\/wp-content\/uploads\/2025\/11\/Wertgutschein-100-CHF-1024x1024.jpg",1024,1024,true],"author_info":[],"comment_info":"","_links":{"self":[{"href":"https:\/\/aureusdrive.ch\/fr\/wp-json\/wp\/v2\/product\/41617","targetHints":{"allow":["GET"]}}],"collection":[{"href":"https:\/\/aureusdrive.ch\/fr\/wp-json\/wp\/v2\/product"}],"about":[{"href":"https:\/\/aureusdrive.ch\/fr\/wp-json\/wp\/v2\/types\/product"}],"wp:featuredmedia":[{"embeddable":true,"href":"https:\/\/aureusdrive.ch\/fr\/wp-json\/wp\/v2\/media\/41605"}],"wp:attachment":[{"href":"https:\/\/aureusdrive.ch\/fr\/wp-json\/wp\/v2\/media?parent=41617"}],"wp:term":[{"taxonomy":"product_brand","embeddable":true,"href":"https:\/\/aureusdrive.ch\/fr\/wp-json\/wp\/v2\/product_brand?post=41617"},{"taxonomy":"product_cat","embeddable":true,"href":"https:\/\/aureusdrive.ch\/fr\/wp-json\/wp\/v2\/product_cat?post=41617"},{"taxonomy":"product_tag","embeddable":true,"href":"https:\/\/aureusdrive.ch\/fr\/wp-json\/wp\/v2\/product_tag?post=41617"}],"curies":[{"name":"wp","href":"https:\/\/api.w.org\/{rel}","templated":true}]}}