{"id":42294,"date":"2026-02-26T14:12:01","date_gmt":"2026-02-26T13:12:01","guid":{"rendered":"https:\/\/aureusdrive.ch\/?post_type=product&#038;p=42294"},"modified":"2026-02-27T12:07:24","modified_gmt":"2026-02-27T11:07:24","slug":"powerdrive-edition-limitee","status":"publish","type":"product","link":"https:\/\/aureusdrive.ch\/fr\/produit\/powerdrive-edition-limitee\/","title":{"rendered":"<b>PowerDrive &#8211; \u00c9dition limit\u00e9e <\/b>"},"content":{"rendered":"","protected":false},"excerpt":{"rendered":"<p><strong>Le mod\u00e8le exclusif, limit\u00e9 \u00e0 50 pi\u00e8ces pour toute la Suisse, en bref : <\/strong><\/p>\n<p>\u2713 <strong>Cadre e-bike avec batterie int\u00e9gr\u00e9e<\/strong><br \/>\n\u2713 <strong>Moteur de moyeu arri\u00e8re AureusDrive puissant &amp; silencieux avec 1&#8217;000W<br \/>\n<\/strong>\u2713 <strong>Transmission Pinion Smart Shift C1.12i, Gates Carbon Drive<\/strong><strong><br \/>\n<\/strong>\u2713 <strong>Fonction clignotant int\u00e9gr\u00e9e<br \/>\n<\/strong>\u2713 <strong>Noble gravure du nombre de pi\u00e8ces sur le cadre<br \/>\n<\/strong>\u2713 <strong>Phare avant Supernova M99 Pro<br \/>\n<\/strong>\u2713 <strong>Batterie lithium-ion de 1&#8217;440 Wh<\/strong><strong><br \/>\n<\/strong>\u2713 <strong>Freinage moteur r\u00e9g\u00e9n\u00e9ratif, ainsi que lors de l&#8217;actionnement du frein pour une recharge pendant le trajet<br \/>\n<\/strong>\u2713 <strong>Montage complet &amp; assurance qualit\u00e9 \u00e0 Lucerne, Suisse<\/strong><\/p>\n","protected":false},"featured_media":42380,"template":"","meta":{"_acf_changed":false,"_kad_blocks_custom_css":"","_kad_blocks_head_custom_js":"","_kad_blocks_body_custom_js":"","_kad_blocks_footer_custom_js":"","_kad_post_transparent":"default","_kad_post_title":"","_kad_post_layout":"default","_kad_post_sidebar_id":"","_kad_post_content_style":"default","_kad_post_vertical_padding":"default","_kad_post_feature":"","_kad_post_feature_position":"","_kad_post_header":false,"_kad_post_footer":false,"_kad_post_classname":"","wds_primary_product_brand":0,"wds_primary_product_cat":0},"product_brand":[],"product_cat":[1067,51],"product_tag":[],"class_list":{"0":"post-42294","1":"product","2":"type-product","3":"status-publish","4":"has-post-thumbnail","6":"product_cat-powerdrive-fr","7":"product_cat-velo-electrique","8":"product_shipping_class-expedition-velo","10":"first","11":"instock","12":"taxable","13":"shipping-taxable","14":"purchasable","15":"product-type-variable","16":"has-default-attributes","17":"entry","18":"content-bg","19":"loop-entry"},"bundled_by":[],"bundle_stock_status":"instock","bundle_stock_quantity":null,"bundle_virtual":false,"bundle_layout":"","bundle_add_to_cart_form_location":"","bundle_editable_in_cart":false,"bundle_sold_individually_context":"","bundle_item_grouping":"","bundle_min_size":"","bundle_max_size":"","bundle_price":[],"bundled_items":[],"bundle_sell_ids":[],"acf":[],"taxonomy_info":{"product_cat":[{"value":1067,"label":"PowerDrive"},{"value":51,"label":"V\u00e9lo \u00e9lectrique"}]},"featured_image_src_large":["https:\/\/aureusdrive.ch\/wp-content\/uploads\/2026\/02\/PowerDrive-Tiefer-Einstieg-Blau-Riemen-1024x1024.jpg",1024,1024,true],"author_info":[],"comment_info":"","_links":{"self":[{"href":"https:\/\/aureusdrive.ch\/fr\/wp-json\/wp\/v2\/product\/42294","targetHints":{"allow":["GET"]}}],"collection":[{"href":"https:\/\/aureusdrive.ch\/fr\/wp-json\/wp\/v2\/product"}],"about":[{"href":"https:\/\/aureusdrive.ch\/fr\/wp-json\/wp\/v2\/types\/product"}],"wp:featuredmedia":[{"embeddable":true,"href":"https:\/\/aureusdrive.ch\/fr\/wp-json\/wp\/v2\/media\/42380"}],"wp:attachment":[{"href":"https:\/\/aureusdrive.ch\/fr\/wp-json\/wp\/v2\/media?parent=42294"}],"wp:term":[{"taxonomy":"product_brand","embeddable":true,"href":"https:\/\/aureusdrive.ch\/fr\/wp-json\/wp\/v2\/product_brand?post=42294"},{"taxonomy":"product_cat","embeddable":true,"href":"https:\/\/aureusdrive.ch\/fr\/wp-json\/wp\/v2\/product_cat?post=42294"},{"taxonomy":"product_tag","embeddable":true,"href":"https:\/\/aureusdrive.ch\/fr\/wp-json\/wp\/v2\/product_tag?post=42294"}],"curies":[{"name":"wp","href":"https:\/\/api.w.org\/{rel}","templated":true}]}}