{"id":13493,"date":"2022-12-29T15:22:02","date_gmt":"2022-12-29T14:22:02","guid":{"rendered":"https:\/\/neu.aureusdrive.ch\/produkt\/serratura-a-telaio-block-xxl-apertura-56-71-mm-chiave-rimovibile\/"},"modified":"2025-03-03T00:00:08","modified_gmt":"2025-03-02T23:00:08","slug":"telaio-blocco-xxl-apertura-56-71mm-chiave-rimuovibile","status":"publish","type":"product","link":"https:\/\/aureusdrive.ch\/it\/prodotto\/telaio-blocco-xxl-apertura-56-71mm-chiave-rimuovibile\/","title":{"rendered":"Blocco telaio, BLOCK XXL"},"content":{"rendered":"<p>Il lucchetto AXA Block XXL \u00e8 un lucchetto di sicurezza di alta qualit\u00e0 che unisce una protezione ottimale contro i furti a una maggiore flessibilit\u00e0. Grazie alla sua apertura extra-larga, si adatta anche alle biciclette con parafanghi larghi, garantendo una presa sicura in qualsiasi situazione. Il grillo in acciaio temprato e il cilindro antitrapano offrono la massima sicurezza, mentre la manopola di controllo ergonomica garantisce una facile gestione. Inoltre, il lucchetto consente l&#8217;utilizzo di una catena ULC a innesto, che pu\u00f2 essere inserita lateralmente per fissare la bicicletta a un oggetto fisso.<\/p>\n","protected":false},"excerpt":{"rendered":"<ul>\n<li>Livello di sicurezza: 12<\/li>\n<li>Colore: nero<\/li>\n<li>Peso: 640 g<\/li>\n<li>Numero di tasti: 2<\/li>\n<li>Lunghezza: 160 mm<\/li>\n<li>Larghezza: 155 mm<\/li>\n<li>Altezza: 30 mm<\/li>\n<li>Materiale: Grilletto e alloggiamento della serratura in acciaio temprato<\/li>\n<li>Larghezza &#8211; apertura: 56\/71 mm<\/li>\n<li><strong>Accessori opzionali: <a href=\"https:\/\/aureusdrive.ch\/it\/prodotto\/einsteckkette-ulc-130-block-xxl-dicke-oe-5-5-mm-glied10-mm-l-130-cm-black\/\" rel=\"\">catena di inserimento<\/a><\/strong><\/li>\n<li><strong>Importante:<\/strong> per il <strong>montaggio su una e-bike\/bike esistente<\/strong>, \u00e8 necessario il set di montaggio <strong><a href=\"https:\/\/aureusdrive.ch\/it\/prodotto\/set-di-montaggio-flex-mount-universale-per-tutti-i-frame-lock\/\">AXA, FLEX MOUNT Universal<\/a>, se non gi\u00e0 disponibile.<\/strong><\/li>\n<\/ul>\n","protected":false},"featured_media":33144,"template":"","meta":{"_acf_changed":false,"_kad_blocks_custom_css":"","_kad_blocks_head_custom_js":"","_kad_blocks_body_custom_js":"","_kad_blocks_footer_custom_js":"","_kad_post_transparent":"default","_kad_post_title":"","_kad_post_layout":"default","_kad_post_sidebar_id":"","_kad_post_content_style":"default","_kad_post_vertical_padding":"default","_kad_post_feature":"","_kad_post_feature_position":"","_kad_post_header":false,"_kad_post_footer":false,"_kad_post_classname":"","wds_primary_product_brand":0,"wds_primary_product_cat":0},"product_brand":[],"product_cat":[936,100,942,941],"product_tag":[],"class_list":{"0":"post-13493","1":"product","2":"type-product","3":"status-publish","4":"has-post-thumbnail","6":"product_cat-accessori","7":"product_cat-accessori-per-e-bike","8":"product_cat-opzioni-di-modifica","9":"product_cat-varie","10":"product_shipping_class-accessori-di-classe-di-spedizione","12":"first","13":"instock","14":"taxable","15":"shipping-taxable","16":"purchasable","17":"product-type-simple","18":"entry","19":"content-bg","20":"loop-entry"},"bundled_by":[],"bundle_stock_status":"instock","bundle_stock_quantity":71,"bundle_virtual":false,"bundle_layout":"","bundle_add_to_cart_form_location":"","bundle_editable_in_cart":false,"bundle_sold_individually_context":"","bundle_item_grouping":"","bundle_min_size":"","bundle_max_size":"","bundle_price":[],"bundled_items":[],"bundle_sell_ids":[],"acf":[],"taxonomy_info":{"product_cat":[{"value":936,"label":"Accessori"},{"value":100,"label":"Accessori per e-bike"},{"value":942,"label":"Opzioni di modifica"},{"value":941,"label":"Varie"}]},"featured_image_src_large":["https:\/\/aureusdrive.ch\/wp-content\/uploads\/2022\/12\/AXA-Block-XXL-1024x1024.webp",1024,1024,true],"author_info":[],"comment_info":"","_links":{"self":[{"href":"https:\/\/aureusdrive.ch\/it\/wp-json\/wp\/v2\/product\/13493","targetHints":{"allow":["GET"]}}],"collection":[{"href":"https:\/\/aureusdrive.ch\/it\/wp-json\/wp\/v2\/product"}],"about":[{"href":"https:\/\/aureusdrive.ch\/it\/wp-json\/wp\/v2\/types\/product"}],"wp:featuredmedia":[{"embeddable":true,"href":"https:\/\/aureusdrive.ch\/it\/wp-json\/wp\/v2\/media\/33144"}],"wp:attachment":[{"href":"https:\/\/aureusdrive.ch\/it\/wp-json\/wp\/v2\/media?parent=13493"}],"wp:term":[{"taxonomy":"product_brand","embeddable":true,"href":"https:\/\/aureusdrive.ch\/it\/wp-json\/wp\/v2\/product_brand?post=13493"},{"taxonomy":"product_cat","embeddable":true,"href":"https:\/\/aureusdrive.ch\/it\/wp-json\/wp\/v2\/product_cat?post=13493"},{"taxonomy":"product_tag","embeddable":true,"href":"https:\/\/aureusdrive.ch\/it\/wp-json\/wp\/v2\/product_tag?post=13493"}],"curies":[{"name":"wp","href":"https:\/\/api.w.org\/{rel}","templated":true}]}}