{"id":17098,"date":"2023-02-15T11:47:57","date_gmt":"2023-02-15T10:47:57","guid":{"rendered":"https:\/\/aureusdrive.ch\/produkt\/pneumatico-schwalbe-marathon-365-700x38c-classic-comfort\/"},"modified":"2024-12-03T08:54:49","modified_gmt":"2024-12-03T07:54:49","slug":"schwalbe-pneumatici-maratona-365-700x38c-classic-comfort","status":"publish","type":"product","link":"https:\/\/aureusdrive.ch\/it\/prodotto\/schwalbe-pneumatici-maratona-365-700x38c-classic-comfort\/","title":{"rendered":"Pneumatico Schwalbe Marathon 365 700x38C Classic-Comfort"},"content":{"rendered":"<p>Il Marathon 365 \u00e8 lo pneumatico perfetto per tutte le stagioni per i modelli Classic e Comfort, ideale per i ciclisti che sono in giro con qualsiasi tempo. Con una misura di 28\u2033 (40-622) e un peso di soli 820 g, questo pneumatico offre prestazioni e comfort eccezionali per l&#8217;uso quotidiano. Grazie al disegno del battistrada a lamelle appositamente sviluppato, il Marathon 365 garantisce anche una buona aderenza e un controllo affidabile in condizioni di freddo, bagnato e neve. Lo pneumatico \u00e8 dotato della collaudata protezione antiforatura GreenGuard, che offre una buona protezione contro gli oggetti appuntiti e riduce al minimo il rischio di forature. La resistente mescola Addix Four Season offre una forte aderenza e flessibilit\u00e0, anche a temperature estreme. Con una capacit\u00e0 di carico fino a 100 kg e un intervallo di pressione di 2,5-5,5 bar (35-80 psi), il Marathon 365 \u00e8 robusto, versatile e durevole.  <\/p>\n","protected":false},"excerpt":{"rendered":"<ul>\n<li>Adatto ai modelli Classic e Comfort<\/li>\n<li>Applicazione: Pneumatici per tutte le stagioni<\/li>\n<li>Dimensioni: 28\u2033 (40-622), 28&#215;1.50, 700x48C<\/li>\n<li>Protezione antiperforazione: Green Guard<\/li>\n<li>Materiale: Mescola del battistrada Addix Four Season<\/li>\n<li>Capacit\u00e0 di carico: Fino a 100 kg di capacit\u00e0 di carico<\/li>\n<li>Intervallo di pressione: 2,5-5,5 bar (35-80 psi)<\/li>\n<li>Peso: 820 g<\/li>\n<li>Colore: nero con strisce riflettenti<\/li>\n<li><span class=\"properties-label\">Guarnizione: <\/span>Tubo<\/li>\n<\/ul>\n","protected":false},"featured_media":33051,"template":"","meta":{"_acf_changed":false,"_kad_blocks_custom_css":"","_kad_blocks_head_custom_js":"","_kad_blocks_body_custom_js":"","_kad_blocks_footer_custom_js":"","_kad_post_transparent":"default","_kad_post_title":"","_kad_post_layout":"default","_kad_post_sidebar_id":"","_kad_post_content_style":"default","_kad_post_vertical_padding":"default","_kad_post_feature":"","_kad_post_feature_position":"","_kad_post_header":false,"_kad_post_footer":false,"_kad_post_classname":"","wds_primary_product_brand":0,"wds_primary_product_cat":0},"product_brand":[],"product_cat":[936,100,938],"product_tag":[],"class_list":{"0":"post-17098","1":"product","2":"type-product","3":"status-publish","4":"has-post-thumbnail","6":"product_cat-accessori","7":"product_cat-accessori-per-e-bike","8":"product_cat-pneumatici","9":"product_shipping_class-accessori-di-classe-di-spedizione","11":"first","12":"instock","13":"taxable","14":"shipping-taxable","15":"purchasable","16":"product-type-simple","17":"entry","18":"content-bg","19":"loop-entry"},"bundled_by":[],"bundle_stock_status":"instock","bundle_stock_quantity":12,"bundle_virtual":false,"bundle_layout":"","bundle_add_to_cart_form_location":"","bundle_editable_in_cart":false,"bundle_sold_individually_context":"","bundle_item_grouping":"","bundle_min_size":"","bundle_max_size":"","bundle_price":[],"bundled_items":[],"bundle_sell_ids":[],"acf":[],"taxonomy_info":{"product_cat":[{"value":936,"label":"Accessori"},{"value":100,"label":"Accessori per e-bike"},{"value":938,"label":"Pneumatici"}]},"featured_image_src_large":["https:\/\/aureusdrive.ch\/wp-content\/uploads\/2023\/02\/Schwalbe-Pneu-Marathon-365-700x38C-Classic-Comfort-1024x1024.webp",1024,1024,true],"author_info":[],"comment_info":"","_links":{"self":[{"href":"https:\/\/aureusdrive.ch\/it\/wp-json\/wp\/v2\/product\/17098","targetHints":{"allow":["GET"]}}],"collection":[{"href":"https:\/\/aureusdrive.ch\/it\/wp-json\/wp\/v2\/product"}],"about":[{"href":"https:\/\/aureusdrive.ch\/it\/wp-json\/wp\/v2\/types\/product"}],"wp:featuredmedia":[{"embeddable":true,"href":"https:\/\/aureusdrive.ch\/it\/wp-json\/wp\/v2\/media\/33051"}],"wp:attachment":[{"href":"https:\/\/aureusdrive.ch\/it\/wp-json\/wp\/v2\/media?parent=17098"}],"wp:term":[{"taxonomy":"product_brand","embeddable":true,"href":"https:\/\/aureusdrive.ch\/it\/wp-json\/wp\/v2\/product_brand?post=17098"},{"taxonomy":"product_cat","embeddable":true,"href":"https:\/\/aureusdrive.ch\/it\/wp-json\/wp\/v2\/product_cat?post=17098"},{"taxonomy":"product_tag","embeddable":true,"href":"https:\/\/aureusdrive.ch\/it\/wp-json\/wp\/v2\/product_tag?post=17098"}],"curies":[{"name":"wp","href":"https:\/\/api.w.org\/{rel}","templated":true}]}}