{"id":27967,"date":"2024-03-27T10:02:16","date_gmt":"2024-03-27T09:02:16","guid":{"rendered":"https:\/\/aureusdrive.ch\/?post_type=product&#038;p=27967"},"modified":"2025-10-01T01:09:43","modified_gmt":"2025-09-30T23:09:43","slug":"classic","status":"publish","type":"product","link":"https:\/\/aureusdrive.ch\/it\/prodotto\/classic\/","title":{"rendered":"<b>Classic &#8211; Ingresso alto, trasmissione a catena<\/b>"},"content":{"rendered":"<h3>Il modello classic 2023 rivisto:<\/h3>\n<ul>\n<li>Con logo pi\u00f9 piccolo sul tubo obliquo<\/li>\n<li>Nuovo retrotreno che consente la conversione a ingranaggi al mozzo con cinghia dentata<\/li>\n<li>Cavi interni nella parte posteriore<\/li>\n<li>Tubo superiore migliorato per una maggiore stabilit\u00e0<\/li>\n<\/ul>\n<h3>Garanzia di 3 anni su tutti i componenti e sul telaio, escluse le parti soggette a usura. Consegna tramite corriere in tutta la Svizzera.<\/h3>\n<p>L&#8217;AureusDrive \u00e8 disponibile nelle versioni Classic45 e Classic25. I componenti sono gli stessi per entrambe le versioni, l&#8217;unica differenza \u00e8 il rapporto di trasmissione e la velocit\u00e0 massima a cui il motore vi supporta. Il modello Classic25 supporta una velocit\u00e0 massima di 25 km\/h e il modello Classic45 una velocit\u00e0 massima di 45 km\/h. La Classic45 richiede l&#8217;assicurazione obbligatoria contro terzi con numero giallo e almeno la patente di guida di classe M. Il Classic25 pu\u00f2 essere convertito in Classic45, o viceversa, in qualsiasi momento con un sovrapprezzo.<\/p>\n<h3>I freni a disco<\/h3>\n<p>I freni a disco idraulici del marchio Tektro, affidabili e di alta qualit\u00e0, si sono affermati sulle e-bike. Consentono una frenata sicura alle alte velocit\u00e0.<\/p>\n<h3>L&#8217;operazione<\/h3>\n<p>Un semplice comando a pressione consente di accendere le luci, cambiare l&#8217;assistenza e il display direttamente sul manubrio.<\/p>\n<h3>Il motore elettrico<\/h3>\n<p>500 watt di potenza di picco e fino a 100 Nm di coppia vi supportano durante le accelerazioni o le partenze in salita. Il motore \u00e8 dotato di un sensore di coppia che misura la forza del conducente e regola la potenza del motore in base a questa. In questo modo si ha la sensazione di guidare una bici normale con molto vento in coda. Inoltre, il motore \u00e8 dotato di un minimo, per cui \u00e8 possibile guidare anche senza batteria senza che il motore opponga molta resistenza.<\/p>\n<h3>Il circuito<\/h3>\n<p>AureusDrive utilizza un collaudato, semplice e robusto sistema di cambio Shimano Deore a 10 velocit\u00e0. Con un motore potente, le 10 marce sono ideali e permettono di conquistare qualsiasi salita.<\/p>\n<h3>Il display<\/h3>\n<p>Un display LCD da 2,1 pollici informa sul livello di assistenza, sui chilometri percorsi, sulla velocit\u00e0, sullo stato della batteria, sulla velocit\u00e0 media e molto altro ancora. Il display dispone anche di un&#8217;interfaccia USB che pu\u00f2 essere utilizzata per ricaricare il telefono.<\/p>\n<h3>La batteria<\/h3>\n<p>La potente batteria da 48V con 14Ah, integrata nel telaio e facile da rimuovere, consente un accumulo di energia di 672Wh. La batteria utilizza celle agli ioni di litio Samsung, robuste e durevoli. Con questa energia si possono percorrere tra i 40 e i 100 km, a seconda del livello di assistenza e della velocit\u00e0 di guida.<\/p>\n","protected":false},"excerpt":{"rendered":"<p>\u2713 <strong>Autonomia della batteria fino a 110 km<\/strong><br \/>\n\u2713 <strong>Assistenza alla pedalata in 5 fasi<br \/>\n<\/strong>\u2713 <strong>Servizio di check-up gratuito* per 500 km<br \/>\n<\/strong>\u2713 <strong>Assemblaggio finale e garanzia di qualit\u00e0 a Lucerna, Svizzera<br \/>\n<\/strong>\u2713 <strong>Batteria agli ioni di litio da 670 Wh<br \/>\n<\/strong>\u2713 <strong>Possibilit\u00e0 di upgrade\/downgrade successivo della velocit\u00e0 grazie all&#8217;opzione di conversione<\/strong><\/p>\n","protected":false},"featured_media":32958,"template":"","meta":{"_acf_changed":false,"_kad_blocks_custom_css":"","_kad_blocks_head_custom_js":"","_kad_blocks_body_custom_js":"","_kad_blocks_footer_custom_js":"","_kad_post_transparent":"default","_kad_post_title":"","_kad_post_layout":"default","_kad_post_sidebar_id":"","_kad_post_content_style":"default","_kad_post_vertical_padding":"default","_kad_post_feature":"","_kad_post_feature_position":"","_kad_post_header":false,"_kad_post_footer":false,"_kad_post_classname":"","wds_primary_product_brand":0,"wds_primary_product_cat":0},"product_brand":[],"product_cat":[110,925],"product_tag":[],"class_list":{"0":"post-27967","1":"product","2":"type-product","3":"status-publish","4":"has-post-thumbnail","6":"product_cat-bici-elettriche","7":"product_cat-classic_comfort-it","8":"product_shipping_class-spedizione-bicicletta","10":"first","11":"instock","12":"sale","13":"taxable","14":"shipping-taxable","15":"purchasable","16":"product-type-variable","17":"has-default-attributes","18":"entry","19":"content-bg","20":"loop-entry"},"bundled_by":[],"bundle_stock_status":"instock","bundle_stock_quantity":null,"bundle_virtual":false,"bundle_layout":"","bundle_add_to_cart_form_location":"","bundle_editable_in_cart":false,"bundle_sold_individually_context":"","bundle_item_grouping":"","bundle_min_size":"","bundle_max_size":"","bundle_price":[],"bundled_items":[],"bundle_sell_ids":[],"acf":[],"taxonomy_info":{"product_cat":[{"value":110,"label":"Bici elettriche"},{"value":925,"label":"Classic"}]},"featured_image_src_large":["https:\/\/aureusdrive.ch\/wp-content\/uploads\/2024\/03\/Classic-Kettenantrieb-Weiss-1024x1024.webp",1024,1024,true],"author_info":[],"comment_info":"","_links":{"self":[{"href":"https:\/\/aureusdrive.ch\/it\/wp-json\/wp\/v2\/product\/27967","targetHints":{"allow":["GET"]}}],"collection":[{"href":"https:\/\/aureusdrive.ch\/it\/wp-json\/wp\/v2\/product"}],"about":[{"href":"https:\/\/aureusdrive.ch\/it\/wp-json\/wp\/v2\/types\/product"}],"wp:featuredmedia":[{"embeddable":true,"href":"https:\/\/aureusdrive.ch\/it\/wp-json\/wp\/v2\/media\/32958"}],"wp:attachment":[{"href":"https:\/\/aureusdrive.ch\/it\/wp-json\/wp\/v2\/media?parent=27967"}],"wp:term":[{"taxonomy":"product_brand","embeddable":true,"href":"https:\/\/aureusdrive.ch\/it\/wp-json\/wp\/v2\/product_brand?post=27967"},{"taxonomy":"product_cat","embeddable":true,"href":"https:\/\/aureusdrive.ch\/it\/wp-json\/wp\/v2\/product_cat?post=27967"},{"taxonomy":"product_tag","embeddable":true,"href":"https:\/\/aureusdrive.ch\/it\/wp-json\/wp\/v2\/product_tag?post=27967"}],"curies":[{"name":"wp","href":"https:\/\/api.w.org\/{rel}","templated":true}]}}