{"id":28198,"date":"2024-03-27T14:07:07","date_gmt":"2024-03-27T13:07:07","guid":{"rendered":"https:\/\/aureusdrive.ch\/produkt\/supernova-m99-mini-pro45-universale-a-12-v\/"},"modified":"2024-11-14T09:50:49","modified_gmt":"2024-11-14T08:50:49","slug":"supernova-m99-mini-pro45-universale-a-12-v","status":"publish","type":"product","link":"https:\/\/aureusdrive.ch\/it\/prodotto\/supernova-m99-mini-pro45-universale-a-12-v\/","title":{"rendered":"Supernova M99 MINI PRO45, 12V Universale &#8211; 12V, con interruttore magnetico per gli abbaglianti"},"content":{"rendered":"<p>Come aggiornamento per i modelli Power45 dal 2023 in poi, il faro M99 Mini Pro 45 di Supernova offre prestazioni impressionanti in un design estremamente compatto.<br \/>\nCon un design pi\u00f9 piccolo del 50% e pi\u00f9 leggero del 40% rispetto al fratello maggiore M99, \u00e8 il faro S-pedelec pi\u00f9 piccolo al mondo e offre un&#8217;impressionante potenza luminosa di 1400 lumen e 280 lux nella luce abbagliante.<br \/>\nLa superficie dello specchio, appositamente sviluppata, riflette l&#8217;enorme quantit\u00e0 di luce proveniente da 10 LED automobilistici, creando un fascio luminoso che si estende per oltre 300 metri.<br \/>\nL&#8217;anabbagliante con 700 lumen e 250 lux garantisce la massima sicurezza a qualsiasi velocit\u00e0, il che \u00e8 particolarmente vantaggioso per le e-bike veloci fino a 45 km\/h.<br \/>\nIl faro ha una tensione di ingresso di 12 V DC e un consumo di energia compreso tra 8,6 e 16 W, a seconda della modalit\u00e0 di illuminazione.<br \/>\nLa lunghezza del cavo \u00e8 di 1450 mm, con un cavo aggiuntivo di 120 mm per il connettore dell&#8217;abbagliante.<br \/>\nCon dimensioni di 38,3 x 78,5 x 50,7 mm, il faro si integra perfettamente nel design della tua e-bike.<br \/>\nIl set comprende il supporto per pulsanti MSH22, mentre altri supporti sono disponibili come optional.<br \/>\nSupernova offre anche una garanzia del produttore di 3 anni, che sottolinea l&#8217;alta qualit\u00e0 e la durata di questo prodotto. <\/p>\n","protected":false},"excerpt":{"rendered":"<ul>\n<li>Anabbagliante: 700 lumen \/ 250 lux \/ 16 W<\/li>\n<li>Luce abbagliante: 1300 lumen \/ 270 lux \/ 8,6 W<\/li>\n<li>Tensione di ingresso: 12 V CC<\/li>\n<li>Consumo di energia: 8,6 \/ 16 W<\/li>\n<li>per biciclette elettriche fino a 45 km\/h<\/li>\n<li>Lunghezza del cavo 1450 mm<\/li>\n<li>Lunghezza del cavo fino alla spina dell&#8217;abbagliante 120 mm (lunghezza totale 332 mm)<\/li>\n<li>Dimensioni: 38,3 x 78,5 x 50,7 mm<\/li>\n<\/ul>\n","protected":false},"featured_media":32942,"template":"","meta":{"_acf_changed":false,"_kad_blocks_custom_css":"","_kad_blocks_head_custom_js":"","_kad_blocks_body_custom_js":"","_kad_blocks_footer_custom_js":"","_kad_post_transparent":"","_kad_post_title":"","_kad_post_layout":"","_kad_post_sidebar_id":"","_kad_post_content_style":"","_kad_post_vertical_padding":"","_kad_post_feature":"","_kad_post_feature_position":"","_kad_post_header":false,"_kad_post_footer":false,"_kad_post_classname":"","wds_primary_product_brand":0,"wds_primary_product_cat":0},"product_brand":[],"product_cat":[936,942,941],"product_tag":[],"class_list":{"0":"post-28198","1":"product","2":"type-product","3":"status-publish","4":"has-post-thumbnail","6":"product_cat-accessori","7":"product_cat-opzioni-di-modifica","8":"product_cat-varie","10":"first","11":"instock","12":"taxable","13":"shipping-taxable","14":"purchasable","15":"product-type-simple","16":"entry","17":"content-bg","18":"loop-entry"},"bundled_by":[],"bundle_stock_status":"instock","bundle_stock_quantity":7,"bundle_virtual":false,"bundle_layout":"","bundle_add_to_cart_form_location":"","bundle_editable_in_cart":false,"bundle_sold_individually_context":"","bundle_item_grouping":"","bundle_min_size":"","bundle_max_size":"","bundle_price":[],"bundled_items":[],"bundle_sell_ids":[],"acf":[],"taxonomy_info":{"product_cat":[{"value":936,"label":"Accessori"},{"value":942,"label":"Opzioni di modifica"},{"value":941,"label":"Varie"}]},"featured_image_src_large":["https:\/\/aureusdrive.ch\/wp-content\/uploads\/2024\/03\/Supernova-M99-MINI-PRO45-12V-Universal-1024x1024.webp",1024,1024,true],"author_info":[],"comment_info":"","_links":{"self":[{"href":"https:\/\/aureusdrive.ch\/it\/wp-json\/wp\/v2\/product\/28198","targetHints":{"allow":["GET"]}}],"collection":[{"href":"https:\/\/aureusdrive.ch\/it\/wp-json\/wp\/v2\/product"}],"about":[{"href":"https:\/\/aureusdrive.ch\/it\/wp-json\/wp\/v2\/types\/product"}],"wp:featuredmedia":[{"embeddable":true,"href":"https:\/\/aureusdrive.ch\/it\/wp-json\/wp\/v2\/media\/32942"}],"wp:attachment":[{"href":"https:\/\/aureusdrive.ch\/it\/wp-json\/wp\/v2\/media?parent=28198"}],"wp:term":[{"taxonomy":"product_brand","embeddable":true,"href":"https:\/\/aureusdrive.ch\/it\/wp-json\/wp\/v2\/product_brand?post=28198"},{"taxonomy":"product_cat","embeddable":true,"href":"https:\/\/aureusdrive.ch\/it\/wp-json\/wp\/v2\/product_cat?post=28198"},{"taxonomy":"product_tag","embeddable":true,"href":"https:\/\/aureusdrive.ch\/it\/wp-json\/wp\/v2\/product_tag?post=28198"}],"curies":[{"name":"wp","href":"https:\/\/api.w.org\/{rel}","templated":true}]}}