{"id":32144,"date":"2024-03-21T14:17:08","date_gmt":"2024-03-21T13:17:08","guid":{"rendered":"https:\/\/aureusdrive.ch\/produkt\/stelo-ergotec-swell-re-oe-254mm-120mm\/"},"modified":"2024-09-03T16:15:37","modified_gmt":"2024-09-03T14:15:37","slug":"stelo-ergotec-swell-re-oe-254mm-120mm","status":"publish","type":"product","link":"https:\/\/aureusdrive.ch\/it\/prodotto\/stelo-ergotec-swell-re-oe-254mm-120mm\/","title":{"rendered":"Stelo Ergotec SWELL-RE \u00f8 25,4mm, 120mm"},"content":{"rendered":"<p>Prova la massima stabilit\u00e0 e flessibilit\u00e0 con il nostro attacco manubrio Ahead estremamente robusto e regolabile in angolazione, realizzato in alluminio forgiato in 3D.<br \/>\nQuesto attacco manubrio offre un&#8217;eccellente combinazione di resistenza e adattabilit\u00e0, sviluppata appositamente per i ciclisti pi\u00f9 esigenti.<br \/>\nCon un morsetto a 4 bulloni, garantisce un fissaggio sicuro e affidabile del manubrio, mentre l&#8217;angolo regolabile ti permette di ottimizzare la posizione di guida in base alle tue esigenze.<br \/>\nL&#8217;attacco manubrio \u00e8 progettato per manubri con un diametro di 25,4 mm ed \u00e8 caratterizzato da un&#8217;altezza di serraggio di 45 mm.<br \/>\nL&#8217;apertura totale del morsetto facilita l&#8217;installazione e la regolazione, consentendoti di sostituire o regolare il manubrio con facilit\u00e0.<br \/>\nCon un raggio d&#8217;azione di 120 mm, l&#8217;attacco manubrio offre la lunghezza ideale per una posizione di guida comoda e stabile.     <\/p>\n","protected":false},"excerpt":{"rendered":"<ul>\n<li>Informazioni per manubri \u00f8 25,4 mm<\/li>\n<li>Livello di sicurezza: 6<\/li>\n<li>Altezza di serraggio: 45 mm<\/li>\n<li>Morsetto da aprire completamente<\/li>\n<li>Proiezione: 120 mm<\/li>\n<li>Materiale: AL 6061 T6<\/li>\n<li>Peso: da 320 g<\/li>\n<li>Angolo: -20\u00b0 &#8211; +40\u00b0<\/li>\n<\/ul>\n","protected":false},"featured_media":32962,"template":"","meta":{"_acf_changed":false,"_kad_blocks_custom_css":"","_kad_blocks_head_custom_js":"","_kad_blocks_body_custom_js":"","_kad_blocks_footer_custom_js":"","_kad_post_transparent":"","_kad_post_title":"","_kad_post_layout":"","_kad_post_sidebar_id":"","_kad_post_content_style":"","_kad_post_vertical_padding":"","_kad_post_feature":"","_kad_post_feature_position":"","_kad_post_header":false,"_kad_post_footer":false,"_kad_post_classname":"","wds_primary_product_brand":0,"wds_primary_product_cat":0},"product_brand":[],"product_cat":[936,100,942,941],"product_tag":[],"class_list":{"0":"post-32144","1":"product","2":"type-product","3":"status-publish","4":"has-post-thumbnail","6":"product_cat-accessori","7":"product_cat-accessori-per-e-bike","8":"product_cat-opzioni-di-modifica","9":"product_cat-varie","11":"first","12":"instock","13":"taxable","14":"shipping-taxable","15":"purchasable","16":"product-type-simple","17":"entry","18":"content-bg","19":"loop-entry"},"bundled_by":[],"bundle_stock_status":"instock","bundle_stock_quantity":6,"bundle_virtual":false,"bundle_layout":"","bundle_add_to_cart_form_location":"","bundle_editable_in_cart":false,"bundle_sold_individually_context":"","bundle_item_grouping":"","bundle_min_size":"","bundle_max_size":"","bundle_price":[],"bundled_items":[],"bundle_sell_ids":[],"acf":[],"taxonomy_info":{"product_cat":[{"value":936,"label":"Accessori"},{"value":100,"label":"Accessori per e-bike"},{"value":942,"label":"Opzioni di modifica"},{"value":941,"label":"Varie"}]},"featured_image_src_large":["https:\/\/aureusdrive.ch\/wp-content\/uploads\/2024\/03\/Vorbau-fuer-45-Km_h-1024x1024.webp",1024,1024,true],"author_info":[],"comment_info":"","_links":{"self":[{"href":"https:\/\/aureusdrive.ch\/it\/wp-json\/wp\/v2\/product\/32144","targetHints":{"allow":["GET"]}}],"collection":[{"href":"https:\/\/aureusdrive.ch\/it\/wp-json\/wp\/v2\/product"}],"about":[{"href":"https:\/\/aureusdrive.ch\/it\/wp-json\/wp\/v2\/types\/product"}],"wp:featuredmedia":[{"embeddable":true,"href":"https:\/\/aureusdrive.ch\/it\/wp-json\/wp\/v2\/media\/32962"}],"wp:attachment":[{"href":"https:\/\/aureusdrive.ch\/it\/wp-json\/wp\/v2\/media?parent=32144"}],"wp:term":[{"taxonomy":"product_brand","embeddable":true,"href":"https:\/\/aureusdrive.ch\/it\/wp-json\/wp\/v2\/product_brand?post=32144"},{"taxonomy":"product_cat","embeddable":true,"href":"https:\/\/aureusdrive.ch\/it\/wp-json\/wp\/v2\/product_cat?post=32144"},{"taxonomy":"product_tag","embeddable":true,"href":"https:\/\/aureusdrive.ch\/it\/wp-json\/wp\/v2\/product_tag?post=32144"}],"curies":[{"name":"wp","href":"https:\/\/api.w.org\/{rel}","templated":true}]}}