{"id":35746,"date":"2025-02-20T14:20:50","date_gmt":"2025-02-20T13:20:50","guid":{"rendered":"https:\/\/aureusdrive.ch\/produkt\/base-per-bicicletta-fidlock-twist\/"},"modified":"2025-02-20T14:20:50","modified_gmt":"2025-02-20T13:20:50","slug":"base-per-bicicletta-fidlock-twist","status":"publish","type":"product","link":"https:\/\/aureusdrive.ch\/it\/prodotto\/base-per-bicicletta-fidlock-twist\/","title":{"rendered":"Base per bicicletta Fidlock TWIST"},"content":{"rendered":"<h3 data-start=\"1426\" data-end=\"1505\"><strong data-start=\"1430\" data-end=\"1503\">Il sistema Fidlock TWIST &#8211; Rivoluzione magnetica per le borracce da bicicletta<\/strong><\/h3>\n<p data-start=\"1506\" data-end=\"1879\">Il <strong data-start=\"1510\" data-end=\"1534\">sistema Fidlock TWIST<\/strong> combina i vantaggi di una chiusura magnetica con un sicuro meccanismo di bloccaggio meccanico.<br \/>\nLa bottiglia viene semplicemente guidata alla <strong data-start=\"1662\" data-end=\"1676\">base TWIST<\/strong>, dove si sposta automaticamente in posizione grazie a forti magneti e si blocca meccanicamente.<br \/>\nBasta una semplice rotazione laterale per sganciarla: veloce, intuitiva e perfetta per ogni corsa.<\/p>\n<p data-start=\"1881\" data-end=\"2220\"><strong>Vantaggi:<\/strong><br data-start=\"1890\" data-end=\"1893\">\u2714 <strong data-start=\"1895\" data-end=\"1918\">Semplice e intuitivo: la<\/strong> borraccia si tiene saldamente e si sgancia in un attimo<br data-start=\"1972\" data-end=\"1975\">\u2714 <strong data-start=\"1977\" data-end=\"2013\">Non \u00e8 un classico portaborraccia:<\/strong> maggiore libert\u00e0 per i telai moderni<br data-start=\"2053\" data-end=\"2056\">\u2714 <strong data-start=\"2058\" data-end=\"2083\">Sicuro e affidabile:<\/strong> La borraccia rimane stabile e sicura anche su percorsi accidentati<br data-start=\"2135\" data-end=\"2138\">\u2714 <strong data-start=\"2140\" data-end=\"2168\">Combinazione versatile:<\/strong> funziona con tutte le basi e i connettori TWIST<\/p>\n<p data-start=\"2222\" data-end=\"2389\">Grazie all&#8217;intelligente tecnologia TWIST, afferrare e riporre la borraccia \u00e8 ancora pi\u00f9 comodo, cos\u00ec potrete concentrarvi completamente sul vostro viaggio!<\/p>\n<p data-start=\"125\" data-end=\"535\">Con la <strong data-start=\"133\" data-end=\"160\">base per bici Fidlock TWIST<\/strong>, il classico portaborraccia appartiene al passato!<br \/>\nQuesto sistema di montaggio compatto e piatto consente di integrare in modo sicuro e discreto le borracce TWIST nei telai delle biciclette.<br \/>\nLa base viene semplicemente fissata alle tradizionali boccole filettate del portaborraccia e garantisce che le borracce possano essere alloggiate senza problemi.<\/p>\n<p data-start=\"537\" data-end=\"859\">\u2705 <strong data-start=\"539\" data-end=\"566\">Design minimalista<\/strong> &#8211; poco visibile, ma massima funzionalit\u00e0<br data-start=\"607\" data-end=\"610\">\u2705 <strong data-start=\"612\" data-end=\"633\">Sistema senza gabbia<\/strong> per una maggiore flessibilit\u00e0 e risparmio di spazio<br data-start=\"674\" data-end=\"677\">\u2705 <strong data-start=\"679\" data-end=\"699\">Installazione semplice<\/strong> con fissaggio a vite sulle boccole filettate standard<br data-start=\"753\" data-end=\"756\">\u2705 <strong data-start=\"758\" data-end=\"773\" data-is-only-node=\"\">Ultraleggero<\/strong>, con soli 16 g<br data-start=\"786\" data-end=\"789\">\u2705 <strong data-start=\"791\" data-end=\"829\">Compatibile con tutti i moduli TWIST<\/strong> &#8211; possibilit\u00e0 illimitate<\/p>\n<p data-start=\"861\" data-end=\"880\"><strong data-start=\"861\" data-end=\"878\">Ambito di consegna:<\/strong><\/p>\n<ul data-start=\"881\" data-end=\"968\">\n<li data-start=\"881\" data-end=\"926\">Base per bicicletta Fidlock TWIST (viti incluse)<\/li>\n<li data-start=\"927\" data-end=\"968\">Istruzioni per l&#8217;uso sulla confezione<\/li>\n<\/ul>\n<p><strong>Nota:<br \/>\n<\/strong>Tutti i modelli DailyDrive, cos\u00ec come il modello Power45 &#8211; High Access, sono gi\u00e0 dotati di base quando vengono acquistati nuovi. Per tutti gli altri modelli \u00e8 necessario acquistare una base. <\/p>\n","protected":false},"excerpt":{"rendered":"<p data-start=\"125\" data-end=\"535\">Con la <strong data-start=\"133\" data-end=\"160\">base per bici Fidlock TWIST<\/strong>, il classico portaborraccia appartiene al passato!<br \/>\nQuesto sistema di montaggio compatto e piatto consente di integrare in modo sicuro e discreto le borracce TWIST nei telai delle biciclette.<br \/>\nLa base viene semplicemente fissata alle tradizionali boccole filettate del portaborraccia e garantisce che le borracce possano essere alloggiate senza problemi.<\/p>\n<p data-start=\"537\" data-end=\"859\">\u2705 <strong data-start=\"539\" data-end=\"566\">Design minimalista<\/strong> &#8211; poco visibile, ma massima funzionalit\u00e0<br data-start=\"607\" data-end=\"610\">\u2705 <strong data-start=\"612\" data-end=\"633\">Sistema senza gabbia<\/strong> per una maggiore flessibilit\u00e0 e risparmio di spazio<br data-start=\"674\" data-end=\"677\">\u2705 <strong data-start=\"679\" data-end=\"699\">Installazione semplice<\/strong> con fissaggio a vite sulle boccole filettate standard<br data-start=\"753\" data-end=\"756\">\u2705 <strong data-start=\"758\" data-end=\"773\" data-is-only-node=\"\">Ultraleggero<\/strong>, con soli 16 g<br data-start=\"786\" data-end=\"789\">\u2705 <strong data-start=\"791\" data-end=\"829\">Compatibile con tutti i moduli TWIST<\/strong> &#8211; possibilit\u00e0 illimitate<\/p>\n<p data-start=\"537\" data-end=\"859\"><strong>Nota:<br \/>\n<\/strong>Tutti i modelli DailyDrive e il modello Power45 &#8211; High Access sono gi\u00e0 dotati di base quando vengono acquistati nuovi.<br \/>\nPer tutti gli altri modelli e per il montaggio successivo \u00e8 necessaria una base.<\/p>\n","protected":false},"featured_media":35727,"template":"","meta":{"_acf_changed":false,"_kad_blocks_custom_css":"","_kad_blocks_head_custom_js":"","_kad_blocks_body_custom_js":"","_kad_blocks_footer_custom_js":"","_kad_post_transparent":"","_kad_post_title":"","_kad_post_layout":"","_kad_post_sidebar_id":"","_kad_post_content_style":"","_kad_post_vertical_padding":"","_kad_post_feature":"","_kad_post_feature_position":"","_kad_post_header":false,"_kad_post_footer":false,"_kad_post_classname":"","wds_primary_product_brand":0,"wds_primary_product_cat":0},"product_brand":[],"product_cat":[936,941],"product_tag":[],"class_list":{"0":"post-35746","1":"product","2":"type-product","3":"status-publish","4":"has-post-thumbnail","6":"product_cat-accessori","7":"product_cat-varie","8":"product_shipping_class-accessori-di-classe-di-spedizione","10":"first","11":"instock","12":"taxable","13":"shipping-taxable","14":"purchasable","15":"product-type-simple","16":"entry","17":"content-bg","18":"loop-entry"},"bundled_by":[],"bundle_stock_status":"instock","bundle_stock_quantity":null,"bundle_virtual":false,"bundle_layout":"","bundle_add_to_cart_form_location":"","bundle_editable_in_cart":false,"bundle_sold_individually_context":"","bundle_item_grouping":"","bundle_min_size":"","bundle_max_size":"","bundle_price":[],"bundled_items":[],"bundle_sell_ids":[],"acf":[],"taxonomy_info":{"product_cat":[{"value":936,"label":"Accessori"},{"value":941,"label":"Varie"}]},"featured_image_src_large":["https:\/\/aureusdrive.ch\/wp-content\/uploads\/2025\/02\/1103_dbd94355b89a772afd7b77d21b3b6f86.jpg",700,700,false],"author_info":[],"comment_info":"","_links":{"self":[{"href":"https:\/\/aureusdrive.ch\/it\/wp-json\/wp\/v2\/product\/35746","targetHints":{"allow":["GET"]}}],"collection":[{"href":"https:\/\/aureusdrive.ch\/it\/wp-json\/wp\/v2\/product"}],"about":[{"href":"https:\/\/aureusdrive.ch\/it\/wp-json\/wp\/v2\/types\/product"}],"wp:featuredmedia":[{"embeddable":true,"href":"https:\/\/aureusdrive.ch\/it\/wp-json\/wp\/v2\/media\/35727"}],"wp:attachment":[{"href":"https:\/\/aureusdrive.ch\/it\/wp-json\/wp\/v2\/media?parent=35746"}],"wp:term":[{"taxonomy":"product_brand","embeddable":true,"href":"https:\/\/aureusdrive.ch\/it\/wp-json\/wp\/v2\/product_brand?post=35746"},{"taxonomy":"product_cat","embeddable":true,"href":"https:\/\/aureusdrive.ch\/it\/wp-json\/wp\/v2\/product_cat?post=35746"},{"taxonomy":"product_tag","embeddable":true,"href":"https:\/\/aureusdrive.ch\/it\/wp-json\/wp\/v2\/product_tag?post=35746"}],"curies":[{"name":"wp","href":"https:\/\/api.w.org\/{rel}","templated":true}]}}