{"id":37516,"date":"2025-04-22T16:37:37","date_gmt":"2025-04-22T14:37:37","guid":{"rendered":"https:\/\/aureusdrive.ch\/?post_type=product&#038;p=37516"},"modified":"2026-04-01T20:33:57","modified_gmt":"2026-04-01T18:33:57","slug":"dailydrive-plus-ingresso-alto-trasmissione-a-cinghia","status":"publish","type":"product","link":"https:\/\/aureusdrive.ch\/it\/prodotto\/dailydrive-plus-ingresso-alto-trasmissione-a-cinghia\/","title":{"rendered":"<b>DailyDrive Plus &#8211; Ingresso alto, trasmissione a cinghia<\/b>"},"content":{"rendered":"<p><strong>Cosa comprende la versione Plus?<\/strong><\/p>\n<p>L&#8217;edizione DailyDrive Plus \u00e8 dotata di serie delle seguenti caratteristiche:<\/p>\n<p>\ud83d\udd12 Blocco telaio AXA con catena di inserimento<br \/>\n\ud83d\udca1 Luce anteriore Litemove con abbaglianti<br \/>\n\ud83d\udea6 Luce posteriore Glow con funzione di luce freno<br \/>\n\ud83e\ude91 Reggisella a sospensione (Ergotec) &#8211; fino a 100 kg<br \/>\n\ud83d\udee0 Attacco manubrio regolabile (Ergotec)<\/p>\n<p><strong>Perch\u00e9 l&#8217;edizione Plus?<\/strong><\/p>\n<p>Pi\u00f9 comfort. Pi\u00f9 sicurezza. Pi\u00f9 piacere di guida.<br \/>\nCon il nuovo DailyDrive Plus, portiamo la nostra collaudata e-bike a un altro livello.<br \/>\nPer tutti coloro che non vogliono solo essere efficienti, ma anche particolarmente comodi e sicuri negli spostamenti quotidiani.<br \/>\nChe si tratti di andare al lavoro o di fare un giro nel fine settimana, il modello Plus offre un notevole upgrade in termini di equipaggiamento e di esperienza di guida.<\/p>\n<p><strong>Quali sono le differenze tra DailyDrive e DailyDrive Plus Edition?<\/strong><\/p>\n<p>Rispetto al precedente DailyDrive, la versione Plus offre i seguenti aggiornamenti standard:<\/p>\n<p>Luce posteriore con sensore di accelerazione<\/p>\n<p>Faro anteriore Litemove con funzione abbagliante &#8211; maggiore visibilit\u00e0 e sicurezza al buio<\/p>\n<p>Reggisella a sospensione Ergotec, anche per carichi elevati (fino a 100 kg)<\/p>\n<p>Bloccaggio sicuro del telaio AXA con opzione di inserimento<\/p>\n<p>Attacco manubrio regolabile per una posizione di guida personalizzata<\/p>\n","protected":false},"excerpt":{"rendered":"<p>\u2713 <strong>Telaio per e-bike con batteria integrata<\/strong><br \/>\n\u2713 <strong>Autonomia della batteria fino a 120 km<br \/>\n<\/strong>\u2713 <strong>Installazione gratuita della base per bici Fidlock TWIST<br \/>\n<\/strong>\u2713 <strong>Assistenza alla pedalata a 5 livelli<br \/>\n<\/strong>\u2713 <strong>500 km check-up gratuito*<\/strong><br \/>\n\u2713 <strong>Batteria agli ioni di litio da 720 Wh<br \/>\n<\/strong>\u2713 <strong>Coppia di 100 Nm<\/strong><br \/>\n\u2713 <strong>Assemblaggio finale e controllo qualit\u00e0 a Lucerna, Svizzera<\/strong><\/p>\n<p>+ Blocco telaio AXA<br \/>\n+ Catena con inserto AXA<br \/>\n+ Attacco manubrio regolabile Ergotec<br \/>\n+ Luce anteriore Litemove con funzione abbagliante<br \/>\n+ Luce posteriore Glow con luce freno integrata<br \/>\n+ Reggisella a sospensione Ergotec &#8211; fino a 100 kg<\/p>\n<p>&#8211;&gt; <span style=\"color: #339966;\"><strong>Nota:<\/strong> <\/span>specificare il peso alla voce &#8220;Note per l&#8217;ordine&#8221;,<br \/>\naltrimenti verr\u00e0 montato il reggisella standard (SP4.1). &#8211; Scambio escluso.<\/p>\n","protected":false},"featured_media":42635,"template":"","meta":{"_acf_changed":false,"_kad_blocks_custom_css":"","_kad_blocks_head_custom_js":"","_kad_blocks_body_custom_js":"","_kad_blocks_footer_custom_js":"","_kad_post_transparent":"default","_kad_post_title":"","_kad_post_layout":"default","_kad_post_sidebar_id":"","_kad_post_content_style":"default","_kad_post_vertical_padding":"default","_kad_post_feature":"","_kad_post_feature_position":"","_kad_post_header":false,"_kad_post_footer":false,"_kad_post_classname":"","wds_primary_product_brand":0,"wds_primary_product_cat":0},"product_brand":[],"product_cat":[110,943],"product_tag":[],"class_list":{"0":"post-37516","1":"product","2":"type-product","3":"status-publish","4":"has-post-thumbnail","6":"product_cat-bici-elettriche","7":"product_cat-dailydrive-it","8":"product_shipping_class-spedizione-bicicletta","10":"first","11":"instock","12":"sale","13":"taxable","14":"shipping-taxable","15":"purchasable","16":"product-type-variable","17":"has-default-attributes","18":"entry","19":"content-bg","20":"loop-entry"},"bundled_by":[],"bundle_stock_status":"instock","bundle_stock_quantity":null,"bundle_virtual":false,"bundle_layout":"","bundle_add_to_cart_form_location":"","bundle_editable_in_cart":false,"bundle_sold_individually_context":"","bundle_item_grouping":"","bundle_min_size":"","bundle_max_size":"","bundle_price":[],"bundled_items":[],"bundle_sell_ids":[],"acf":[],"taxonomy_info":{"product_cat":[{"value":110,"label":"Bici elettriche"},{"value":943,"label":"DailyDrive"}]},"featured_image_src_large":["https:\/\/aureusdrive.ch\/wp-content\/uploads\/2026\/03\/DailyDrive-Plus-Hoch-Riemen-Weiss-1024x1024.jpg",1024,1024,true],"author_info":[],"comment_info":"","_links":{"self":[{"href":"https:\/\/aureusdrive.ch\/it\/wp-json\/wp\/v2\/product\/37516","targetHints":{"allow":["GET"]}}],"collection":[{"href":"https:\/\/aureusdrive.ch\/it\/wp-json\/wp\/v2\/product"}],"about":[{"href":"https:\/\/aureusdrive.ch\/it\/wp-json\/wp\/v2\/types\/product"}],"wp:featuredmedia":[{"embeddable":true,"href":"https:\/\/aureusdrive.ch\/it\/wp-json\/wp\/v2\/media\/42635"}],"wp:attachment":[{"href":"https:\/\/aureusdrive.ch\/it\/wp-json\/wp\/v2\/media?parent=37516"}],"wp:term":[{"taxonomy":"product_brand","embeddable":true,"href":"https:\/\/aureusdrive.ch\/it\/wp-json\/wp\/v2\/product_brand?post=37516"},{"taxonomy":"product_cat","embeddable":true,"href":"https:\/\/aureusdrive.ch\/it\/wp-json\/wp\/v2\/product_cat?post=37516"},{"taxonomy":"product_tag","embeddable":true,"href":"https:\/\/aureusdrive.ch\/it\/wp-json\/wp\/v2\/product_tag?post=37516"}],"curies":[{"name":"wp","href":"https:\/\/api.w.org\/{rel}","templated":true}]}}