{"id":38861,"date":"2025-07-03T13:31:09","date_gmt":"2025-07-03T11:31:09","guid":{"rendered":"https:\/\/aureusdrive.ch\/produkt\/casco-e-bike-afrodite-verde-menta-e-bianco\/"},"modified":"2025-07-18T10:39:25","modified_gmt":"2025-07-18T08:39:25","slug":"casco-e-bike-afrodite-verde-menta-e-bianco","status":"publish","type":"product","link":"https:\/\/aureusdrive.ch\/it\/prodotto\/casco-e-bike-afrodite-verde-menta-e-bianco\/","title":{"rendered":"Casco e-bike Afrodite, verde menta e bianco"},"content":{"rendered":"<p data-start=\"108\" data-end=\"249\"><strong data-start=\"108\" data-end=\"249\">Scoprite il nostro versatile casco urbano: l&#8217;elegante combinazione di sicurezza e design per i vostri spostamenti quotidiani in citt\u00e0.<\/strong><\/p>\n<p data-start=\"251\" data-end=\"505\">Con il suo look pulito e moderno, questo casco cattura perfettamente il polso della mobilit\u00e0 urbana. Sviluppato per la massima sicurezza in bicicletta e sul pedelec,<br \/>\nsoddisfa i severi standard NTA, per una sensazione di sicurezza ad ogni pedalata.<\/p>\n<p data-start=\"507\" data-end=\"752\">Grazie alle varianti di colore accattivanti e di tendenza, il casco garantisce la visibilit\u00e0 nel traffico, senza rinunciare allo stile.<br \/>\nIl frontalino rimovibile non solo aggiunge un tocco sportivo, ma pu\u00f2 anche essere regolato individualmente.<\/p>\n<p data-start=\"754\" data-end=\"965\">Il sistema di illuminazione integrato \u00e8 un vero e proprio fiore all&#8217;occhiello: la luce anteriore, la luce posteriore e gli indicatori di direzione posteriori vi rendono ben visibili anche al buio, comodamente controllabili con il telecomando in dotazione.<\/p>\n<p data-start=\"967\" data-end=\"1164\">Questo casco \u00e8 pi\u00f9 di una semplice protezione: \u00e8 una dichiarazione di mobilit\u00e0 intelligente e di stile.<br data-start=\"1056\" data-end=\"1059\" \/>Ideale per tutti coloro che sono in giro per la citt\u00e0 e apprezzano design, funzionalit\u00e0 e sicurezza.<\/p>\n","protected":false},"excerpt":{"rendered":"<p>Sviluppato appositamente per le e-bike, combina stile, prestazioni e affidabilit\u00e0 in un design compatto e moderno.<br \/>\nInclude i seguenti componenti:<\/p>\n<ul>\n<li>Illuminazione a LED integrata<\/li>\n<li>Funzione luce lampeggiante<\/li>\n<li>Super leggero (265 grammi)<\/li>\n<li>Confortevole<\/li>\n<li>Multi stampo<\/li>\n<\/ul>\n","protected":false},"featured_media":38842,"template":"","meta":{"_acf_changed":false,"_kad_blocks_custom_css":"","_kad_blocks_head_custom_js":"","_kad_blocks_body_custom_js":"","_kad_blocks_footer_custom_js":"","_kad_post_transparent":"default","_kad_post_title":"","_kad_post_layout":"default","_kad_post_sidebar_id":"","_kad_post_content_style":"default","_kad_post_vertical_padding":"default","_kad_post_feature":"","_kad_post_feature_position":"","_kad_post_header":false,"_kad_post_footer":false,"_kad_post_classname":"","wds_primary_product_brand":0,"wds_primary_product_cat":0},"product_brand":[],"product_cat":[936,937],"product_tag":[],"class_list":{"0":"post-38861","1":"product","2":"type-product","3":"status-publish","4":"has-post-thumbnail","6":"product_cat-accessori","7":"product_cat-caschi","8":"product_shipping_class-accessori-di-classe-di-spedizione","10":"first","11":"instock","12":"taxable","13":"shipping-taxable","14":"purchasable","15":"product-type-variable","16":"has-default-attributes","17":"entry","18":"content-bg","19":"loop-entry"},"bundled_by":[],"bundle_stock_status":"instock","bundle_stock_quantity":null,"bundle_virtual":false,"bundle_layout":"","bundle_add_to_cart_form_location":"","bundle_editable_in_cart":false,"bundle_sold_individually_context":"","bundle_item_grouping":"","bundle_min_size":"","bundle_max_size":"","bundle_price":[],"bundled_items":[],"bundle_sell_ids":[],"acf":[],"taxonomy_info":{"product_cat":[{"value":936,"label":"Accessori"},{"value":937,"label":"Caschi e abbigliamento"}]},"featured_image_src_large":["https:\/\/aureusdrive.ch\/wp-content\/uploads\/2025\/07\/Hplus-Fahrradhelm-Aphrodite-gruen-frontal-1024x1024.jpg",1024,1024,true],"author_info":[],"comment_info":"","_links":{"self":[{"href":"https:\/\/aureusdrive.ch\/it\/wp-json\/wp\/v2\/product\/38861","targetHints":{"allow":["GET"]}}],"collection":[{"href":"https:\/\/aureusdrive.ch\/it\/wp-json\/wp\/v2\/product"}],"about":[{"href":"https:\/\/aureusdrive.ch\/it\/wp-json\/wp\/v2\/types\/product"}],"wp:featuredmedia":[{"embeddable":true,"href":"https:\/\/aureusdrive.ch\/it\/wp-json\/wp\/v2\/media\/38842"}],"wp:attachment":[{"href":"https:\/\/aureusdrive.ch\/it\/wp-json\/wp\/v2\/media?parent=38861"}],"wp:term":[{"taxonomy":"product_brand","embeddable":true,"href":"https:\/\/aureusdrive.ch\/it\/wp-json\/wp\/v2\/product_brand?post=38861"},{"taxonomy":"product_cat","embeddable":true,"href":"https:\/\/aureusdrive.ch\/it\/wp-json\/wp\/v2\/product_cat?post=38861"},{"taxonomy":"product_tag","embeddable":true,"href":"https:\/\/aureusdrive.ch\/it\/wp-json\/wp\/v2\/product_tag?post=38861"}],"curies":[{"name":"wp","href":"https:\/\/api.w.org\/{rel}","templated":true}]}}