{"id":41027,"date":"2025-10-29T11:09:22","date_gmt":"2025-10-29T10:09:22","guid":{"rendered":"https:\/\/aureusdrive.ch\/produkt\/casco-da-bici-odin-grigio-opaco-giallo-fluorescente\/"},"modified":"2025-10-29T11:09:22","modified_gmt":"2025-10-29T10:09:22","slug":"casco-da-bici-odin-grigio-opaco-giallo-fluorescente","status":"publish","type":"product","link":"https:\/\/aureusdrive.ch\/it\/prodotto\/casco-da-bici-odin-grigio-opaco-giallo-fluorescente\/","title":{"rendered":"Casco da bici Odin, grigio opaco-giallo fluorescente"},"content":{"rendered":"","protected":false},"excerpt":{"rendered":"<p>Preparatevi per la vostra prossima avventura con il casco Odin di Hplus. Questo casco non \u00e8 solo un&#8217;aggiunta di stile alla vostra attrezzatura, ma fornisce anche la massima protezione di cui avete bisogno per avventurarvi in sicurezza nei grandi spazi aperti. <\/p>\n<p>Con i suoi colori sportivi, l&#8217;Odin si distingue in qualsiasi ambiente, mentre la griglia flessibile sul davanti vi protegge dagli spruzzi d&#8217;acqua e da altri elementi. Questo design intelligente garantisce che possiate concentrarvi sulla guida senza essere distratti da distrazioni indesiderate. <\/p>\n<p>Il casco Odin \u00e8 dotato di una spessa imbottitura che assicura una buona vestibilit\u00e0 e un elevato comfort di calzata. Ci\u00f2 significa che non dovrete scendere a compromessi quando si tratta di comfort e sicurezza. <\/p>\n<p>Che si tratti di percorrere sentieri accidentati o di affrontare pendii ripidi, questo casco \u00e8 il compagno ideale per la vostra avventura.<\/p>\n<p>Scegliete l&#8217;Odin e provate voi stessi la differenza. Proteggetevi in modo ottimale e giocate con la gravit\u00e0 come mai prima d&#8217;ora. Se cercate l&#8217;avventura, scegliete l&#8217;Odin.  <\/p>\n<p>Tecnologia in-mould<br \/>\nLeggero<br \/>\nRobusto<br \/>\nDesign unico<\/p>\n<p>nel colore grigio opaco-giallo fluorescente<\/p>\n","protected":false},"featured_media":41011,"template":"","meta":{"_acf_changed":false,"_kad_blocks_custom_css":"","_kad_blocks_head_custom_js":"","_kad_blocks_body_custom_js":"","_kad_blocks_footer_custom_js":"","_kad_post_transparent":"","_kad_post_title":"","_kad_post_layout":"","_kad_post_sidebar_id":"","_kad_post_content_style":"","_kad_post_vertical_padding":"","_kad_post_feature":"","_kad_post_feature_position":"","_kad_post_header":false,"_kad_post_footer":false,"_kad_post_classname":"","wds_primary_product_brand":0,"wds_primary_product_cat":0},"product_brand":[],"product_cat":[936,937],"product_tag":[],"class_list":{"0":"post-41027","1":"product","2":"type-product","3":"status-publish","4":"has-post-thumbnail","6":"product_cat-accessori","7":"product_cat-caschi","8":"product_shipping_class-accessori-di-classe-di-spedizione","10":"first","11":"instock","12":"taxable","13":"shipping-taxable","14":"purchasable","15":"product-type-variable","16":"has-default-attributes","17":"entry","18":"content-bg","19":"loop-entry"},"bundled_by":[],"bundle_stock_status":"instock","bundle_stock_quantity":null,"bundle_virtual":false,"bundle_layout":"","bundle_add_to_cart_form_location":"","bundle_editable_in_cart":false,"bundle_sold_individually_context":"","bundle_item_grouping":"","bundle_min_size":"","bundle_max_size":"","bundle_price":[],"bundled_items":[],"bundle_sell_ids":[],"acf":[],"taxonomy_info":{"product_cat":[{"value":936,"label":"Accessori"},{"value":937,"label":"Caschi e abbigliamento"}]},"featured_image_src_large":["https:\/\/aureusdrive.ch\/wp-content\/uploads\/2025\/10\/20740-ODIN-M.jpg",1024,1024,false],"author_info":[],"comment_info":"","_links":{"self":[{"href":"https:\/\/aureusdrive.ch\/it\/wp-json\/wp\/v2\/product\/41027","targetHints":{"allow":["GET"]}}],"collection":[{"href":"https:\/\/aureusdrive.ch\/it\/wp-json\/wp\/v2\/product"}],"about":[{"href":"https:\/\/aureusdrive.ch\/it\/wp-json\/wp\/v2\/types\/product"}],"wp:featuredmedia":[{"embeddable":true,"href":"https:\/\/aureusdrive.ch\/it\/wp-json\/wp\/v2\/media\/41011"}],"wp:attachment":[{"href":"https:\/\/aureusdrive.ch\/it\/wp-json\/wp\/v2\/media?parent=41027"}],"wp:term":[{"taxonomy":"product_brand","embeddable":true,"href":"https:\/\/aureusdrive.ch\/it\/wp-json\/wp\/v2\/product_brand?post=41027"},{"taxonomy":"product_cat","embeddable":true,"href":"https:\/\/aureusdrive.ch\/it\/wp-json\/wp\/v2\/product_cat?post=41027"},{"taxonomy":"product_tag","embeddable":true,"href":"https:\/\/aureusdrive.ch\/it\/wp-json\/wp\/v2\/product_tag?post=41027"}],"curies":[{"name":"wp","href":"https:\/\/api.w.org\/{rel}","templated":true}]}}