{"id":41120,"date":"2025-10-29T11:08:27","date_gmt":"2025-10-29T10:08:27","guid":{"rendered":"https:\/\/aureusdrive.ch\/produkt\/casco-juno-e-bike-grigio-opaco-giallo-fluorescente\/"},"modified":"2025-10-29T13:54:58","modified_gmt":"2025-10-29T12:54:58","slug":"casco-juno-e-bike-grigio-opaco-giallo-fluorescente","status":"publish","type":"product","link":"https:\/\/aureusdrive.ch\/it\/prodotto\/casco-juno-e-bike-grigio-opaco-giallo-fluorescente\/","title":{"rendered":"Casco Juno e-bike, grigio opaco-giallo fluorescente"},"content":{"rendered":"","protected":false},"excerpt":{"rendered":"<p>Scoprite il casco Juno, l&#8217;ultima combinazione di stile e funzionalit\u00e0. Questo casco \u00e8 la scelta ideale sia per le corse in citt\u00e0 che per le attivit\u00e0 del tempo libero ed \u00e8 perfetto per l&#8217;uso su una e-bike. <\/p>\n<p>Grazie al suo design leggero, il casco Juno offre un comfort ineguagliabile senza compromettere la sicurezza. Disponibile in tre colori alla moda, questo casco si abbina a ogni abbigliamento e a ogni occasione. <\/p>\n<p>La chiusura magnetica, sicura e facile da usare, permette di indossare e togliere il casco in modo semplice e veloce.<br \/>\nIl casco Juno \u00e8 preparato anche per le giornate pi\u00f9 fredde. Uno speciale kit invernale pu\u00f2 essere facilmente integrato in modo da poter godere di una guida calda e sicura anche in inverno. <\/p>\n<p>Scegliete Juno e sperimentate il nuovo punto di riferimento nel design dei caschi. Sicurezza, stile e versatilit\u00e0 in un unico prodotto. <\/p>\n<p>Tecnologia in-mould<br \/>\nLeggero<br \/>\nConfortevole<br \/>\nDesign unico<br \/>\nMulti-modellato<\/p>\n<p>nel colore grigio opaco-giallo fluorescente<\/p>\n","protected":false},"featured_media":41101,"template":"","meta":{"_acf_changed":false,"_kad_blocks_custom_css":"","_kad_blocks_head_custom_js":"","_kad_blocks_body_custom_js":"","_kad_blocks_footer_custom_js":"","_kad_post_transparent":"","_kad_post_title":"","_kad_post_layout":"","_kad_post_sidebar_id":"","_kad_post_content_style":"","_kad_post_vertical_padding":"","_kad_post_feature":"","_kad_post_feature_position":"","_kad_post_header":false,"_kad_post_footer":false,"_kad_post_classname":"","wds_primary_product_brand":0,"wds_primary_product_cat":0},"product_brand":[],"product_cat":[936,937],"product_tag":[],"class_list":{"0":"post-41120","1":"product","2":"type-product","3":"status-publish","4":"has-post-thumbnail","6":"product_cat-accessori","7":"product_cat-caschi","8":"product_shipping_class-accessori-di-classe-di-spedizione","10":"first","11":"instock","12":"taxable","13":"shipping-taxable","14":"purchasable","15":"product-type-variable","16":"has-default-attributes","17":"entry","18":"content-bg","19":"loop-entry"},"bundled_by":[],"bundle_stock_status":"instock","bundle_stock_quantity":null,"bundle_virtual":false,"bundle_layout":"","bundle_add_to_cart_form_location":"","bundle_editable_in_cart":false,"bundle_sold_individually_context":"","bundle_item_grouping":"","bundle_min_size":"","bundle_max_size":"","bundle_price":[],"bundled_items":[],"bundle_sell_ids":[],"acf":[],"taxonomy_info":{"product_cat":[{"value":936,"label":"Accessori"},{"value":937,"label":"Caschi e abbigliamento"}]},"featured_image_src_large":["https:\/\/aureusdrive.ch\/wp-content\/uploads\/2025\/10\/20704-JUNO-Matgrijs-fluogeel-M.jpg",1024,1024,false],"author_info":[],"comment_info":"","_links":{"self":[{"href":"https:\/\/aureusdrive.ch\/it\/wp-json\/wp\/v2\/product\/41120","targetHints":{"allow":["GET"]}}],"collection":[{"href":"https:\/\/aureusdrive.ch\/it\/wp-json\/wp\/v2\/product"}],"about":[{"href":"https:\/\/aureusdrive.ch\/it\/wp-json\/wp\/v2\/types\/product"}],"wp:featuredmedia":[{"embeddable":true,"href":"https:\/\/aureusdrive.ch\/it\/wp-json\/wp\/v2\/media\/41101"}],"wp:attachment":[{"href":"https:\/\/aureusdrive.ch\/it\/wp-json\/wp\/v2\/media?parent=41120"}],"wp:term":[{"taxonomy":"product_brand","embeddable":true,"href":"https:\/\/aureusdrive.ch\/it\/wp-json\/wp\/v2\/product_brand?post=41120"},{"taxonomy":"product_cat","embeddable":true,"href":"https:\/\/aureusdrive.ch\/it\/wp-json\/wp\/v2\/product_cat?post=41120"},{"taxonomy":"product_tag","embeddable":true,"href":"https:\/\/aureusdrive.ch\/it\/wp-json\/wp\/v2\/product_tag?post=41120"}],"curies":[{"name":"wp","href":"https:\/\/api.w.org\/{rel}","templated":true}]}}